{"id":4685,"date":"2022-11-14T14:51:07","date_gmt":"2022-11-14T13:51:07","guid":{"rendered":"https:\/\/antcube.shop\/produkt\/formicarienunterlage-40x6cm\/"},"modified":"2026-04-13T16:46:51","modified_gmt":"2026-04-13T14:46:51","slug":"formicarium-tyyny-40x6cm","status":"publish","type":"product","link":"https:\/\/antcube.shop\/fi\/tuote\/formicarium-tyyny-40x6cm\/","title":{"rendered":"Formicarium-tyyny - 40x6cm"},"content":{"rendered":"<p><strong>Mitat:<\/strong> 390 x 60 x 4mm<\/p>\n<p><strong>Materiaali:<\/strong> PE-vaahto<\/p>\n<p><strong>V\u00e4ri:<\/strong> harmaa<\/p>\n<p><strong>Sis\u00e4lt\u00f6:<\/strong> 1 kpl.<\/p>\n<p><strong>Kuvaus:<\/strong><br \/>\nFormicarium-tyyny on valmistettu pehme\u00e4st\u00e4 vaahtomateriaalista.<br \/>\nSe suojaa formikariumia sek\u00e4 huonekalua, jonka p\u00e4\u00e4ll\u00e4 formikarium seisoo, naarmuilta.<br \/>\nLis\u00e4ksi tyyny toimii l\u00e4mp\u00f6eristeen\u00e4, joka kompensoi pienimm\u00e4tkin ep\u00e4tasaisuudet ja suojaa my\u00f6s t\u00e4rin\u00e4lt\u00e4.<\/p>","protected":false},"excerpt":{"rendered":"<p>Mitat: Materiaali: 300 x 300 x 4mm: Materiaali: PE-vaahto V\u00e4ri: harmaa Sis\u00e4lt\u00f6: PE-vaahto 1 kpl. Kuvaus: Formicarium-tyyny on valmistettu pehme\u00e4st\u00e4 vaahtomuovimateriaalista. Se suojaa formikariumia sek\u00e4 huonekalua, jonka p\u00e4\u00e4ll\u00e4 formikarium seisoo, naarmuilta. Lis\u00e4ksi tyyny toimii l\u00e4mp\u00f6eristeen\u00e4 kompensoidakseen","protected":false},"featured_media":5095,"comment_status":"open","ping_status":"closed","template":"","meta":{"_acf_changed":false,"content-type":"","_monsterinsights_skip_tracking":false,"_monsterinsights_sitenote_active":false,"_monsterinsights_sitenote_note":"","_monsterinsights_sitenote_category":0},"product_brand":[],"product_cat":[239],"product_tag":[],"class_list":{"0":"post-4685","1":"product","2":"type-product","3":"status-publish","4":"has-post-thumbnail","6":"product_cat-useful-additions","8":"first","9":"instock","10":"taxable","11":"shipping-taxable","12":"purchasable","13":"product-type-simple"},"acf":[],"aioseo_notices":[],"jetpack_sharing_enabled":true,"_links":{"self":[{"href":"https:\/\/antcube.shop\/fi\/wp-json\/wp\/v2\/product\/4685","targetHints":{"allow":["GET"]}}],"collection":[{"href":"https:\/\/antcube.shop\/fi\/wp-json\/wp\/v2\/product"}],"about":[{"href":"https:\/\/antcube.shop\/fi\/wp-json\/wp\/v2\/types\/product"}],"replies":[{"embeddable":true,"href":"https:\/\/antcube.shop\/fi\/wp-json\/wp\/v2\/comments?post=4685"}],"wp:featuredmedia":[{"embeddable":true,"href":"https:\/\/antcube.shop\/fi\/wp-json\/wp\/v2\/media\/5095"}],"wp:attachment":[{"href":"https:\/\/antcube.shop\/fi\/wp-json\/wp\/v2\/media?parent=4685"}],"wp:term":[{"taxonomy":"product_brand","embeddable":true,"href":"https:\/\/antcube.shop\/fi\/wp-json\/wp\/v2\/product_brand?post=4685"},{"taxonomy":"product_cat","embeddable":true,"href":"https:\/\/antcube.shop\/fi\/wp-json\/wp\/v2\/product_cat?post=4685"},{"taxonomy":"product_tag","embeddable":true,"href":"https:\/\/antcube.shop\/fi\/wp-json\/wp\/v2\/product_tag?post=4685"}],"curies":[{"name":"wp","href":"https:\/\/api.w.org\/{rel}","templated":true}]}}