{"id":4681,"date":"2022-11-14T14:42:13","date_gmt":"2022-11-14T13:42:13","guid":{"rendered":"https:\/\/antcube.shop\/produkt\/antcube-rote-folie-40x20-selbstklebend\/"},"modified":"2025-10-19T04:49:11","modified_gmt":"2025-10-19T02:49:11","slug":"antcube-punainen-folio-40x20-itse-liimautuva","status":"publish","type":"product","link":"https:\/\/antcube.shop\/fi\/tuote\/antcube-punainen-folio-40x20-itse-liimautuva\/","title":{"rendered":"ANTCUBE - Punainen folio 40\u00d720 - itseliimautuva"},"content":{"rendered":"<p><strong>Mitat:<\/strong> 39x19cm<\/p>\n<p><strong>Materiaali:<\/strong> PVC<\/p>\n<p><strong>Kuvaus:<\/strong> Punaista l\u00e4pin\u00e4kyv\u00e4\u00e4 kalvoa k\u00e4ytet\u00e4\u00e4n antamaan muurahaisille maanalainen tunne. Siksi suosittelemme k\u00e4ytt\u00e4m\u00e4\u00e4n t\u00e4t\u00e4 tuotetta ainakin osittain pes\u00e4alueella. Muurahaisia voi kuitenkin tarkkailla hyvin pes\u00e4ss\u00e4. Tarkasti leikattu ANTCUBE \"Muurahaisfarmi 20x20cm S\/M\/L - seisova\".<\/p>","protected":false},"excerpt":{"rendered":"<p>Mitat: Materiaali: 29x29cm: Materiaali: PVC Kuvaus: PVC: Punainen l\u00e4pin\u00e4kyv\u00e4 kalvo antaa muurahaisille maanalaisen tunteen. Siksi suosittelemme k\u00e4ytt\u00e4m\u00e4\u00e4n t\u00e4t\u00e4 tuotetta ainakin osittain pes\u00e4alueella. Siit\u00e4 huolimatta voit tarkkailla muurahaisia hyvin pes\u00e4ss\u00e4. Tarkasti leikattu ANTCUBE \"Muurahaisfarmi 30x30cm S\/M\/L - seisova\". T\u00e4m\u00e4 suodatinkalvo<\/p>","protected":false},"featured_media":5108,"comment_status":"open","ping_status":"closed","template":"","meta":{"_acf_changed":false,"content-type":"","_monsterinsights_skip_tracking":false,"_monsterinsights_sitenote_active":false,"_monsterinsights_sitenote_note":"","_monsterinsights_sitenote_category":0},"product_brand":[],"product_cat":[239],"product_tag":[],"class_list":{"0":"post-4681","1":"product","2":"type-product","3":"status-publish","4":"has-post-thumbnail","6":"product_cat-useful-additions","8":"first","9":"outofstock","10":"taxable","11":"shipping-taxable","12":"purchasable","13":"product-type-simple"},"acf":[],"aioseo_notices":[],"jetpack_sharing_enabled":true,"_links":{"self":[{"href":"https:\/\/antcube.shop\/fi\/wp-json\/wp\/v2\/product\/4681","targetHints":{"allow":["GET"]}}],"collection":[{"href":"https:\/\/antcube.shop\/fi\/wp-json\/wp\/v2\/product"}],"about":[{"href":"https:\/\/antcube.shop\/fi\/wp-json\/wp\/v2\/types\/product"}],"replies":[{"embeddable":true,"href":"https:\/\/antcube.shop\/fi\/wp-json\/wp\/v2\/comments?post=4681"}],"wp:featuredmedia":[{"embeddable":true,"href":"https:\/\/antcube.shop\/fi\/wp-json\/wp\/v2\/media\/5108"}],"wp:attachment":[{"href":"https:\/\/antcube.shop\/fi\/wp-json\/wp\/v2\/media?parent=4681"}],"wp:term":[{"taxonomy":"product_brand","embeddable":true,"href":"https:\/\/antcube.shop\/fi\/wp-json\/wp\/v2\/product_brand?post=4681"},{"taxonomy":"product_cat","embeddable":true,"href":"https:\/\/antcube.shop\/fi\/wp-json\/wp\/v2\/product_cat?post=4681"},{"taxonomy":"product_tag","embeddable":true,"href":"https:\/\/antcube.shop\/fi\/wp-json\/wp\/v2\/product_tag?post=4681"}],"curies":[{"name":"wp","href":"https:\/\/api.w.org\/{rel}","templated":true}]}}