{"id":4679,"date":"2022-11-14T14:41:41","date_gmt":"2022-11-14T13:41:41","guid":{"rendered":"https:\/\/antcube.shop\/produkt\/lehmfarbe-beige-100ml\/"},"modified":"2026-04-13T10:48:42","modified_gmt":"2026-04-13T08:48:42","slug":"savimaali-beige-100ml","status":"publish","type":"product","link":"https:\/\/antcube.shop\/fi\/tuote\/savimaali-beige-100ml\/","title":{"rendered":"Savimaali - beige - 100ml"},"content":{"rendered":"<p><strong>M\u00e4\u00e4r\u00e4:<\/strong> 100ml<\/p>\n<p><strong>Kuvaus:<\/strong> T\u00e4m\u00e4 seos on myrkyt\u00f6n ja suhteellisen vedenkest\u00e4v\u00e4 kipsille ja betonille, mutta on muuten vesiliukoinen.<\/p>\n<p><strong>K\u00e4ytt\u00f6ohjeet:\u00a0<\/strong><br \/>\nSeos on k\u00e4ytt\u00f6valmis, ja se voidaan levitt\u00e4\u00e4 v\u00e4litt\u00f6m\u00e4sti siveltimell\u00e4 rappaukseen tai kevytbetoniin.<br \/>\n100 ml riitt\u00e4\u00e4 noin 1\/4 m\u00b2 kevytbetoniin tai 1\/2 m\u00b2 rappaukseen.<br \/>\nKosteana pintaan voidaan ripotella esimerkiksi hiekkaa, jolloin siit\u00e4 saadaan viel\u00e4kin luonnollisemman n\u00e4k\u00f6inen.<\/p>\n<p>&nbsp;<\/p>\n<p>&nbsp;<\/p>","protected":false},"excerpt":{"rendered":"<p>M\u00e4\u00e4r\u00e4: Kuvaus: 100ml: T\u00e4m\u00e4 seos on myrkyt\u00f6n ja suhteellisen vedenkest\u00e4v\u00e4 kipsille ja betonille, mutta on muuten vesiliukoinen. K\u00e4ytt\u00f6ohjeet: Seos on k\u00e4ytt\u00f6valmis ja se voidaan levitt\u00e4\u00e4 v\u00e4litt\u00f6m\u00e4sti siveltimell\u00e4 rappaukseen tai kevytbetoniin. 100 ml riitt\u00e4\u00e4 n. 1\/4m\u00b2 kevytbetoniin tai 1\/2m\u00b2 kipsiin. Kun","protected":false},"featured_media":5004,"comment_status":"open","ping_status":"closed","template":"","meta":{"_acf_changed":false,"content-type":"","_monsterinsights_skip_tracking":false,"_monsterinsights_sitenote_active":false,"_monsterinsights_sitenote_note":"","_monsterinsights_sitenote_category":0},"product_brand":[],"product_cat":[237],"product_tag":[],"class_list":{"0":"post-4679","1":"product","2":"type-product","3":"status-publish","4":"has-post-thumbnail","6":"product_cat-tools","8":"first","9":"instock","10":"taxable","11":"shipping-taxable","12":"purchasable","13":"product-type-simple"},"acf":[],"aioseo_notices":[],"jetpack_sharing_enabled":true,"_links":{"self":[{"href":"https:\/\/antcube.shop\/fi\/wp-json\/wp\/v2\/product\/4679","targetHints":{"allow":["GET"]}}],"collection":[{"href":"https:\/\/antcube.shop\/fi\/wp-json\/wp\/v2\/product"}],"about":[{"href":"https:\/\/antcube.shop\/fi\/wp-json\/wp\/v2\/types\/product"}],"replies":[{"embeddable":true,"href":"https:\/\/antcube.shop\/fi\/wp-json\/wp\/v2\/comments?post=4679"}],"wp:featuredmedia":[{"embeddable":true,"href":"https:\/\/antcube.shop\/fi\/wp-json\/wp\/v2\/media\/5004"}],"wp:attachment":[{"href":"https:\/\/antcube.shop\/fi\/wp-json\/wp\/v2\/media?parent=4679"}],"wp:term":[{"taxonomy":"product_brand","embeddable":true,"href":"https:\/\/antcube.shop\/fi\/wp-json\/wp\/v2\/product_brand?post=4679"},{"taxonomy":"product_cat","embeddable":true,"href":"https:\/\/antcube.shop\/fi\/wp-json\/wp\/v2\/product_cat?post=4679"},{"taxonomy":"product_tag","embeddable":true,"href":"https:\/\/antcube.shop\/fi\/wp-json\/wp\/v2\/product_tag?post=4679"}],"curies":[{"name":"wp","href":"https:\/\/api.w.org\/{rel}","templated":true}]}}