{"id":4678,"date":"2022-11-14T14:41:24","date_gmt":"2022-11-14T13:41:24","guid":{"rendered":"https:\/\/antcube.shop\/produkt\/klebefilm-glasklar\/"},"modified":"2026-04-13T09:29:49","modified_gmt":"2026-04-13T07:29:49","slug":"liimakalvo-kristallinkirkas","status":"publish","type":"product","link":"https:\/\/antcube.shop\/fi\/tuote\/liimakalvo-kristallinkirkas\/","title":{"rendered":"Liimakalvo kristallinkirkas"},"content":{"rendered":"<p><strong>Mitat (LxSxK):<\/strong> 10m x19 mm<\/p>\n<p><strong>Materiaali:<\/strong> polypropeeni<\/p>\n<p><strong>V\u00e4ri:<\/strong> kristallinkirkas \/ l\u00e4pin\u00e4kyv\u00e4<\/p>\n<p><strong>Sis\u00e4lt\u00f6:<\/strong><br \/>\n1x rulla liimakalvo<\/p>\n<p><strong>Kuvaus:<\/strong><br \/>\nIhanteellinen punaisen peitekalvon tai valokuvan taustasein\u00e4n kiinnitt\u00e4miseen formikariumiin.<br \/>\nKest\u00e4\u00e4 hyvin ik\u00e4\u00e4ntymist\u00e4, on eritt\u00e4in repim\u00e4t\u00f6n ja sill\u00e4 on vahva liimausvoima.<br \/>\nSoveltuu my\u00f6s lasilevyjen liimaamiseen toisiinsa.<\/p>\n<p><strong>Sovellus:<\/strong><br \/>\nTeippi voidaan leikata saksilla tai leikkuuveitsell\u00e4.<br \/>\nKiinnit\u00e4 suojakalvo tai valokuva takaisin formicarium-lasiin ja kiinnit\u00e4 se sitten teipill\u00e4.<\/p>","protected":false},"excerpt":{"rendered":"<p>Kuvaus: 1x rulla liimakalvo Kuvaus: 1x rulla liimakalvo: Ihanteellinen punaisen peitekalvon tai valokuvan takasein\u00e4n kiinnitt\u00e4miseen formikariumiin. Kest\u00e4\u00e4 hyvin vanhenemista, on eritt\u00e4in repim\u00e4t\u00f6n ja sill\u00e4 on vahva liimausvoima. Sopii my\u00f6s lasilevyjen liimaamiseen toisiinsa. Sovellus:","protected":false},"featured_media":5007,"comment_status":"open","ping_status":"closed","template":"","meta":{"_acf_changed":false,"content-type":"","_monsterinsights_skip_tracking":false,"_monsterinsights_sitenote_active":false,"_monsterinsights_sitenote_note":"","_monsterinsights_sitenote_category":0},"product_brand":[],"product_cat":[237],"product_tag":[],"class_list":{"0":"post-4678","1":"product","2":"type-product","3":"status-publish","4":"has-post-thumbnail","6":"product_cat-tools","8":"first","9":"instock","10":"taxable","11":"shipping-taxable","12":"purchasable","13":"product-type-simple"},"acf":[],"aioseo_notices":[],"jetpack_sharing_enabled":true,"_links":{"self":[{"href":"https:\/\/antcube.shop\/fi\/wp-json\/wp\/v2\/product\/4678","targetHints":{"allow":["GET"]}}],"collection":[{"href":"https:\/\/antcube.shop\/fi\/wp-json\/wp\/v2\/product"}],"about":[{"href":"https:\/\/antcube.shop\/fi\/wp-json\/wp\/v2\/types\/product"}],"replies":[{"embeddable":true,"href":"https:\/\/antcube.shop\/fi\/wp-json\/wp\/v2\/comments?post=4678"}],"wp:featuredmedia":[{"embeddable":true,"href":"https:\/\/antcube.shop\/fi\/wp-json\/wp\/v2\/media\/5007"}],"wp:attachment":[{"href":"https:\/\/antcube.shop\/fi\/wp-json\/wp\/v2\/media?parent=4678"}],"wp:term":[{"taxonomy":"product_brand","embeddable":true,"href":"https:\/\/antcube.shop\/fi\/wp-json\/wp\/v2\/product_brand?post=4678"},{"taxonomy":"product_cat","embeddable":true,"href":"https:\/\/antcube.shop\/fi\/wp-json\/wp\/v2\/product_cat?post=4678"},{"taxonomy":"product_tag","embeddable":true,"href":"https:\/\/antcube.shop\/fi\/wp-json\/wp\/v2\/product_tag?post=4678"}],"curies":[{"name":"wp","href":"https:\/\/api.w.org\/{rel}","templated":true}]}}