{"id":4675,"date":"2022-11-14T14:40:37","date_gmt":"2022-11-14T13:40:37","guid":{"rendered":"https:\/\/antcube.shop\/produkt\/zapfen-klein-20-stuck\/"},"modified":"2026-04-13T10:49:04","modified_gmt":"2026-04-13T08:49:04","slug":"kapyja-pienia-20-kpl","status":"publish","type":"product","link":"https:\/\/antcube.shop\/fi\/tuote\/kapyja-pienia-20-kpl\/","title":{"rendered":"k\u00e4pyj\u00e4 - pieni\u00e4 - 20 kpl"},"content":{"rendered":"<p><strong>Mitat (LxSxK):<\/strong> noin 20 x 10 x 10 mm<\/p>\n<p><strong>Materiaali:<\/strong> lepp\u00e4kartio - luonnontuote<\/p>\n<p><strong>V\u00e4ri:<\/strong> Tummanruskeasta mustaan<\/p>\n<p><strong>Kuvaus:<\/strong> Kuivatut k\u00e4pyj\u00e4 koristetarkoituksiin<\/p>\n<p><strong>Huom:<\/strong> Koska kyseess\u00e4 on luonnontuote, koko, muoto ja v\u00e4ri voivat poiketa hieman kuvasta.<\/p>","protected":false},"excerpt":{"rendered":"<p><strong>Koko:<\/strong>\u00a020 x 10 x 10 mm<\/p>","protected":false},"featured_media":5016,"comment_status":"open","ping_status":"closed","template":"","meta":{"_acf_changed":false,"content-type":"","_monsterinsights_skip_tracking":false,"_monsterinsights_sitenote_active":false,"_monsterinsights_sitenote_note":"","_monsterinsights_sitenote_category":0},"product_brand":[],"product_cat":[98,101],"product_tag":[],"class_list":{"0":"post-4675","1":"product","2":"type-product","3":"status-publish","4":"has-post-thumbnail","6":"product_cat-decoration","7":"product_cat-forest","9":"first","10":"instock","11":"taxable","12":"shipping-taxable","13":"purchasable","14":"product-type-simple"},"acf":[],"aioseo_notices":[],"jetpack_sharing_enabled":true,"_links":{"self":[{"href":"https:\/\/antcube.shop\/fi\/wp-json\/wp\/v2\/product\/4675","targetHints":{"allow":["GET"]}}],"collection":[{"href":"https:\/\/antcube.shop\/fi\/wp-json\/wp\/v2\/product"}],"about":[{"href":"https:\/\/antcube.shop\/fi\/wp-json\/wp\/v2\/types\/product"}],"replies":[{"embeddable":true,"href":"https:\/\/antcube.shop\/fi\/wp-json\/wp\/v2\/comments?post=4675"}],"wp:featuredmedia":[{"embeddable":true,"href":"https:\/\/antcube.shop\/fi\/wp-json\/wp\/v2\/media\/5016"}],"wp:attachment":[{"href":"https:\/\/antcube.shop\/fi\/wp-json\/wp\/v2\/media?parent=4675"}],"wp:term":[{"taxonomy":"product_brand","embeddable":true,"href":"https:\/\/antcube.shop\/fi\/wp-json\/wp\/v2\/product_brand?post=4675"},{"taxonomy":"product_cat","embeddable":true,"href":"https:\/\/antcube.shop\/fi\/wp-json\/wp\/v2\/product_cat?post=4675"},{"taxonomy":"product_tag","embeddable":true,"href":"https:\/\/antcube.shop\/fi\/wp-json\/wp\/v2\/product_tag?post=4675"}],"curies":[{"name":"wp","href":"https:\/\/api.w.org\/{rel}","templated":true}]}}