{"id":4660,"date":"2022-11-14T14:36:25","date_gmt":"2022-11-14T13:36:25","guid":{"rendered":"https:\/\/antcube.shop\/produkt\/wassergel-500ml-gebrauchsfertig\/"},"modified":"2026-04-27T18:03:25","modified_gmt":"2026-04-27T16:03:25","slug":"wassergel-500ml-gebrauchsfertig","status":"publish","type":"product","link":"https:\/\/antcube.shop\/fi\/tuote\/wassergel-500ml-gebrauchsfertig\/","title":{"rendered":"Vesigeeli 500ml - k\u00e4ytt\u00f6valmis"},"content":{"rendered":"<p><strong>Sis\u00e4lt\u00f6:<\/strong> 500 ml<\/p>\n<p><strong>Kuvaus:<\/strong> Sis\u00e4lt\u00f6: 500 ml\r\n\r\nKuvaus: Vesi geeli on vett\u00e4 geelin muodossa ja siksi eritt\u00e4in helppo ja joustava k\u00e4ytt\u00e4\u00e4. Et tarvitse vesiastiaa, johon el\u00e4imet voivat liata ja hukkua, mutta voit silti antaa niille riitt\u00e4v\u00e4sti kosteutta t\u00e4m\u00e4n geelin avulla. Vesigeeli\u00e4 voidaan k\u00e4ytt\u00e4\u00e4 my\u00f6s el\u00e4inten ruokintaan, jolloin ne pysyv\u00e4t pidemp\u00e4\u00e4n hengiss\u00e4.<\/p>","protected":false},"excerpt":{"rendered":"<p>Sis\u00e4lt\u00f6: Kuvaus: 500 ml: Vesi geeli on vett\u00e4 geelin muodossa ja siksi eritt\u00e4in helppo ja joustava k\u00e4ytt\u00e4\u00e4. Et tarvitse vesiastiaa, johon el\u00e4imet voivat liata ja hukkua, mutta voit silti antaa niille riitt\u00e4v\u00e4sti kosteutta t\u00e4m\u00e4n geelin avulla. Vesigeeli\u00e4 voidaan k\u00e4ytt\u00e4\u00e4 my\u00f6s el\u00e4inten ruokintaan,","protected":false},"featured_media":5038,"comment_status":"open","ping_status":"closed","template":"","meta":{"_acf_changed":false,"content-type":"","_monsterinsights_skip_tracking":false,"_monsterinsights_sitenote_active":false,"_monsterinsights_sitenote_note":"","_monsterinsights_sitenote_category":0},"product_brand":[],"product_cat":[115,116],"product_tag":[],"class_list":{"0":"post-4660","1":"product","2":"type-product","3":"status-publish","4":"has-post-thumbnail","6":"product_cat-food-and-feeding","7":"product_cat-food","9":"first","10":"instock","11":"taxable","12":"shipping-taxable","13":"purchasable","14":"product-type-simple"},"acf":[],"aioseo_notices":[],"jetpack_sharing_enabled":true,"_links":{"self":[{"href":"https:\/\/antcube.shop\/fi\/wp-json\/wp\/v2\/product\/4660","targetHints":{"allow":["GET"]}}],"collection":[{"href":"https:\/\/antcube.shop\/fi\/wp-json\/wp\/v2\/product"}],"about":[{"href":"https:\/\/antcube.shop\/fi\/wp-json\/wp\/v2\/types\/product"}],"replies":[{"embeddable":true,"href":"https:\/\/antcube.shop\/fi\/wp-json\/wp\/v2\/comments?post=4660"}],"wp:featuredmedia":[{"embeddable":true,"href":"https:\/\/antcube.shop\/fi\/wp-json\/wp\/v2\/media\/5038"}],"wp:attachment":[{"href":"https:\/\/antcube.shop\/fi\/wp-json\/wp\/v2\/media?parent=4660"}],"wp:term":[{"taxonomy":"product_brand","embeddable":true,"href":"https:\/\/antcube.shop\/fi\/wp-json\/wp\/v2\/product_brand?post=4660"},{"taxonomy":"product_cat","embeddable":true,"href":"https:\/\/antcube.shop\/fi\/wp-json\/wp\/v2\/product_cat?post=4660"},{"taxonomy":"product_tag","embeddable":true,"href":"https:\/\/antcube.shop\/fi\/wp-json\/wp\/v2\/product_tag?post=4660"}],"curies":[{"name":"wp","href":"https:\/\/api.w.org\/{rel}","templated":true}]}}