{"id":4657,"date":"2022-11-14T14:35:36","date_gmt":"2022-11-14T13:35:36","guid":{"rendered":"https:\/\/antcube.shop\/produkt\/wustenhonig-wu-nachfullpack-10ml\/"},"modified":"2026-04-14T09:35:40","modified_gmt":"2026-04-14T07:35:40","slug":"aavikkohunaja-taydennyspakkaus-10ml","status":"publish","type":"product","link":"https:\/\/antcube.shop\/fi\/tuote\/aavikkohunaja-taydennyspakkaus-10ml\/","title":{"rendered":"Aavikkohunaja (W\u00fc) - t\u00e4ydennyspakkaus 10ml"},"content":{"rendered":"<p><strong>M\u00e4\u00e4r\u00e4:<\/strong> 10 ml<\/p>\n<p><strong>Kuvaus:<\/strong> T\u00e4m\u00e4 on puhdas luonnontuote. Hunaja on per\u00e4isin aavikoilta, joten se sopii erinomaisesti aavikoilla el\u00e4ville muurahaislajeille.<\/p>\n<p><strong>Sovellus:<\/strong> Ruokaputki voidaan sijoittaa kokonaisena formikaarioon, tai vaihtoehtoisesti lis\u00e4t\u00e4 pienempi\u00e4 m\u00e4\u00e4ri\u00e4 ruokakuppiin tarpeen mukaan\/pes\u00e4kkeen koon mukaan. Ruokam\u00e4\u00e4r\u00e4 tulisi k\u00e4ytt\u00e4\u00e4 noin 3 p\u00e4iv\u00e4n kuluessa, muuten on olemassa homehtumisvaara, ja samasta syyst\u00e4 ruokakuppi tulisi puhdistaa ennen uudelleen t\u00e4ytt\u00e4mist\u00e4.<\/p>\n<p><strong>K\u00e4ytt\u00f6:<\/strong><br \/>\nAavikkohunaja = hunajaa sy\u00f6v\u00e4t muurahaislajit (Meliphagidae).<br \/>\nSe on t\u00e4ydennysrehu (kertaruokinta).<br \/>\nSit\u00e4 voidaan tarjota el\u00e4imille toimitetussa tilassa. Koska kosteus v\u00e4hent\u00e4\u00e4 sokeripitoisuutta ja k\u00e4ymisprosessi alkaa, ruoka on vaihdettava 3 p\u00e4iv\u00e4n v\u00e4lein. Puhdista ruokakuppi\/putki huolellisesti ennen uudelleenk\u00e4ytt\u00f6\u00e4.<br \/>\nAvattu pakkaus on k\u00e4ytett\u00e4v\u00e4 tiiviisti suljettuna ilmoitettuun p\u00e4iv\u00e4m\u00e4\u00e4r\u00e4\u00e4n asti (parasta ennen -p\u00e4iv\u00e4ys).<\/p>\n<p><strong>Sis\u00e4lt\u00e4\u00e4:<\/strong> Hunajan ainesosat yleens\u00e4, suhteet vaihtelevat hunajatyypist\u00e4 riippuen.<br \/>\n- noin 38 % hedelm\u00e4sokeri (fruktoosi)<br \/>\n- noin 32 % dekstroosi (glukoosi)<br \/>\n- noin 20 % vett\u00e4<br \/>\n- noin 5 % monisokeria<br \/>\n- noin 5 %-vitamiinia (B1, B2, B6, C, H).<br \/>\nKivenn\u00e4isaineet (kalium, kalsium, kupari, rauta, natrium, magnesium, fosfori, sinkki ja muut hivenaineet). Aminohapot (proliini, leusiini, fenyylialaniini, alaniini, histidiini, isoleusiini, glutamiinihappo, arginiini, asparagiinihappo jne.) Orgaaniset hapot Entsyymit (fermentit)Aromit Inhibiinit (antibakteeriset aineet) Kukat Siitep\u00f6ly<\/p>\n<p><strong>Varastointi:<\/strong> rehun laadun varmistamiseksi se on s\u00e4ilytett\u00e4v\u00e4 pime\u00e4ss\u00e4 ja kuivassa paikassa.<\/p>\n<p><strong>Ilmoitus:<\/strong><br \/>\nTietoa sy\u00f6tt\u00f6putkien k\u00e4yt\u00f6st\u00e4 l\u00f6yd\u00e4t t\u00e4\u00e4lt\u00e4: Linkki<br \/>\nHunajaa sy\u00f6vien muurahaisten lis\u00e4rehu.<br \/>\nKatso pakkausselosteesta koostumus, analyyttiset komponentit, parasta ennen -p\u00e4iv\u00e4ys ja er\u00e4numero.<\/p>\n<p>Tietopuhelin +49 30 439703870<\/p>\n<p>Vastaava el\u00e4inl\u00e4\u00e4kint\u00e4- ja elintarvikevalvontaviranomainen:<br \/>\nSteglitzin el\u00e4inl\u00e4\u00e4k\u00e4rintoimisto<br \/>\nK\u00f6nigin-Luise-Str. 92<br \/>\n14195 Berliini<\/p>","protected":false},"excerpt":{"rendered":"<p>T\u00e4ydennysravinto<\/p>","protected":false},"featured_media":5052,"comment_status":"open","ping_status":"closed","template":"","meta":{"_acf_changed":false,"content-type":"","_monsterinsights_skip_tracking":false,"_monsterinsights_sitenote_active":false,"_monsterinsights_sitenote_note":"","_monsterinsights_sitenote_category":0},"product_brand":[],"product_cat":[115,116],"product_tag":[],"class_list":{"0":"post-4657","1":"product","2":"type-product","3":"status-publish","4":"has-post-thumbnail","6":"product_cat-food-and-feeding","7":"product_cat-food","9":"first","10":"instock","11":"taxable","12":"shipping-taxable","13":"purchasable","14":"product-type-simple"},"acf":[],"aioseo_notices":[],"jetpack_sharing_enabled":true,"_links":{"self":[{"href":"https:\/\/antcube.shop\/fi\/wp-json\/wp\/v2\/product\/4657","targetHints":{"allow":["GET"]}}],"collection":[{"href":"https:\/\/antcube.shop\/fi\/wp-json\/wp\/v2\/product"}],"about":[{"href":"https:\/\/antcube.shop\/fi\/wp-json\/wp\/v2\/types\/product"}],"replies":[{"embeddable":true,"href":"https:\/\/antcube.shop\/fi\/wp-json\/wp\/v2\/comments?post=4657"}],"wp:featuredmedia":[{"embeddable":true,"href":"https:\/\/antcube.shop\/fi\/wp-json\/wp\/v2\/media\/5052"}],"wp:attachment":[{"href":"https:\/\/antcube.shop\/fi\/wp-json\/wp\/v2\/media?parent=4657"}],"wp:term":[{"taxonomy":"product_brand","embeddable":true,"href":"https:\/\/antcube.shop\/fi\/wp-json\/wp\/v2\/product_brand?post=4657"},{"taxonomy":"product_cat","embeddable":true,"href":"https:\/\/antcube.shop\/fi\/wp-json\/wp\/v2\/product_cat?post=4657"},{"taxonomy":"product_tag","embeddable":true,"href":"https:\/\/antcube.shop\/fi\/wp-json\/wp\/v2\/product_tag?post=4657"}],"curies":[{"name":"wp","href":"https:\/\/api.w.org\/{rel}","templated":true}]}}