{"id":4655,"date":"2022-11-14T14:35:04","date_gmt":"2022-11-14T13:35:04","guid":{"rendered":"https:\/\/antcube.shop\/produkt\/zucker-honiglosung-zh-nachfullpack-10ml\/"},"modified":"2026-04-03T11:58:54","modified_gmt":"2026-04-03T09:58:54","slug":"sokeri-hunaja-liuoksen-taydennyspakkaus-10ml","status":"publish","type":"product","link":"https:\/\/antcube.shop\/fi\/tuote\/sokeri-hunaja-liuoksen-taydennyspakkaus-10ml\/","title":{"rendered":"Sokerihunajaliuos (ZH) - t\u00e4ydennyspakkaus 10ml"},"content":{"rendered":"<p><strong>Sis\u00e4lt\u00f6:<\/strong> 10 ml<\/p>\n<p><strong>Kuvaus:<\/strong> T\u00e4m\u00e4 on tuote, joka koostuu erilaisista hiilihydraateista (kuten hunajasta ja sokerista).<\/p>\n<p><strong>Sovellus:<\/strong> Ruokaputki voidaan sijoittaa kokonaisena formikaarioon, tai vaihtoehtoisesti lis\u00e4t\u00e4 pienempi\u00e4 m\u00e4\u00e4ri\u00e4 ruokakuppiin tarpeen mukaan\/pes\u00e4kkeen koon mukaan. Ruokam\u00e4\u00e4r\u00e4 tulisi k\u00e4ytt\u00e4\u00e4 noin 3 p\u00e4iv\u00e4n kuluessa, muuten on olemassa homehtumisvaara, ja samasta syyst\u00e4 ruokakuppi tulisi puhdistaa ennen uudelleen t\u00e4ytt\u00e4mist\u00e4.<\/p>\n<p><strong>K\u00e4ytt\u00f6:<\/strong><br \/>\nHiilihydraattipitoinen ruoka = sokeria\/hunajaa sy\u00f6ville muurahaislajeille.<br \/>\nSe on t\u00e4ydennysrehu (seosrehu).<br \/>\nSe voidaan sekoittaa pisaraan vett\u00e4, ja se s\u00e4ilyy m\u00e4rk\u00e4n\u00e4 3 p\u00e4iv\u00e4\u00e4. Puhdista ruokintakuppi\/tuubi huolellisesti ennen uudelleenk\u00e4ytt\u00f6\u00e4.<br \/>\nAvattu pakkaus on k\u00e4ytett\u00e4v\u00e4 tiiviisti suljettuna (jos sit\u00e4 s\u00e4ilytet\u00e4\u00e4n kuivana) ilmoitettuun parasta ennen -p\u00e4iv\u00e4m\u00e4\u00e4r\u00e4\u00e4n asti.<\/p>\n<p><strong>Sis\u00e4lt\u00e4\u00e4:<\/strong><br \/>\nFruktoosi 27-44%,<br \/>\nGlukoosi 22-41%,<br \/>\nSakkaroosi enint\u00e4\u00e4n 5%,<br \/>\nmaltoosi 4 - 14%,<br \/>\nmuut moninkertaiset sokerit 1-14%.<br \/>\n<strong>Rasva:<\/strong> 0g<br \/>\n<strong>Hiilihydraatit:<\/strong> 92g<br \/>\n<strong>Proteiini:<\/strong> 0g<br \/>\n<strong>Suola:<\/strong> 0g<\/p>\n<p>Varastointi: Rehun laadun varmistamiseksi se on varastoitava pime\u00e4ss\u00e4 ja kuivassa paikassa.<\/p>\n<p><strong>Ilmoitus:<\/strong><br \/>\nTietoa sy\u00f6tt\u00f6putkien k\u00e4yt\u00f6st\u00e4 l\u00f6yd\u00e4t t\u00e4\u00e4lt\u00e4: Linkki<br \/>\nKatso pakkausselosteesta koostumus, analyyttiset ainesosat, parasta ennen -p\u00e4iv\u00e4ys ja er\u00e4numero.<\/p>\n<p>Tietopuhelin +49 30 439703870<\/p>\n<p>Vastaava el\u00e4inl\u00e4\u00e4kint\u00e4- ja elintarvikevalvontaviranomainen:<br \/>\nSteglitzin el\u00e4inl\u00e4\u00e4k\u00e4rintoimisto<br \/>\nK\u00f6nigin-Luise-Str. 92<br \/>\n14195 Berliini<\/p>","protected":false},"excerpt":{"rendered":"<p>T\u00e4ydennysravinto<\/p>","protected":false},"featured_media":5058,"comment_status":"open","ping_status":"closed","template":"","meta":{"_acf_changed":false,"content-type":"","_monsterinsights_skip_tracking":false,"_monsterinsights_sitenote_active":false,"_monsterinsights_sitenote_note":"","_monsterinsights_sitenote_category":0},"product_brand":[],"product_cat":[115,116],"product_tag":[],"class_list":{"0":"post-4655","1":"product","2":"type-product","3":"status-publish","4":"has-post-thumbnail","6":"product_cat-food-and-feeding","7":"product_cat-food","9":"first","10":"instock","11":"taxable","12":"shipping-taxable","13":"purchasable","14":"product-type-simple"},"acf":[],"aioseo_notices":[],"jetpack_sharing_enabled":true,"_links":{"self":[{"href":"https:\/\/antcube.shop\/fi\/wp-json\/wp\/v2\/product\/4655","targetHints":{"allow":["GET"]}}],"collection":[{"href":"https:\/\/antcube.shop\/fi\/wp-json\/wp\/v2\/product"}],"about":[{"href":"https:\/\/antcube.shop\/fi\/wp-json\/wp\/v2\/types\/product"}],"replies":[{"embeddable":true,"href":"https:\/\/antcube.shop\/fi\/wp-json\/wp\/v2\/comments?post=4655"}],"wp:featuredmedia":[{"embeddable":true,"href":"https:\/\/antcube.shop\/fi\/wp-json\/wp\/v2\/media\/5058"}],"wp:attachment":[{"href":"https:\/\/antcube.shop\/fi\/wp-json\/wp\/v2\/media?parent=4655"}],"wp:term":[{"taxonomy":"product_brand","embeddable":true,"href":"https:\/\/antcube.shop\/fi\/wp-json\/wp\/v2\/product_brand?post=4655"},{"taxonomy":"product_cat","embeddable":true,"href":"https:\/\/antcube.shop\/fi\/wp-json\/wp\/v2\/product_cat?post=4655"},{"taxonomy":"product_tag","embeddable":true,"href":"https:\/\/antcube.shop\/fi\/wp-json\/wp\/v2\/product_tag?post=4655"}],"curies":[{"name":"wp","href":"https:\/\/api.w.org\/{rel}","templated":true}]}}