{"id":4654,"date":"2022-11-14T14:34:48","date_gmt":"2022-11-14T13:34:48","guid":{"rendered":"https:\/\/antcube.shop\/produkt\/zuckerlosung-z-nachfullpack-10ml\/"},"modified":"2026-04-02T17:28:50","modified_gmt":"2026-04-02T15:28:50","slug":"sokeriliuoksen-taydennyspakkaus-10ml-2","status":"publish","type":"product","link":"https:\/\/antcube.shop\/fi\/tuote\/sokeriliuoksen-taydennyspakkaus-10ml-2\/","title":{"rendered":"Sokeriliuos (Z) - t\u00e4ydennyspakkaus 10ml"},"content":{"rendered":"<p><strong>Sis\u00e4lt\u00f6:<\/strong> 10ml<\/p>\n<p><strong>Kuvaus:<\/strong> Sokeriliuos on muiden rehujen lis\u00e4rehu.<\/p>\n<p><strong>K\u00e4ytt\u00f6:<\/strong><br \/>\nSokeriliuos = sokeria sy\u00f6ville muurahaislajeille.<br \/>\nSe on t\u00e4ydennysrehu (kertaruokinta).<br \/>\nSit\u00e4 voidaan tarjota el\u00e4imille toimitetussa tilassa. Sit\u00e4 voidaan k\u00e4ytt\u00e4\u00e4, kunnes sokeri on kuivunut. Puhdista ruokintakuppi\/tuubi huolellisesti ennen uudelleenk\u00e4ytt\u00f6\u00e4.<br \/>\nAvattu pakkaus on k\u00e4ytett\u00e4v\u00e4 tiiviisti suljettuna ilmoitettuun p\u00e4iv\u00e4m\u00e4\u00e4r\u00e4\u00e4n asti (parasta ennen -p\u00e4iv\u00e4ys).<\/p>\n<p><strong>Sis\u00e4lt\u00e4\u00e4:<\/strong><br \/>\nInverttisokeri 55%<br \/>\nSakkaroosi 45%<\/p>\n<p><strong>Varastointi:<\/strong> rehun laadun varmistamiseksi se on s\u00e4ilytett\u00e4v\u00e4 pime\u00e4ss\u00e4 ja kuivassa paikassa.<\/p>\n<p><strong>Ilmoitus:<\/strong><br \/>\nTietoa sy\u00f6tt\u00f6putkien k\u00e4yt\u00f6st\u00e4 l\u00f6yd\u00e4t t\u00e4\u00e4lt\u00e4: Linkki<br \/>\nKatso pakkausselosteesta koostumus, analyyttiset ainesosat, parasta ennen -p\u00e4iv\u00e4ys ja er\u00e4numero.<\/p>\n<p>Tietopuhelin +49 30 439703870<\/p>\n<p>Vastaava el\u00e4inl\u00e4\u00e4kint\u00e4- ja elintarvikevalvontaviranomainen:<br \/>\nSteglitzin el\u00e4inl\u00e4\u00e4k\u00e4rintoimisto<br \/>\nK\u00f6nigin-Luise-Str. 92<br \/>\n14195 Berliini<\/p>","protected":false},"excerpt":{"rendered":"<p>T\u00e4ydennysravinto<\/p>","protected":false},"featured_media":5063,"comment_status":"open","ping_status":"closed","template":"","meta":{"_acf_changed":false,"content-type":"","_monsterinsights_skip_tracking":false,"_monsterinsights_sitenote_active":false,"_monsterinsights_sitenote_note":"","_monsterinsights_sitenote_category":0},"product_brand":[],"product_cat":[115,116],"product_tag":[],"class_list":{"0":"post-4654","1":"product","2":"type-product","3":"status-publish","4":"has-post-thumbnail","6":"product_cat-food-and-feeding","7":"product_cat-food","9":"first","10":"instock","11":"taxable","12":"shipping-taxable","13":"purchasable","14":"product-type-simple"},"acf":[],"aioseo_notices":[],"jetpack_sharing_enabled":true,"_links":{"self":[{"href":"https:\/\/antcube.shop\/fi\/wp-json\/wp\/v2\/product\/4654","targetHints":{"allow":["GET"]}}],"collection":[{"href":"https:\/\/antcube.shop\/fi\/wp-json\/wp\/v2\/product"}],"about":[{"href":"https:\/\/antcube.shop\/fi\/wp-json\/wp\/v2\/types\/product"}],"replies":[{"embeddable":true,"href":"https:\/\/antcube.shop\/fi\/wp-json\/wp\/v2\/comments?post=4654"}],"wp:featuredmedia":[{"embeddable":true,"href":"https:\/\/antcube.shop\/fi\/wp-json\/wp\/v2\/media\/5063"}],"wp:attachment":[{"href":"https:\/\/antcube.shop\/fi\/wp-json\/wp\/v2\/media?parent=4654"}],"wp:term":[{"taxonomy":"product_brand","embeddable":true,"href":"https:\/\/antcube.shop\/fi\/wp-json\/wp\/v2\/product_brand?post=4654"},{"taxonomy":"product_cat","embeddable":true,"href":"https:\/\/antcube.shop\/fi\/wp-json\/wp\/v2\/product_cat?post=4654"},{"taxonomy":"product_tag","embeddable":true,"href":"https:\/\/antcube.shop\/fi\/wp-json\/wp\/v2\/product_tag?post=4654"}],"curies":[{"name":"wp","href":"https:\/\/api.w.org\/{rel}","templated":true}]}}