{"id":4652,"date":"2022-11-14T14:34:16","date_gmt":"2022-11-14T13:34:16","guid":{"rendered":"https:\/\/antcube.shop\/produkt\/kornerfutter-minor-mi-nachfullpack-20ml\/"},"modified":"2026-04-10T09:16:29","modified_gmt":"2026-04-10T07:16:29","slug":"viljanruoka-minor-taydennyspakkaus-20ml","status":"publish","type":"product","link":"https:\/\/antcube.shop\/fi\/tuote\/viljanruoka-minor-taydennyspakkaus-20ml\/","title":{"rendered":"Jyv\u00e4ruoka Minor (Mi) - t\u00e4ydennyspakkaus 20ml"},"content":{"rendered":"<p><strong>Sis\u00e4lt\u00f6:<\/strong> 20 ml (vastaa noin 10 g).<\/p>\n<p><strong>Kuvaus:<\/strong> Hienoja jyvi\u00e4\/siemeni\u00e4 nuorten viljaa ker\u00e4\u00e4vien\/ker\u00e4\u00e4vien muurahaislajien, kuten Messor-suvun, pes\u00e4kkeisiin, joissa on viel\u00e4 p\u00e4\u00e4asiassa pieni\u00e4 ty\u00f6ntekij\u00f6it\u00e4.<\/p>\n<p><strong>Ilmoitus:<\/strong><br \/>\nTietoa sy\u00f6tt\u00f6letkujen k\u00e4yt\u00f6st\u00e4 l\u00f6yd\u00e4t t\u00e4\u00e4lt\u00e4: Linkki<br \/>\nLis\u00e4ruokinta jyv\u00e4sy\u00f6j\u00e4suurimuurahaisille.<br \/>\nKatso pakkausselosteesta koostumus, analyyttiset komponentit, parasta ennen -p\u00e4iv\u00e4ys ja er\u00e4numero.<\/p>\n<p>Tietopuhelin +49 30 439703870<\/p>\n<p>Vastaava el\u00e4inl\u00e4\u00e4kint\u00e4- ja elintarvikevalvontaviranomainen:<br \/>\nSteglitzin el\u00e4inl\u00e4\u00e4k\u00e4rintoimisto<br \/>\nK\u00f6nigin-Luise-Str. 92<br \/>\n14195 Berliini<\/p>","protected":false},"excerpt":{"rendered":"<p>T\u00e4ydennysravinto<\/p>","protected":false},"featured_media":5741,"comment_status":"open","ping_status":"closed","template":"","meta":{"_acf_changed":false,"content-type":"","_monsterinsights_skip_tracking":false,"_monsterinsights_sitenote_active":false,"_monsterinsights_sitenote_note":"","_monsterinsights_sitenote_category":0},"product_brand":[],"product_cat":[115,116],"product_tag":[],"class_list":{"0":"post-4652","1":"product","2":"type-product","3":"status-publish","4":"has-post-thumbnail","6":"product_cat-food-and-feeding","7":"product_cat-food","9":"first","10":"instock","11":"taxable","12":"shipping-taxable","13":"purchasable","14":"product-type-simple"},"acf":[],"aioseo_notices":[],"jetpack_sharing_enabled":true,"_links":{"self":[{"href":"https:\/\/antcube.shop\/fi\/wp-json\/wp\/v2\/product\/4652","targetHints":{"allow":["GET"]}}],"collection":[{"href":"https:\/\/antcube.shop\/fi\/wp-json\/wp\/v2\/product"}],"about":[{"href":"https:\/\/antcube.shop\/fi\/wp-json\/wp\/v2\/types\/product"}],"replies":[{"embeddable":true,"href":"https:\/\/antcube.shop\/fi\/wp-json\/wp\/v2\/comments?post=4652"}],"wp:featuredmedia":[{"embeddable":true,"href":"https:\/\/antcube.shop\/fi\/wp-json\/wp\/v2\/media\/5741"}],"wp:attachment":[{"href":"https:\/\/antcube.shop\/fi\/wp-json\/wp\/v2\/media?parent=4652"}],"wp:term":[{"taxonomy":"product_brand","embeddable":true,"href":"https:\/\/antcube.shop\/fi\/wp-json\/wp\/v2\/product_brand?post=4652"},{"taxonomy":"product_cat","embeddable":true,"href":"https:\/\/antcube.shop\/fi\/wp-json\/wp\/v2\/product_cat?post=4652"},{"taxonomy":"product_tag","embeddable":true,"href":"https:\/\/antcube.shop\/fi\/wp-json\/wp\/v2\/product_tag?post=4652"}],"curies":[{"name":"wp","href":"https:\/\/api.w.org\/{rel}","templated":true}]}}