{"id":4648,"date":"2022-11-14T14:33:14","date_gmt":"2022-11-14T13:33:14","guid":{"rendered":"https:\/\/antcube.shop\/produkt\/himbeerblatter-100g-getrocknet\/"},"modified":"2026-04-07T13:12:14","modified_gmt":"2026-04-07T11:12:14","slug":"vadelmanlehdet-100g-kuivattu","status":"publish","type":"product","link":"https:\/\/antcube.shop\/fi\/tuote\/vadelmanlehdet-100g-kuivattu\/","title":{"rendered":"Vadelman lehdet 100 g - kuivatut"},"content":{"rendered":"<p><strong>Sis\u00e4lt\u00f6:<\/strong><br \/>\n100 g kuivattuja vadelmanlehti\u00e4<\/p>\n<p><strong>Kuvaus:<\/strong><br \/>\nVadelman lehdet sieni\u00e4 kasvattavien muurahaislajien kasvualustana. Se on puhtaasti luonnollinen tuote.<\/p>\n<p><strong>K\u00e4ytt\u00f6:<\/strong><br \/>\nVadelman lehdet = sieni\u00e4 kasvattaville muurahaislajeille.<br \/>\nKuivat lehdet toimivat vain kasvualustana lehtileikkurimuurahaisten sienille (on suositeltavaa tarjota samanaikaisesti sokeripitoisia nesteit\u00e4 korvaamaan puuttuvat kasvimehut). Aseta sy\u00f6tett\u00e4v\u00e4t lehdet yksinkertaisesti kuivaruokakammioon. El\u00e4imet suosivat kuitenkin tuoreita lehti\u00e4. Kuivatut lehdet sopivat siksi parhaiten sellaisten ajanjaksojen ylitt\u00e4miseen, jolloin niit\u00e4 ei voida tarjota.<\/p>\n<p><strong>Varastointi:<\/strong><br \/>\nKuivassa ymp\u00e4rist\u00f6ss\u00e4<\/p>\n<p><strong>Sis\u00e4lt\u00e4\u00e4:<\/strong><br \/>\n100% kuivatut vadelmanlehdet<\/p>","protected":false},"excerpt":{"rendered":"<p>T\u00e4ydennysravinto<\/p>","protected":false},"featured_media":5115,"comment_status":"open","ping_status":"closed","template":"","meta":{"_acf_changed":false,"content-type":"","_monsterinsights_skip_tracking":false,"_monsterinsights_sitenote_active":false,"_monsterinsights_sitenote_note":"","_monsterinsights_sitenote_category":0},"product_brand":[],"product_cat":[115,116],"product_tag":[],"class_list":{"0":"post-4648","1":"product","2":"type-product","3":"status-publish","4":"has-post-thumbnail","6":"product_cat-food-and-feeding","7":"product_cat-food","9":"first","10":"instock","11":"taxable","12":"shipping-taxable","13":"purchasable","14":"product-type-simple"},"acf":[],"aioseo_notices":[],"jetpack_sharing_enabled":true,"_links":{"self":[{"href":"https:\/\/antcube.shop\/fi\/wp-json\/wp\/v2\/product\/4648","targetHints":{"allow":["GET"]}}],"collection":[{"href":"https:\/\/antcube.shop\/fi\/wp-json\/wp\/v2\/product"}],"about":[{"href":"https:\/\/antcube.shop\/fi\/wp-json\/wp\/v2\/types\/product"}],"replies":[{"embeddable":true,"href":"https:\/\/antcube.shop\/fi\/wp-json\/wp\/v2\/comments?post=4648"}],"wp:featuredmedia":[{"embeddable":true,"href":"https:\/\/antcube.shop\/fi\/wp-json\/wp\/v2\/media\/5115"}],"wp:attachment":[{"href":"https:\/\/antcube.shop\/fi\/wp-json\/wp\/v2\/media?parent=4648"}],"wp:term":[{"taxonomy":"product_brand","embeddable":true,"href":"https:\/\/antcube.shop\/fi\/wp-json\/wp\/v2\/product_brand?post=4648"},{"taxonomy":"product_cat","embeddable":true,"href":"https:\/\/antcube.shop\/fi\/wp-json\/wp\/v2\/product_cat?post=4648"},{"taxonomy":"product_tag","embeddable":true,"href":"https:\/\/antcube.shop\/fi\/wp-json\/wp\/v2\/product_tag?post=4648"}],"curies":[{"name":"wp","href":"https:\/\/api.w.org\/{rel}","templated":true}]}}