{"id":4642,"date":"2022-11-14T14:31:41","date_gmt":"2022-11-14T13:31:41","guid":{"rendered":"https:\/\/antcube.shop\/produkt\/jelly-food-brauner-zucker-16g\/"},"modified":"2026-03-31T18:19:06","modified_gmt":"2026-03-31T16:19:06","slug":"hyytelo-ruoka-ruskea-sokeri-16g","status":"publish","type":"product","link":"https:\/\/antcube.shop\/fi\/tuote\/hyytelo-ruoka-ruskea-sokeri-16g\/","title":{"rendered":"Jelly Food ruskea sokeri 16g"},"content":{"rendered":"<p><strong>M\u00e4\u00e4r\u00e4:<\/strong> 16g<\/p>\n<p><strong>Kuvaus:<\/strong><br \/>\nVitamiinit ja proteiinit ovat elimist\u00f6n perusrakennusaineita. Joitakin niist\u00e4 voi tuottaa elimist\u00f6 itse, toisia on nautittava ravinnon kautta.<br \/>\nHy\u00f6nteisten yst\u00e4v\u00e4t ymp\u00e4ri maailmaa arvostavat t\u00e4t\u00e4 valmistetta, sill\u00e4 se edist\u00e4\u00e4 lis\u00e4\u00e4ntymist\u00e4 ja pident\u00e4\u00e4 el\u00e4m\u00e4\u00e4 \"rakkaidensa\" tasapainoisen ravitsemuksen avulla.<\/p>\n<p><strong>Ainesosat:<\/strong><br \/>\nKoostumus: vesi, fruktoosisiirappi, sokeri.<br \/>\nAnalyyttiset ainesosat: 65%<\/p>\n<p><strong>K\u00e4ytt\u00f6:<\/strong><br \/>\nHedelmi\u00e4 sy\u00f6ville muurahaislajeille.<br \/>\nSeosrehu t\u00e4ydennysrehuna<br \/>\nOlisi tarjottava 2-3 kertaa viikossa hedelmi\u00e4 sy\u00f6ville muurahaislajeille.<br \/>\nSit\u00e4 voidaan tarjota el\u00e4imille toimitetussa tilassa. Huoneenl\u00e4mm\u00f6ss\u00e4 hyytel\u00f6 voi homehtua nopeasti. Siksi ruoka on vaihdettava v\u00e4hint\u00e4\u00e4n 3 p\u00e4iv\u00e4n v\u00e4lein. Puhdista ruokakuppi huolellisesti ennen uudelleenk\u00e4ytt\u00f6\u00e4.<\/p>\n<p><strong>S\u00e4ilyvyys:<\/strong><br \/>\nSuljettuna hyytel\u00f6n s\u00e4ilyvyysaika on v\u00e4hint\u00e4\u00e4n 1 vuosi (katso parasta ennen -p\u00e4iv\u00e4ys pakkauksesta); avattuna se on s\u00e4ilytett\u00e4v\u00e4 j\u00e4\u00e4kaapissa ja k\u00e4ytett\u00e4v\u00e4 5-7 p\u00e4iv\u00e4n kuluessa. Voit my\u00f6s pakastaa sit\u00e4 pakastimessa ja sulattaa pieni\u00e4 m\u00e4\u00e4ri\u00e4 tarpeen mukaan.<\/p>\n<p><strong>Ilmoitus:<\/strong><br \/>\nKatso pakkausselosteesta koostumus, analyyttiset ainesosat, er\u00e4n tunnistenumero ja parasta ennen -p\u00e4iv\u00e4ys (BBD).<\/p>\n<p>Vihjelinja (faksi): +49 2065-67290<\/p>\n<p>Vastaava el\u00e4inl\u00e4\u00e4kint\u00e4- ja elintarvikevirasto:<br \/>\nVirkael\u00e4inl\u00e4\u00e4k\u00e4ri\/el\u00e4inl\u00e4\u00e4kint\u00e4asiantuntija.<br \/>\nSchnabelhuckissa 6<br \/>\n47049 Duisburg<\/p>","protected":false},"excerpt":{"rendered":"<p>T\u00e4ydennysravinto<\/p>","protected":false},"featured_media":5094,"comment_status":"open","ping_status":"closed","template":"","meta":{"_acf_changed":false,"content-type":"","_monsterinsights_skip_tracking":false,"_monsterinsights_sitenote_active":false,"_monsterinsights_sitenote_note":"","_monsterinsights_sitenote_category":0},"product_brand":[],"product_cat":[115,116],"product_tag":[],"class_list":{"0":"post-4642","1":"product","2":"type-product","3":"status-publish","4":"has-post-thumbnail","6":"product_cat-food-and-feeding","7":"product_cat-food","9":"first","10":"instock","11":"taxable","12":"shipping-taxable","13":"purchasable","14":"product-type-simple"},"acf":[],"aioseo_notices":[],"jetpack_sharing_enabled":true,"_links":{"self":[{"href":"https:\/\/antcube.shop\/fi\/wp-json\/wp\/v2\/product\/4642","targetHints":{"allow":["GET"]}}],"collection":[{"href":"https:\/\/antcube.shop\/fi\/wp-json\/wp\/v2\/product"}],"about":[{"href":"https:\/\/antcube.shop\/fi\/wp-json\/wp\/v2\/types\/product"}],"replies":[{"embeddable":true,"href":"https:\/\/antcube.shop\/fi\/wp-json\/wp\/v2\/comments?post=4642"}],"wp:featuredmedia":[{"embeddable":true,"href":"https:\/\/antcube.shop\/fi\/wp-json\/wp\/v2\/media\/5094"}],"wp:attachment":[{"href":"https:\/\/antcube.shop\/fi\/wp-json\/wp\/v2\/media?parent=4642"}],"wp:term":[{"taxonomy":"product_brand","embeddable":true,"href":"https:\/\/antcube.shop\/fi\/wp-json\/wp\/v2\/product_brand?post=4642"},{"taxonomy":"product_cat","embeddable":true,"href":"https:\/\/antcube.shop\/fi\/wp-json\/wp\/v2\/product_cat?post=4642"},{"taxonomy":"product_tag","embeddable":true,"href":"https:\/\/antcube.shop\/fi\/wp-json\/wp\/v2\/product_tag?post=4642"}],"curies":[{"name":"wp","href":"https:\/\/api.w.org\/{rel}","templated":true}]}}