{"id":4638,"date":"2022-11-14T14:30:39","date_gmt":"2022-11-14T13:30:39","guid":{"rendered":"https:\/\/antcube.shop\/produkt\/durchgangsschieber-m\/"},"modified":"2026-04-01T13:28:12","modified_gmt":"2026-04-01T11:28:12","slug":"lapivientiventtiili-m","status":"publish","type":"product","link":"https:\/\/antcube.shop\/fi\/tuote\/lapivientiventtiili-m\/","title":{"rendered":"L\u00e4pivientiventtiili - M"},"content":{"rendered":"<p><strong>Mitat:<\/strong> 78 x 17 x 53 mm 14\/10 mm:n putkia tai muurahaisfarmikokoa varten M<\/p>\n<p><strong>Materiaali:<\/strong> PMMA<\/p>\n<p><strong>V\u00e4rit:<\/strong> l\u00e4pin\u00e4kyv\u00e4, harmaa<\/p>\n<p><strong>Sis\u00e4lt\u00f6:<\/strong> 1x l\u00e4pivienti liukus\u00e4\u00e4din<\/p>\n<p><strong>Kuvaus:<\/strong> Kulkuliukus\u00e4\u00e4din sulkee tai avaa muurahaisten kulun putkessa tai kahden formikarion v\u00e4lill\u00e4.<br \/>\nSe on l\u00e4pin\u00e4kyv\u00e4, joten voit tarkistaa, onko muurahaisia v\u00e4liss\u00e4, kun \"suljet\". Sulkuventtiili\u00e4 k\u00e4ytet\u00e4\u00e4n my\u00f6s muurahaisten virtauksen ohjaamiseen ja s\u00e4\u00e4telemiseen letkuissa.<\/p>\n<p><strong>Hakemusta koskeva huomautus<\/strong><br \/>\nFiligraanisen rakenteen vuoksi letkuja kiinnitett\u00e4ess\u00e4 tai irrotettaessa on noudatettava seuraavia ohjeita:<br \/>\nJos letkua on hyvin vaikea sovittaa liitinholkkiin, holkki on hierottava kevyesti pisaralla murtumissuoja\u00f6ljy\u00e4 tai -jauhetta. T\u00e4m\u00e4n j\u00e4lkeen letku on ty\u00f6nnett\u00e4v\u00e4 holkkiin kiert\u00e4m\u00e4ll\u00e4 tai ruuvaamalla, ilman ett\u00e4 holkkia rasitetaan yl\u00f6s- ja alasp\u00e4in suuntautuvilla liikkeill\u00e4. Sama p\u00e4tee, kun letkut irrotetaan liitosholkista. \u00c4l\u00e4 yksinkertaisesti ved\u00e4 irti!<\/p>\n<p><strong>P\u00e4ivitystiedot:<\/strong><br \/>\n15.12.2020 Tuotteen parantaminen: Sauvoja on vahvistettu 3 mm.<\/p>","protected":false},"excerpt":{"rendered":"<p>Mitat: 10\/6 mm:n putkille tai muurahaisfarmille, koko S Materiaali: 78 x 12 x 52 mm:  Kuvaus: 1x l\u00e4pivientiliukus\u00e4\u00e4din Kuvaus: 1x l\u00e4pivientiliukus\u00e4\u00e4din: Muurahaisten kulku putkessa tai kahden formikarion v\u00e4lill\u00e4 suljetaan tai avataan. Se on l\u00e4pin\u00e4kyv\u00e4, joten voit tarkistaa, onko muurahaisia v\u00e4liss\u00e4si.","protected":false},"featured_media":5172,"comment_status":"open","ping_status":"closed","template":"","meta":{"_acf_changed":false,"content-type":"","_monsterinsights_skip_tracking":false,"_monsterinsights_sitenote_active":false,"_monsterinsights_sitenote_note":"","_monsterinsights_sitenote_category":0},"product_brand":[],"product_cat":[121],"product_tag":[],"class_list":{"0":"post-4638","1":"product","2":"type-product","3":"status-publish","4":"has-post-thumbnail","6":"product_cat-connectors","8":"first","9":"instock","10":"taxable","11":"shipping-taxable","12":"purchasable","13":"product-type-simple"},"acf":[],"aioseo_notices":[],"jetpack_sharing_enabled":true,"_links":{"self":[{"href":"https:\/\/antcube.shop\/fi\/wp-json\/wp\/v2\/product\/4638","targetHints":{"allow":["GET"]}}],"collection":[{"href":"https:\/\/antcube.shop\/fi\/wp-json\/wp\/v2\/product"}],"about":[{"href":"https:\/\/antcube.shop\/fi\/wp-json\/wp\/v2\/types\/product"}],"replies":[{"embeddable":true,"href":"https:\/\/antcube.shop\/fi\/wp-json\/wp\/v2\/comments?post=4638"}],"wp:featuredmedia":[{"embeddable":true,"href":"https:\/\/antcube.shop\/fi\/wp-json\/wp\/v2\/media\/5172"}],"wp:attachment":[{"href":"https:\/\/antcube.shop\/fi\/wp-json\/wp\/v2\/media?parent=4638"}],"wp:term":[{"taxonomy":"product_brand","embeddable":true,"href":"https:\/\/antcube.shop\/fi\/wp-json\/wp\/v2\/product_brand?post=4638"},{"taxonomy":"product_cat","embeddable":true,"href":"https:\/\/antcube.shop\/fi\/wp-json\/wp\/v2\/product_cat?post=4638"},{"taxonomy":"product_tag","embeddable":true,"href":"https:\/\/antcube.shop\/fi\/wp-json\/wp\/v2\/product_tag?post=4638"}],"curies":[{"name":"wp","href":"https:\/\/api.w.org\/{rel}","templated":true}]}}