{"id":4637,"date":"2022-11-14T14:30:23","date_gmt":"2022-11-14T13:30:23","guid":{"rendered":"https:\/\/antcube.shop\/produkt\/durchgangsschieber-l\/"},"modified":"2026-04-16T09:55:13","modified_gmt":"2026-04-16T07:55:13","slug":"lapivientiventtiili-l","status":"publish","type":"product","link":"https:\/\/antcube.shop\/fi\/tuote\/lapivientiventtiili-l\/","title":{"rendered":"L\u00e4pivientiventtiili - L"},"content":{"rendered":"<p><strong>Mitat:<\/strong> 78 x 27 x 53 mm 14\/16\/18\/20 mm:n putkille tai muurahaispihan koko L<\/p>\n<p>14\/10 letku on kytketty tiiviisti 14 mm:n pistorasiaan.<br \/>\n20\/16-putki kiinnitet\u00e4\u00e4n ensimm\u00e4iseen 16 mm:n askeleeseen.<br \/>\n22\/18-putki kiinnitet\u00e4\u00e4n toiseen 20 mm:n askeleeseen.<br \/>\n24\/20 letku on asennettu l\u00f6ys\u00e4sti toiselle 20 mm:n askelmalle.<\/p>\n<p><strong>Materiaali:<\/strong> PMMA<\/p>\n<p><strong>V\u00e4rit:<\/strong> kristallinkirkas, harmaa<\/p>\n<p><strong>Sis\u00e4lt\u00f6:<\/strong> 1x l\u00e4pireik\u00e4liukus\u00e4\u00e4din<\/p>\n<p><strong>Kuvaus:<\/strong> L\u00e4pikulkuliukus\u00e4\u00e4din est\u00e4\u00e4 tai avaa muurahaisten kulun putkessa tai kahden muurahaiskammion v\u00e4lill\u00e4.<br \/>\nSe on l\u00e4pin\u00e4kyv\u00e4, joten voit tarkistaa, onko muurahaisia v\u00e4liss\u00e4, kun \"suljet\". Sulkuventtiili\u00e4 k\u00e4ytet\u00e4\u00e4n my\u00f6s muurahaisten virtauksen ohjaamiseen ja s\u00e4\u00e4telemiseen letkuissa.<\/p>\n<p>Hakemusta koskeva huomautus<br \/>\nFiligraanisen rakenteen vuoksi letkuja kiinnitett\u00e4ess\u00e4 tai irrotettaessa on noudatettava seuraavia ohjeita:<br \/>\nJos letkua on hyvin vaikea sovittaa liitinholkkiin, holkki on hierottava kevyesti pisaralla murtumissuoja\u00f6ljy\u00e4 tai -jauhetta. T\u00e4m\u00e4n j\u00e4lkeen letku on ty\u00f6nnett\u00e4v\u00e4 holkkiin kiert\u00e4m\u00e4ll\u00e4 tai ruuvaamalla, ilman ett\u00e4 holkkia rasitetaan yl\u00f6s- ja alasp\u00e4in suuntautuvilla liikkeill\u00e4. Sama p\u00e4tee, kun letkut irrotetaan liitosholkista. \u00c4l\u00e4 yksinkertaisesti ved\u00e4 irti!<\/p>\n<p><strong>P\u00e4ivitys:<\/strong><br \/>\n15.12.2020 Tuotteen parantaminen: Tangot on vahvistettu 3 mm:ll\u00e4.<\/p>","protected":false},"excerpt":{"rendered":"<p>Mitat: 14\/10-putki kiinnitet\u00e4\u00e4n tiukasti 14 mm:n pistorasiaan 20\/16-putki kiinnitet\u00e4\u00e4n ensimm\u00e4iseen 16 mm:n askeleeseen 22\/18-putki kiinnitet\u00e4\u00e4n toiseen 20 mm:n askeleeseen 24\/20-putki kiinnitet\u00e4\u00e4n l\u00f6ys\u00e4sti toiseen 20 mm:n askeleeseen Materiaali: PMMA V\u00e4rit: kristalli","protected":false},"featured_media":5606,"comment_status":"open","ping_status":"closed","template":"","meta":{"_acf_changed":false,"content-type":"","_monsterinsights_skip_tracking":false,"_monsterinsights_sitenote_active":false,"_monsterinsights_sitenote_note":"","_monsterinsights_sitenote_category":0},"product_brand":[],"product_cat":[121],"product_tag":[],"class_list":{"0":"post-4637","1":"product","2":"type-product","3":"status-publish","4":"has-post-thumbnail","6":"product_cat-connectors","8":"first","9":"instock","10":"taxable","11":"shipping-taxable","12":"purchasable","13":"product-type-simple"},"acf":[],"aioseo_notices":[],"jetpack_sharing_enabled":true,"_links":{"self":[{"href":"https:\/\/antcube.shop\/fi\/wp-json\/wp\/v2\/product\/4637","targetHints":{"allow":["GET"]}}],"collection":[{"href":"https:\/\/antcube.shop\/fi\/wp-json\/wp\/v2\/product"}],"about":[{"href":"https:\/\/antcube.shop\/fi\/wp-json\/wp\/v2\/types\/product"}],"replies":[{"embeddable":true,"href":"https:\/\/antcube.shop\/fi\/wp-json\/wp\/v2\/comments?post=4637"}],"wp:featuredmedia":[{"embeddable":true,"href":"https:\/\/antcube.shop\/fi\/wp-json\/wp\/v2\/media\/5606"}],"wp:attachment":[{"href":"https:\/\/antcube.shop\/fi\/wp-json\/wp\/v2\/media?parent=4637"}],"wp:term":[{"taxonomy":"product_brand","embeddable":true,"href":"https:\/\/antcube.shop\/fi\/wp-json\/wp\/v2\/product_brand?post=4637"},{"taxonomy":"product_cat","embeddable":true,"href":"https:\/\/antcube.shop\/fi\/wp-json\/wp\/v2\/product_cat?post=4637"},{"taxonomy":"product_tag","embeddable":true,"href":"https:\/\/antcube.shop\/fi\/wp-json\/wp\/v2\/product_tag?post=4637"}],"curies":[{"name":"wp","href":"https:\/\/api.w.org\/{rel}","templated":true}]}}