{"id":4635,"date":"2022-11-14T14:29:51","date_gmt":"2022-11-14T13:29:51","guid":{"rendered":"https:\/\/antcube.shop\/produkt\/ameisenarena-abdeckung-40x20\/"},"modified":"2026-04-05T19:45:30","modified_gmt":"2026-04-05T17:45:30","slug":"ant-arena-cover-40x20","status":"publish","type":"product","link":"https:\/\/antcube.shop\/fi\/tuote\/ant-arena-cover-40x20\/","title":{"rendered":"Muurahaisareenan kansi 40\u00d720"},"content":{"rendered":"<p><strong>Mitat (LxSxK):<\/strong> 40x20x0.4 cm<\/p>\n<p><strong>Materiaali:<\/strong> float-lasi<\/p>\n<p><strong>V\u00e4ri:<\/strong> kristallinkirkas \/ l\u00e4pin\u00e4kyv\u00e4<\/p>\n<p><strong>Sis\u00e4lt\u00f6:<\/strong><br \/>\n1x muurahaisareenan kansi<br \/>\n1x kiinnityspisteet \u00e0 4 kpl.<\/p>\n<p><strong>Kuvaus:<\/strong><br \/>\nLasista valmistettu kansi muurahaisareenalle pakosuojaksi.<\/p>\n<p><strong>Sovellus:<\/strong><br \/>\nLasista valmistettu muurahaisareenan kansi asetetaan muurahaisareenan p\u00e4\u00e4lle, ja se palvelee my\u00f6s v\u00e4litt\u00f6m\u00e4sti ilmaston s\u00e4\u00e4tely\u00e4.<br \/>\n50 mm:n aukkoihin voidaan asentaa erilaisia ilmastointimoduuleja, esimerkiksi ilmanvaihtoverkkoja, valaistusta tai ilmankostutusta.<br \/>\nJotta muurahaiset eiv\u00e4t p\u00e4\u00e4sisi pakenemaan aukkojen kautta, aukkojen ymp\u00e4rill\u00e4 olevaan alapintaan on levitett\u00e4v\u00e4 pakosuojaa (\u00f6ljy\u00e4, jauhetta tai lakkaa).<\/p>\n<p><strong>Ilmoitus:<\/strong><br \/>\nKoska esine on valmistettu lasista ja on siksi herkk\u00e4 rikkoutumaan, sit\u00e4 on k\u00e4sitelt\u00e4v\u00e4 eritt\u00e4in varovasti.<\/p>","protected":false},"excerpt":{"rendered":"<p>Mitat (LxSxK): 40x20x0,4 cm Materiaali: float-lasi V\u00e4ri: kristallinkirkas \/ l\u00e4pin\u00e4kyv\u00e4 Sis\u00e4lt\u00f6: 1x muurahaisareenan kansi 1x kiinnityspisteet \u00e0 4 kpl. Kuvaus: Lasista valmistettu kansi muurahaisareenalle pakosuojaksi. Soveltaminen: Lasista valmistettu muurahaisareenan kansi asetetaan muurahaisareenalle ja se toimii my\u00f6s v\u00e4litt\u00f6m\u00e4sti muurahaisareenan","protected":false},"featured_media":5175,"comment_status":"open","ping_status":"closed","template":"","meta":{"_acf_changed":false,"content-type":"","_monsterinsights_skip_tracking":false,"_monsterinsights_sitenote_active":false,"_monsterinsights_sitenote_note":"","_monsterinsights_sitenote_category":0},"product_brand":[],"product_cat":[91,92],"product_tag":[],"class_list":{"0":"post-4635","1":"product","2":"type-product","3":"status-publish","4":"has-post-thumbnail","6":"product_cat-formicarium-modules","7":"product_cat-arena-cover","9":"first","10":"instock","11":"taxable","12":"shipping-taxable","13":"purchasable","14":"product-type-simple"},"acf":[],"aioseo_notices":[],"jetpack_sharing_enabled":true,"_links":{"self":[{"href":"https:\/\/antcube.shop\/fi\/wp-json\/wp\/v2\/product\/4635","targetHints":{"allow":["GET"]}}],"collection":[{"href":"https:\/\/antcube.shop\/fi\/wp-json\/wp\/v2\/product"}],"about":[{"href":"https:\/\/antcube.shop\/fi\/wp-json\/wp\/v2\/types\/product"}],"replies":[{"embeddable":true,"href":"https:\/\/antcube.shop\/fi\/wp-json\/wp\/v2\/comments?post=4635"}],"wp:featuredmedia":[{"embeddable":true,"href":"https:\/\/antcube.shop\/fi\/wp-json\/wp\/v2\/media\/5175"}],"wp:attachment":[{"href":"https:\/\/antcube.shop\/fi\/wp-json\/wp\/v2\/media?parent=4635"}],"wp:term":[{"taxonomy":"product_brand","embeddable":true,"href":"https:\/\/antcube.shop\/fi\/wp-json\/wp\/v2\/product_brand?post=4635"},{"taxonomy":"product_cat","embeddable":true,"href":"https:\/\/antcube.shop\/fi\/wp-json\/wp\/v2\/product_cat?post=4635"},{"taxonomy":"product_tag","embeddable":true,"href":"https:\/\/antcube.shop\/fi\/wp-json\/wp\/v2\/product_tag?post=4635"}],"curies":[{"name":"wp","href":"https:\/\/api.w.org\/{rel}","templated":true}]}}