{"id":4628,"date":"2022-11-14T14:28:01","date_gmt":"2022-11-14T13:28:01","guid":{"rendered":"https:\/\/antcube.shop\/produkt\/antcube-ameisenfarm-m-30x30-wand\/"},"modified":"2026-03-26T09:28:48","modified_gmt":"2026-03-26T08:28:48","slug":"antcube-ameisenfarm-m-30x30-sauva","status":"publish","type":"product","link":"https:\/\/antcube.shop\/fi\/tuote\/antcube-ameisenfarm-m-30x30-sauva\/","title":{"rendered":"ANTCUBE - Muurahaisfarmi - M - 30\u00d730 - sein\u00e4paneeli"},"content":{"rendered":"<p><strong>Mitat (LxK):\u00a0<\/strong><br \/>\n<strong>Ulkona:<\/strong> 32,5 x 32,5 cm \/ Sis\u00e4puoli: 29,2 x 29,2 cm.<\/p>\n<p><strong>Materiaali:<\/strong><br \/>\nFloat-lasi, puu, PMMA<\/p>\n<p><strong>V\u00e4ri:<\/strong><br \/>\nkristallinkirkas, valkoinen<\/p>\n<p><strong>Sis\u00e4lt\u00f6:<\/strong><br \/>\n1x muurahaisfarmi 20mm levyv\u00e4lill\u00e4 sein\u00e4kiinnityksell\u00e4.<br \/>\n1x kansi<br \/>\n1x puukehys valkoiseksi maalattu magneettilukolla<br \/>\n2x v\u00e4likappaleet pes\u00e4pistokkeille<br \/>\n6x ruuvit ja tapit (puu- tai kivisein\u00e4\u00e4n)<\/p>\n<p><strong>yhteys:<\/strong><br \/>\n2x 8\/10 x 10mm hylsy<\/p>\n<p><strong>Kuvaus:<\/strong><br \/>\nN\u00e4m\u00e4 muurahaisfarmit on suunniteltu sein\u00e4asennukseen, ja ne voidaan helposti asentaa puu- ja kiviseiniin.<br \/>\nRunko on valmistettu aidosta luonnonpuusta, ja se on maalattu valkoisella maalilla modernin ja ajattoman muotoilun mukaisesti.<br \/>\nT\u00e4m\u00e4 kehys voidaan irrottaa tilan avaamiseksi ja kiinnitt\u00e4\u00e4 tilaan magneettipidikkeen avulla.<\/p>\n<p><strong>Asennusohjeet:<\/strong><br \/>\nKiinnitt\u00e4\u00e4ksesi 6 tapin \"S6\" sein\u00e4\u00e4n tarvitset 6 mm:n poranter\u00e4n (puu- tai kiviporan materiaalista riippuen).<br \/>\nSein\u00e4\u00e4n on porattava 40 mm:n syvyiset rei\u00e4t, jotta 4x30 mm:n ruuveilla varustetut tapit voidaan upottaa.<\/p>\n<p><strong>Tuotantoa koskevat huomautukset<\/strong><br \/>\nLasi on leikattu DIN 1249 -standardin mukaisesti +\/- 1 mm:n toleranssilla. Eritt\u00e4in pienten muurahaislajien kohdalla ylim\u00e4\u00e4r\u00e4inen katkaisusuojaus on v\u00e4ltt\u00e4m\u00e4t\u00f6n.<\/p>\n<p><strong>Tilaa koskeva huomautus<\/strong><br \/>\nKun kiinnit\u00e4t tai irrotat letkuja, ota huomioon seuraavat asiat:<br \/>\nJos letkua on hyvin vaikea sovittaa liitinholkkiin, holkki on hierottava kevyesti pisaralla murtumissuoja\u00f6ljy\u00e4 tai -jauhetta. T\u00e4m\u00e4n j\u00e4lkeen letku on ty\u00f6nnett\u00e4v\u00e4 holkkiin kiert\u00e4m\u00e4ll\u00e4 tai ruuvaamalla, ilman ett\u00e4 holkkia rasitetaan yl\u00f6s- ja alasp\u00e4in suuntautuvilla liikkeill\u00e4. Sama p\u00e4tee, kun letkut irrotetaan maatilan liit\u00e4nt\u00e4holkista. \u00c4l\u00e4 yksinkertaisesti ved\u00e4 irti!<\/p>","protected":false},"excerpt":{"rendered":"<p><strong>Yhteys:<\/strong> pistorasia 2x 8\/10 mm; <strong>levyjen v\u00e4li:<\/strong> sis\u00e4puolella 10mm<br \/>\n<strong>Koko:<\/strong> <strong><span style=\"color: #339966;\">M<\/span><\/strong><\/p>","protected":false},"featured_media":5188,"comment_status":"open","ping_status":"closed","template":"","meta":{"_acf_changed":false,"content-type":"","_monsterinsights_skip_tracking":false,"_monsterinsights_sitenote_active":false,"_monsterinsights_sitenote_note":"","_monsterinsights_sitenote_category":0},"product_brand":[],"product_cat":[80,82],"product_tag":[],"class_list":{"0":"post-4628","1":"product","2":"type-product","3":"status-publish","4":"has-post-thumbnail","6":"product_cat-antfarms","7":"product_cat-antfarms-m","9":"first","10":"instock","11":"taxable","12":"shipping-taxable","13":"purchasable","14":"product-type-simple"},"acf":[],"aioseo_notices":[],"jetpack_sharing_enabled":true,"_links":{"self":[{"href":"https:\/\/antcube.shop\/fi\/wp-json\/wp\/v2\/product\/4628","targetHints":{"allow":["GET"]}}],"collection":[{"href":"https:\/\/antcube.shop\/fi\/wp-json\/wp\/v2\/product"}],"about":[{"href":"https:\/\/antcube.shop\/fi\/wp-json\/wp\/v2\/types\/product"}],"replies":[{"embeddable":true,"href":"https:\/\/antcube.shop\/fi\/wp-json\/wp\/v2\/comments?post=4628"}],"wp:featuredmedia":[{"embeddable":true,"href":"https:\/\/antcube.shop\/fi\/wp-json\/wp\/v2\/media\/5188"}],"wp:attachment":[{"href":"https:\/\/antcube.shop\/fi\/wp-json\/wp\/v2\/media?parent=4628"}],"wp:term":[{"taxonomy":"product_brand","embeddable":true,"href":"https:\/\/antcube.shop\/fi\/wp-json\/wp\/v2\/product_brand?post=4628"},{"taxonomy":"product_cat","embeddable":true,"href":"https:\/\/antcube.shop\/fi\/wp-json\/wp\/v2\/product_cat?post=4628"},{"taxonomy":"product_tag","embeddable":true,"href":"https:\/\/antcube.shop\/fi\/wp-json\/wp\/v2\/product_tag?post=4628"}],"curies":[{"name":"wp","href":"https:\/\/api.w.org\/{rel}","templated":true}]}}