{"id":4627,"date":"2022-11-14T14:27:46","date_gmt":"2022-11-14T13:27:46","guid":{"rendered":"https:\/\/antcube.shop\/produkt\/antcube-ameisenfarm-l-30x30-stehend\/"},"modified":"2026-04-04T19:29:23","modified_gmt":"2026-04-04T17:29:23","slug":"antcube-ameisenfarm-l-30x30-stehend","status":"publish","type":"product","link":"https:\/\/antcube.shop\/fi\/tuote\/antcube-ameisenfarm-l-30x30-stehend\/","title":{"rendered":"ANTCUBE - muurahaisfarmi - L - 30\u00d730 - seisova"},"content":{"rendered":"<p><strong>Mitat (LxSxK):\u00a0<\/strong><br \/>\n330x60x300 mm<\/p>\n<p><strong>Materiaali:<\/strong><br \/>\nFloat-lasi, muovi<\/p>\n<p><strong>V\u00e4ri:<\/strong><br \/>\nkristallinkirkas<\/p>\n<p><strong>Sis\u00e4lt\u00f6:<\/strong><br \/>\n1x ANTCUBE-muurahaisfarmi - 20mm levyv\u00e4li.<br \/>\n1x muurahaispihan suojus L 30\u00d73<br \/>\n2x pistoke 4mm<\/p>\n<p><strong>yhteys:<\/strong><br \/>\n2x 14\/16\/18\/20 x 20mm hylsyj\u00e4<br \/>\n2x 4mm reiki\u00e4 4mm tulpilla<\/p>\n<p>14\/10 letku ty\u00f6nnet\u00e4\u00e4n 14 mm:n pistorasiaan tiukasti kiinni.<br \/>\n20\/16-putki kiinnitet\u00e4\u00e4n ensimm\u00e4iseen 16 mm:n askeleeseen.<br \/>\n22\/18 letku on tiukasti kiinni toisessa 20 mm:n askelmassa.<br \/>\n24\/20-letku asennetaan l\u00f6ys\u00e4sti toiselle 20 mm:n askelmalle.<\/p>\n<p><strong>Kuvaus:<\/strong><br \/>\nT\u00e4m\u00e4 t\u00e4ysin l\u00e4pin\u00e4kyv\u00e4 muurahaisfarmi sopii M-kokoisille muurahaislajeille.<\/p>\n<p><strong>Tuotantoa koskevat huomautukset<\/strong><br \/>\nLasi on leikattu DIN 1249 -standardin mukaisesti +\/- 1 mm:n toleranssilla. Eritt\u00e4in pienten muurahaislajien kohdalla ylim\u00e4\u00e4r\u00e4inen katkaisusuojaus on v\u00e4ltt\u00e4m\u00e4t\u00f6n.<\/p>\n<p><strong>Tilaa koskeva huomautus<\/strong><br \/>\nKun kiinnit\u00e4t tai irrotat letkuja, ota huomioon seuraavat asiat:<br \/>\nJos letkua on hyvin vaikea sovittaa liitinholkkiin, holkki on hierottava kevyesti pisaralla murtumissuoja\u00f6ljy\u00e4 tai -jauhetta. T\u00e4m\u00e4n j\u00e4lkeen letku on ty\u00f6nnett\u00e4v\u00e4 holkkiin kiert\u00e4m\u00e4ll\u00e4 tai ruuvaamalla, ilman ett\u00e4 holkkia rasitetaan yl\u00f6s- ja alasp\u00e4in suuntautuvilla liikkeill\u00e4. Sama p\u00e4tee, kun letkut irrotetaan maatilan liit\u00e4nt\u00e4holkista. \u00c4l\u00e4 yksinkertaisesti ved\u00e4 irti!<\/p>","protected":false},"excerpt":{"rendered":"<p><strong>Yhteys:<\/strong> Pistorasia 2x 14\/16\/18\/20 mm + kansi <strong>Levyjen v\u00e4li:<\/strong> Sis\u00e4puolella 20 mm \/ Ulkopuolella 28 mm<br \/>\n<strong>Koko:<\/strong> <strong><span style=\"color: #0000ff;\">L<\/span><\/strong><\/p>","protected":false},"featured_media":5192,"comment_status":"open","ping_status":"closed","template":"","meta":{"_acf_changed":false,"content-type":"","_monsterinsights_skip_tracking":false,"_monsterinsights_sitenote_active":false,"_monsterinsights_sitenote_note":"","_monsterinsights_sitenote_category":0},"product_brand":[],"product_cat":[80,83],"product_tag":[],"class_list":{"0":"post-4627","1":"product","2":"type-product","3":"status-publish","4":"has-post-thumbnail","6":"product_cat-antfarms","7":"product_cat-antfarms-l","9":"first","10":"instock","11":"taxable","12":"shipping-taxable","13":"purchasable","14":"product-type-simple"},"acf":[],"aioseo_notices":[],"jetpack_sharing_enabled":true,"_links":{"self":[{"href":"https:\/\/antcube.shop\/fi\/wp-json\/wp\/v2\/product\/4627","targetHints":{"allow":["GET"]}}],"collection":[{"href":"https:\/\/antcube.shop\/fi\/wp-json\/wp\/v2\/product"}],"about":[{"href":"https:\/\/antcube.shop\/fi\/wp-json\/wp\/v2\/types\/product"}],"replies":[{"embeddable":true,"href":"https:\/\/antcube.shop\/fi\/wp-json\/wp\/v2\/comments?post=4627"}],"wp:featuredmedia":[{"embeddable":true,"href":"https:\/\/antcube.shop\/fi\/wp-json\/wp\/v2\/media\/5192"}],"wp:attachment":[{"href":"https:\/\/antcube.shop\/fi\/wp-json\/wp\/v2\/media?parent=4627"}],"wp:term":[{"taxonomy":"product_brand","embeddable":true,"href":"https:\/\/antcube.shop\/fi\/wp-json\/wp\/v2\/product_brand?post=4627"},{"taxonomy":"product_cat","embeddable":true,"href":"https:\/\/antcube.shop\/fi\/wp-json\/wp\/v2\/product_cat?post=4627"},{"taxonomy":"product_tag","embeddable":true,"href":"https:\/\/antcube.shop\/fi\/wp-json\/wp\/v2\/product_tag?post=4627"}],"curies":[{"name":"wp","href":"https:\/\/api.w.org\/{rel}","templated":true}]}}