{"id":4626,"date":"2022-11-14T14:27:28","date_gmt":"2022-11-14T13:27:28","guid":{"rendered":"https:\/\/antcube.shop\/produkt\/bundle-offer-starter-set-kork-camponotus-nicobarensis-cricket-jam\/"},"modified":"2026-04-03T17:08:06","modified_gmt":"2026-04-03T15:08:06","slug":"bundle-offer-starter-set-kork-camponotus-nicobarensis-cricket-jam","status":"publish","type":"product","link":"https:\/\/antcube.shop\/fi\/tuote\/bundle-offer-starter-set-kork-camponotus-nicobarensis-cricket-jam\/","title":{"rendered":"Niputustarjous - Camponotus nicobarensis"},"content":{"rendered":"<p><span data-text-color=\"secondary\"><strong>Pakettitarjous, joka sis\u00e4lt\u00e4\u00e4 Camponotus nicobarensis -muurahaiskolonian (kuningatar + 5\u201310 ty\u00f6l\u00e4ist\u00e4 + poikue), korkkisen aloituspakkauksen, 2 formicarium-tyyny\u00e4, 10 ml:n hunajamehuseoksen t\u00e4ytt\u00f6pakkauksen ja 25 g:n purkin erityist\u00e4 krikettihilloa (kosteaa proteiinia).<\/strong><\/span><\/p>\n<p><span data-text-color=\"alert\"><strong>Vain niin kauan kuin varastoa riitt\u00e4\u00e4.<\/strong><\/span><\/p>\n<p><strong>Kaikki mit\u00e4 tarvitset Camponotus nicobarensis -muurahaispes\u00e4\u00e4 varten<\/strong><br \/>\nT\u00e4m\u00e4 paketti sis\u00e4lt\u00e4\u00e4 kaiken, mit\u00e4 tarvitset Camponotus nicobarensis -siirtokunnan menestyksekk\u00e4\u00e4seen kasvattamiseen ensimm\u00e4isten kuukausien aikana. Se on joustavasti laajennettavissa ja sopii nimenomaan muurahaiskasvatuksen aloittelijoille.<\/p>\n<p><strong>Muurahaislajit Camponotus nicobarensis<\/strong><br \/>\nCamponotus nicobarensis on suhteellisen suuri Camponotus-suvun laji, ja toisin kuin muut Camponotus-lajit, se kehittyy melko nopeasti. Siksi se sopii hyvin muurahaiskasvatuksen aloittelijoille. Lis\u00e4ksi sen ei tarvitse horrostaa, joten sit\u00e4 voi helposti tarkkailla kotona talvella. Luonnossa se el\u00e4\u00e4 muun muassa Kaakkois-Aasian puoliaavikoilla ja aroilla, mutta my\u00f6s kosteammilla alueilla. Eritt\u00e4in laajan levinneisyysalueensa vuoksi se siet\u00e4\u00e4 hyvin l\u00e4mp\u00f6tilaa ja kosteutta.<\/p>\n<p><strong>Camponotus nicobarensis -lajin ravinto<\/strong><br \/>\nCamponotus nicobarensis ruokailee hunajaisella vedell\u00e4 ja pienill\u00e4 el\u00e4vill\u00e4 tai kuolleilla hy\u00f6nteisill\u00e4, mutta my\u00f6s hedelm\u00e4t hyv\u00e4ksyt\u00e4\u00e4n helposti. Proteiinikorvausruokamme voidaan antaa my\u00f6s vaihtoehtona hy\u00f6nteisille. \"Tuoreet\" valkuaisaineet, kuten sirkkamarmeladimme, ovat kuitenkin parempia pes\u00e4kkeen kehityksen kannalta. My\u00f6s raikasta vett\u00e4 olisi tarjottava.<\/p>\n<p><strong>Camponotus nicobarensis -lajin formicarium<\/strong><br \/>\nCamponotus nicobarensis on parasta pit\u00e4\u00e4 Starter Sets L -sarjoissamme, joissa on korkkipes\u00e4. El\u00e4imet el\u00e4v\u00e4t luonnossa, yleens\u00e4 lahossa puussa, mutta k\u00e4ytt\u00e4v\u00e4t mielell\u00e4\u00e4n mit\u00e4 tahansa luonnollista onkaloa pes\u00e4ns\u00e4 rakentamiseen. Korkkipes\u00e4eristeemme soveltuvat parhaiten formikariumissa pidett\u00e4viksi, koska ne muistuttavat lahopuuta.<\/p>\n<p><strong>Sis\u00e4lt\u00f6:<\/strong><br \/>\n1x Camponotus nicobarensis (kuningatar + 5-10 ty\u00f6l\u00e4ist\u00e4 + poikanen)<\/p>\n<div>1x Sirkkahillo 25g<\/div>\n<div>1x Honeydew Mix (HT) - t\u00e4ydennyspakkaus 10ml<\/div>\n<div>1x Formicarium pohja - 20x20cm<\/div>\n<div>1x Formicarium pohja - 20x6cm<\/div>\n<div><\/div>\n<div>1x ANTCUBE - Arena 20x20x10 - tasainen<\/div>\n<div>1x muurahaisareenan kehys 20\u00d720<\/div>\n<div>1x muurahaisareenan kansi 20\u00d720<\/div>\n<div>4x kiinnityspiste areenan suojusta varten<\/div>\n<div>1x ANTCUBE - muurahaisfarmi - L - 20\u00d720 - pystyasennossa<\/div>\n<div><\/div>\n<div>1x ANTCUBE - korkkipes\u00e4 20\u00d720 - pystyasennossa<\/div>\n<div>1x 0,5m letku l\u00e4pin\u00e4kyv\u00e4 20\/16 mm<\/div>\n<div>1x ANTCUBE - Punainen folio 20\u00d720 - suodatin<\/div>\n<div>1x tarrakiinnikkeet - l\u00e4pin\u00e4kyv\u00e4 2 kpl.<\/div>\n<div>1x kasvualusta - hiekka-savi beige - 1000g<\/div>\n<div><\/div>\n<div>2x Grid insert acrylic &#8211; 50 mm with sealing ring<\/div>\n<div>1x Grid insert acrylic &#8211; 27 mm with sealing ring<\/div>\n<div>1x Ristikkokorkki - 16mm - ruostumaton ter\u00e4s<\/div>\n<div><\/div>\n<div>1x s\u00e4ili\u00f6letkun liitin 27-14,16,20 mm - l\u00e4pin\u00e4kyv\u00e4<\/div>\n<div>1x Foil thermometer &#8211; farm<\/div>\n<div>1x Foil thermometer Display<\/div>\n<div>1x drinking clear 5ml &#8211; sponge<\/div>\n<div>1x Feeding dish white rectangle &#8211; 3 compartments<\/div>\n<div>1x Drinking trough 2ml &#8211; 360 Degrees<\/div>\n<div>1x Muurahais\u00f6ljy 10ml<\/div>\n<div>1x Pinsetit jousiter\u00e4st\u00e4 - leve\u00e4 - pehme\u00e4<\/div>\n<div>1x Pinsetit muovinen l\u00e4pin\u00e4kyv\u00e4<\/div>\n<div>1x muovipipetti 3ml<\/div>\n<div>1x k\u00e4sisuurennuslasi - 2x - 30mm<\/div>\n<div>1x vaahtomuovipyyhin 150x18x2,5mm<\/div>\n<p><strong>Kuvaus Starter set:<\/strong><br \/>\nT\u00e4m\u00e4 korkista valmistettu aloitussarja, jossa on valmiiksi valmistettuja k\u00e4yt\u00e4vi\u00e4 ja kammioita, sopii eri muurahaislajeille, erityisesti lajeille, jotka pesiv\u00e4t (kuolleessa) puussa.<\/p>\n<p>\"ANTCUBE - Cork Nest\" voidaan asettaa t\u00e4ysin l\u00e4pin\u00e4kyv\u00e4\u00e4n tilaan. Vaihtoehtoisesti voit my\u00f6s k\u00e4ytt\u00e4\u00e4 \"Sand-clay beige\" -substraattia tilan t\u00e4ytt\u00e4miseen tai korkkipes\u00e4n joidenkin kammioiden sulkemiseen. Lis\u00e4moduulit voidaan tarvittaessa liitt\u00e4\u00e4 kannessa olevien 50 mm:n reikien kautta, esim. erikseen saatavissa olevat sumuttimet, tuulettimet tai valot. Vaihtoehtoisesti sopivat ritil\u00e4pellit ja formicarium-tulpat aukkojen sulkemiseksi sis\u00e4ltyv\u00e4t toimitukseen. Haluttaessa formicariumia voidaan k\u00e4ytt\u00e4\u00e4 my\u00f6s avoimena yksinkertaisesti asettamalla irrotettava kehys p\u00e4\u00e4lle ja levitt\u00e4m\u00e4ll\u00e4 muurahaisten pakenemissuoja\u00f6ljy\u00e4 reunaan.<\/p>\n<p><strong>T\u00e4rke\u00e4\u00e4:<\/strong> Kostuta alustaa ennen k\u00e4ytt\u00f6\u00e4, jotta seos voi sitoutua ja saada lujan otteen muurahaispes\u00e4ss\u00e4. Jos alusta on liian kuiva ja p\u00f6lyinen, muurahaisten hengitystiet voivat tukkeutua ja pahimmassa tapauksessa el\u00e4imet voivat tukehtua.<\/p>\n<p><strong>Suositus:<\/strong> Suosittelemme 2 mm:n korkuista substraattikerrosta, jotta el\u00e4imet eiv\u00e4t voi kaivautua areenalle, vaan ne k\u00e4ytt\u00e4v\u00e4t t\u00e4h\u00e4n tarkoitukseen varattua tarhaa.<\/p>\n<p><strong>Lasinvalmistusta koskevat huomautukset<\/strong><br \/>\nLasi leikataan DIN 1249 -standardin mukaisesti +\/- 1 mm:n toleranssilla. Eritt\u00e4in pienten muurahaislajien kohdalla on v\u00e4ltt\u00e4m\u00e4t\u00f6nt\u00e4 k\u00e4ytt\u00e4\u00e4 lis\u00e4suojaa.<\/p>\n<p><strong>Maatilaa koskevat muistiinpanot<\/strong><br \/>\nPes\u00e4\u00e4 tulisi k\u00e4ytt\u00e4\u00e4 ainoastaan kuivassa formikartiossa. Jos pes\u00e4 pidet\u00e4\u00e4n jatkuvasti kosteana, materiaali voi homehtua.<\/p>\n<p><strong>Kun kiinnit\u00e4t tai irrotat letkuja, ota huomioon seuraavat asiat:<\/strong><br \/>\nJos putkea on hyvin vaikea sovittaa liit\u00e4nt\u00e4muhviin, muhvi on hierottava kevyesti pisaralla irtoamissuoja\u00f6ljy\u00e4 tai -jauhetta. T\u00e4m\u00e4n j\u00e4lkeen letku on ty\u00f6nnett\u00e4v\u00e4 pistorasiaan kiert\u00e4m\u00e4ll\u00e4 tai ruuvaamalla ilman, ett\u00e4 pistorasiaa rasitetaan yl\u00f6s- ja alasp\u00e4in suuntautuvilla liikkeill\u00e4. Sama p\u00e4tee, kun letkut irrotetaan maatilan liit\u00e4nt\u00e4muhvista. \u00c4l\u00e4 yksinkertaisesti ved\u00e4 sit\u00e4 irti!<\/p>\n<p><strong>Ohjeet: <\/strong>(Versio 2023, p\u00e4ivitetty versio vuodelle 2024 on saatavilla viimeist\u00e4\u00e4n 04\/2024).<br \/>\n<span data-sheets-root=\"1\" data-sheets-value=\"{&quot;1&quot;:2,&quot;2&quot;:&quot;DE Gebrauchsanweisung Starter Set Kork (PDF 3,80 MB)&quot;}\" data-sheets-userformat=\"{&quot;2&quot;:513,&quot;3&quot;:{&quot;1&quot;:0},&quot;12&quot;:0}\" data-sheets-hyperlink=\"https:\/\/www.antstore.net\/shop\/images\/info\/de\/Gebrauchsanweisung Starter Set Kork.pdf\" data-sheets-hyperlinkruns=\"{&quot;1&quot;:3,&quot;2&quot;:&quot;https:\/\/www.antstore.net\/shop\/images\/info\/de\/Gebrauchsanweisung Starter Set Kork.pdf&quot;}\uee10{&quot;1&quot;:38}\"><a class=\"in-cell-link\" href=\"https:\/\/www.antstore.net\/shop\/images\/info\/de\/Gebrauchsanweisung Starter Set Kork.pdf\" target=\"_blank\" rel=\"noopener\">- DE <\/a><a class=\"in-cell-link\" href=\"https:\/\/www.antstore.net\/shop\/images\/info\/de\/Gebrauchsanweisung Starter Set Kork.pdf\" target=\"_blank\" rel=\"noopener\">Gebrauchsanweisung Starter Set Kork<\/a><a class=\"in-cell-link\" href=\"https:\/\/www.antstore.net\/shop\/images\/info\/de\/Gebrauchsanweisung Starter Set Kork.pdf\" target=\"_blank\" rel=\"noopener\"> (PDF 3,80 MB)<\/a><\/span><br \/>\n<a href=\"https:\/\/www.antstore.net\/shop\/images\/info\/en\/Instructions%20for%20use%20-%20Starter%20Set%20Cork.pdf\">- FI K\u00e4ytt\u00f6ohjeet - Starter Set Cork (PDF 3,79 MB)<\/a><br \/>\n<a href=\"https:\/\/www.antstore.net\/shop\/images\/info\/es\/Manual%20de%20instrucciones%20-%20Set%20de%20inicio%20de%20corcho.pdf\">- ES K\u00e4ytt\u00f6ohjeet - Aloitussarja (PDF 3,79 MB)<\/a><br \/>\n<a href=\"https:\/\/www.antstore.net\/shop\/images\/info\/fr\/Manuel%20d'instruction%20-%20Kit%20de%20d%C3%A9marrage%20en%20li%C3%A8ge.pdf\">- FR Manuel d'instruction - Kit de d\u00e9marrage en li\u00e8ge (PDF 3,79 MB)<\/a><\/p>\n<p><strong>Muistiinpanoja krikettijamista:<\/strong><br \/>\nBlanchoidut sirkkamme ovat helppo tapa tarjota muurahaisillesi tuoretta s\u00e4il\u00f6tty\u00e4 proteiiniruokaa ilman, ett\u00e4 sinun tarvitsee sy\u00f6tt\u00e4\u00e4 el\u00e4vi\u00e4 hy\u00f6nteisi\u00e4. Sis\u00e4lt\u00e4m\u00e4t sirkat (Acheta domesticus) on blanchoitu hell\u00e4varaisesti, jotta ravintoarvot, maku ja aromi s\u00e4ilyv\u00e4t. Lis\u00e4ksi hy\u00f6nteisten kitiininen kuori on pehmennetty t\u00e4ll\u00e4 tavoin, jotta se on helpommin sulavaa. Kollageeniproteiinien sidokset hajotetaan, jotta muurahaiset voivat hy\u00f6dynt\u00e4\u00e4 niit\u00e4 paremmin. Acheta domesticus -s\u00e4ilykkeill\u00e4 on sama ravintoarvo kuin el\u00e4vill\u00e4 sirkoilla, mutta ne ovat helpommin sulavia.<\/p>\n<p>Cricket Jam ei sovellu sellaisten muurahaislajien mets\u00e4stykseen, jotka vaativat el\u00e4v\u00e4\u00e4 ravintoa (esim. poneriinit, kuten Harpegnathos tai Odontomachus).<\/p>\n<p><strong>Muita etuja:<\/strong><br \/>\nTaatusti punkkivapaa<br \/>\nVoidaan annostella ja laimentaa vedell\u00e4<br \/>\nSteriloitu ja tyhji\u00f6pakattu<br \/>\nIlman lis\u00e4aineita<br \/>\nSirkat, jotka ovat per\u00e4isin kest\u00e4v\u00e4st\u00e4, puhtaasti luonnonmukaisesta kasvatuksesta ja joita ruokitaan orgaanisella j\u00e4tteell\u00e4.<\/p>\n<p><strong>Huom:<\/strong><br \/>\nS\u00e4ilyy j\u00e4\u00e4kaapissa noin nelj\u00e4 p\u00e4iv\u00e4\u00e4 avaamisen j\u00e4lkeen. Pidempi s\u00e4ilyvyys pakastettuna.<br \/>\n<strong>Huomio:<\/strong> Annostele ensin ja pakasta sitten.<\/p>\n<p><strong>Huomautus hunajakastikkeesta:<\/strong><br \/>\nSis\u00e4lt\u00f6: 10 ml<br \/>\nT\u00e4m\u00e4 on luonnontuote, jota olemme jalostaneet laboratoriossamme tehtyjen laajojen testien j\u00e4lkeen ja kehitt\u00e4neet muurahaisten hyvin hyv\u00e4ksym\u00e4ksi ruoaksi. Syyn\u00e4 on se, ett\u00e4 muurahaiset ja niiden aineenvaihdunta eiv\u00e4t hyv\u00e4ksy hyvin k\u00e4sittelem\u00e4t\u00f6nt\u00e4 hunajamehua sen alkuper\u00e4isess\u00e4, tiivistetyss\u00e4 muodossa.<br \/>\nHunajamehumme ker\u00e4ttiin Bulgarian saastuttamattomista luonnonvaraisista vuoristometsist\u00e4. Hunajakastetta tuotetaan vain hyvin rajoitetun ajan, noin kaksi kuukautta kes\u00e4ll\u00e4. Siksi se on hyvin harvinaista. Metsien maaper\u00e4n erityispiirteiden ja ilmaston vuoksi puiden lehtiin varastoituu v\u00e4ltt\u00e4m\u00e4tt\u00f6mi\u00e4 ravinteita, jotka kirvat imev\u00e4t itseens\u00e4. T\u00e4m\u00e4 tekee t\u00e4st\u00e4 hunajakasteseoksesta muurahaisten kannalta niin haluttavan.<\/p>\n<p><strong>Sovellus:<\/strong><br \/>\nRuokam\u00e4\u00e4r\u00e4 tulisi kuluttaa noin 3 p\u00e4iv\u00e4n kuluessa.<\/p>\n<p><strong>Kuvaus:<\/strong><br \/>\nToisin kuin kukkahunajaa, hunajamehua saadaan kasveja imevien hy\u00f6nteisten, kuten kirvojen, eritteist\u00e4. Kuusimehu on suosittu ravinnonl\u00e4hde monille hy\u00f6nteisille, kuten muurahaisille, mehil\u00e4isille ja kimalaisille. Mehil\u00e4iset ja kimalaiset nuolevat sit\u00e4 eri puiden lehdist\u00e4 tai neulasista. Muurahaiset, kuten Lasius niger, kirjaimellisesti pit\u00e4v\u00e4t kirvoja. Ne jopa puolustavat niit\u00e4 saalistajilta ja kuljettavat ne tuoreisiin versoihin.<\/p>\n<p>Hunajamehu on erityisen suosittua muurahaisten keskuudessa sen hieman erilaisten ainesosien vuoksi. Kuusimehun t\u00e4rkeimm\u00e4t sokerit ovat sakkaroosi ja fruktoosi, mutta siin\u00e4 on my\u00f6s pienempi\u00e4 m\u00e4\u00e4ri\u00e4 maltoosia, trehaloosia, melesitoosia, raffinoosia ja muita oligosakkarideja. Sokerin ja veden lis\u00e4ksi hunajakastike sis\u00e4lt\u00e4\u00e4 my\u00f6s v\u00e4ltt\u00e4m\u00e4tt\u00f6mi\u00e4 aminohappoja, kivenn\u00e4isaineita, hivenaineita, adenosiinia, fosfaatteja ja muita ainesosia, kuten vitamiineja.<\/p>\n<p><strong>K\u00e4yt\u00e4:<\/strong><br \/>\nHunajaa sy\u00f6vien muurahaislajien (Meliphagidae) osalta.<br \/>\nT\u00e4m\u00e4 on lis\u00e4rehu<br \/>\nSit\u00e4 voidaan tarjota el\u00e4imille toimitettuna. Koska kosteus v\u00e4hent\u00e4\u00e4 sokeripitoisuutta ja k\u00e4ymisprosessi alkaa, ruoka on vaihdettava 3 p\u00e4iv\u00e4n v\u00e4lein. Puhdista ruokintakuppi\/putki huolellisesti ennen uudelleenk\u00e4ytt\u00f6\u00e4.<br \/>\nKun pakkaus on avattu, se on s\u00e4ilytett\u00e4v\u00e4 tiiviisti suljettuna viimeiseen k\u00e4ytt\u00f6p\u00e4iv\u00e4\u00e4n asti.<\/p>\n<p><strong>Ravintosis\u00e4lt\u00f6 100 g:aa kohti:<\/strong><br \/>\nnoin 2,7 % rasvat<br \/>\njosta kyll\u00e4stetty noin 0,45 % %<br \/>\nnoin 95 % hiilihydraatteja.<br \/>\njosta sokeria noin 71<br \/>\nnoin 2,85% proteiinia<br \/>\nKivenn\u00e4isaineet (kalium, kalsium, kupari, rauta, natrium, magnesium, fosfori, sinkki ja muut hivenaineet). Aminohapot (proliini, leusiini, fenyylialaniini, alaniini, histidiini, isoleusiini, glutamiinihappo, arginiini, asparagiinihappo jne.) Orgaaniset hapot Entsyymit (fermentit)Aromit Inhibiinit (antibakteeriset aineet) Kukat Siitep\u00f6ly<\/p>\n<p><strong>Varastointi:<\/strong><br \/>\nRehun laadun varmistamiseksi rehu on s\u00e4ilytett\u00e4v\u00e4 pime\u00e4ss\u00e4 ja kuivassa paikassa.<\/p>\n<p><strong>Huom:<\/strong><br \/>\nHunajaa sy\u00f6vien muurahaisten lis\u00e4rehu.<br \/>\nKatso pakkausselosteesta koostumus, analyyttiset ainesosat, parasta ennen -p\u00e4iv\u00e4ys ja er\u00e4numero.<\/p>\n<p>Tietopuhelin +49 30 439703870<\/p>\n<p>Vastaava el\u00e4inl\u00e4\u00e4kint\u00e4- ja elintarvikevirasto:<br \/>\nSteglitzin el\u00e4inl\u00e4\u00e4k\u00e4rintoimisto<br \/>\nK\u00f6nigin-Luise-Str. 92<br \/>\n14195 Berliini<\/p>","protected":false},"excerpt":{"rendered":"<p>Sarja koostuu 33 osasta<br \/>\nKoko: <span style=\"color: #0000ff;\"><strong>L<\/strong><\/span><\/p>","protected":false},"featured_media":7121,"comment_status":"open","ping_status":"closed","template":"","meta":{"_acf_changed":false,"content-type":"","_monsterinsights_skip_tracking":false,"_monsterinsights_sitenote_active":false,"_monsterinsights_sitenote_note":"","_monsterinsights_sitenote_category":0},"product_brand":[],"product_cat":[355,73,76,89],"product_tag":[],"class_list":{"0":"post-4626","1":"product","2":"type-product","3":"status-publish","4":"has-post-thumbnail","6":"product_cat-bundle-offers","7":"product_cat-starter-sets","8":"product_cat-starter-sets-cork","9":"product_cat-cork","11":"first","12":"instock","13":"taxable","14":"shipping-taxable","15":"purchasable","16":"product-type-simple"},"acf":[],"aioseo_notices":[],"jetpack_sharing_enabled":true,"_links":{"self":[{"href":"https:\/\/antcube.shop\/fi\/wp-json\/wp\/v2\/product\/4626","targetHints":{"allow":["GET"]}}],"collection":[{"href":"https:\/\/antcube.shop\/fi\/wp-json\/wp\/v2\/product"}],"about":[{"href":"https:\/\/antcube.shop\/fi\/wp-json\/wp\/v2\/types\/product"}],"replies":[{"embeddable":true,"href":"https:\/\/antcube.shop\/fi\/wp-json\/wp\/v2\/comments?post=4626"}],"wp:featuredmedia":[{"embeddable":true,"href":"https:\/\/antcube.shop\/fi\/wp-json\/wp\/v2\/media\/7121"}],"wp:attachment":[{"href":"https:\/\/antcube.shop\/fi\/wp-json\/wp\/v2\/media?parent=4626"}],"wp:term":[{"taxonomy":"product_brand","embeddable":true,"href":"https:\/\/antcube.shop\/fi\/wp-json\/wp\/v2\/product_brand?post=4626"},{"taxonomy":"product_cat","embeddable":true,"href":"https:\/\/antcube.shop\/fi\/wp-json\/wp\/v2\/product_cat?post=4626"},{"taxonomy":"product_tag","embeddable":true,"href":"https:\/\/antcube.shop\/fi\/wp-json\/wp\/v2\/product_tag?post=4626"}],"curies":[{"name":"wp","href":"https:\/\/api.w.org\/{rel}","templated":true}]}}