{"id":4625,"date":"2022-11-14T14:21:09","date_gmt":"2022-11-14T13:21:09","guid":{"rendered":"https:\/\/antcube.shop\/produkt\/acrylglas-xt-rohr-50-46mm-1m\/"},"modified":"2026-04-20T09:58:13","modified_gmt":"2026-04-20T07:58:13","slug":"acrylglas-xt-rohr-50-46mm-1m","status":"publish","type":"product","link":"https:\/\/antcube.shop\/fi\/tuote\/acrylglas-xt-rohr-50-46mm-1m\/","title":{"rendered":"Muurahaisputki - kristallinkirkas - 50mm - 1m"},"content":{"rendered":"<p><strong>Mitat:<\/strong> ulkohalkaisija 50 mm, pituus: 1 m<\/p>\n<p><strong>Materiaali:<\/strong> akryylilasi<\/p>\n<p><strong>V\u00e4ri:<\/strong> l\u00e4pin\u00e4kyv\u00e4, kirkas<\/p>\n<p><strong>Kuvaus:<\/strong> Voidaan liitt\u00e4\u00e4 formikaarioon sovittimien avulla tai yhdist\u00e4\u00e4 useita formikaareja toisiinsa.<\/p>\n<p><strong>Huom:<\/strong> Pakkaussyist\u00e4 1 metrin putket voidaan puolittaa ja tilata valinnaisesti yhdess\u00e4 vastaavan putken kanssa. Jos haluat, ett\u00e4 putket toimitetaan joka tapauksessa 1 metrin putkina, t\u00e4m\u00e4 on valittava lis\u00e4varusteena.<\/p>","protected":false},"excerpt":{"rendered":"<p>Mitat: ulkohalkaisija 50 mm, pituus: 1 m Materiaali: akryylilasi V\u00e4ri: l\u00e4pin\u00e4kyv\u00e4, kirkas Kuvaus: Voidaan liitt\u00e4\u00e4 formikaarioon sovittimien avulla tai yhdist\u00e4\u00e4 useita formikaareja toisiinsa. Huomautus: Pakkaussyist\u00e4 1 metrin putket voidaan puolittaa ja tilata valinnaisesti yhteensopivan putkenp\u00e4tk\u00e4n kanssa. Jos haluat, ett\u00e4","protected":false},"featured_media":5122,"comment_status":"open","ping_status":"closed","template":"","meta":{"_acf_changed":false,"content-type":"","_monsterinsights_skip_tracking":false,"_monsterinsights_sitenote_active":false,"_monsterinsights_sitenote_note":"","_monsterinsights_sitenote_category":0},"product_brand":[],"product_cat":[119,120],"product_tag":[],"class_list":{"0":"post-4625","1":"product","2":"type-product","3":"status-publish","4":"has-post-thumbnail","6":"product_cat-formicarium-components","7":"product_cat-hoses","9":"first","10":"instock","11":"taxable","12":"shipping-taxable","13":"purchasable","14":"product-type-simple"},"acf":[],"aioseo_notices":[],"jetpack_sharing_enabled":true,"_links":{"self":[{"href":"https:\/\/antcube.shop\/fi\/wp-json\/wp\/v2\/product\/4625","targetHints":{"allow":["GET"]}}],"collection":[{"href":"https:\/\/antcube.shop\/fi\/wp-json\/wp\/v2\/product"}],"about":[{"href":"https:\/\/antcube.shop\/fi\/wp-json\/wp\/v2\/types\/product"}],"replies":[{"embeddable":true,"href":"https:\/\/antcube.shop\/fi\/wp-json\/wp\/v2\/comments?post=4625"}],"wp:featuredmedia":[{"embeddable":true,"href":"https:\/\/antcube.shop\/fi\/wp-json\/wp\/v2\/media\/5122"}],"wp:attachment":[{"href":"https:\/\/antcube.shop\/fi\/wp-json\/wp\/v2\/media?parent=4625"}],"wp:term":[{"taxonomy":"product_brand","embeddable":true,"href":"https:\/\/antcube.shop\/fi\/wp-json\/wp\/v2\/product_brand?post=4625"},{"taxonomy":"product_cat","embeddable":true,"href":"https:\/\/antcube.shop\/fi\/wp-json\/wp\/v2\/product_cat?post=4625"},{"taxonomy":"product_tag","embeddable":true,"href":"https:\/\/antcube.shop\/fi\/wp-json\/wp\/v2\/product_tag?post=4625"}],"curies":[{"name":"wp","href":"https:\/\/api.w.org\/{rel}","templated":true}]}}