{"id":4613,"date":"2022-11-01T18:09:28","date_gmt":"2022-11-01T17:09:28","guid":{"rendered":"https:\/\/antcube.shop\/produkt\/antcube-starter-set-vivarium-30x30x30-cube\/"},"modified":"2026-04-01T11:20:15","modified_gmt":"2026-04-01T09:20:15","slug":"plantcube-vivarium-20x20x20-biom","status":"publish","type":"product","link":"https:\/\/antcube.shop\/fi\/tuote\/plantcube-vivarium-20x20x20-biom\/","title":{"rendered":"PLANTCUBE - Vivarium 20x20x20 Biom"},"content":{"rendered":"<p><b>Sis\u00e4lt\u00f6:<\/b><b><br \/>\n<\/b><span style=\"font-weight: 400;\">1x PLANTCUBE Vivarium 20x20x20 Biom<\/span><span style=\"font-weight: 400;\"><br \/>\n<\/span><span style=\"font-weight: 400;\">2x tulpat 10mm reik\u00e4\u00e4 varten<\/span><\/p>\n<p><span style=\"font-weight: 400;\">Lasikuutio 20x20x20cm, jossa on 2x sivulla 27mm reik\u00e4 ja 2x sivulla 10mm reik\u00e4.<\/span><span style=\"font-weight: 400;\"><br \/>\n<\/span><span style=\"font-weight: 400;\">27 mm:n reik\u00e4 (keskipiste) on 8,5 cm:n korkeudella.\u00a0<\/span><\/p>\n<p><b>Mitat:<\/b><span style=\"font-weight: 400;\"> 200 x 200 x 200mm; 4mm lasin paksuus<\/span><\/p>\n<p><b>Materiaali:<\/b><span style=\"font-weight: 400;\"> float-lasi<\/span><\/p>\n<p><b>Sivuaukot:<\/b><b><br \/>\n<\/b><span style=\"font-weight: 400;\">2x reik\u00e4 27mm<\/span><span style=\"font-weight: 400;\"><br \/>\n<\/span><span style=\"font-weight: 400;\">2x reik\u00e4 10mm<\/span><\/p>\n<p><span style=\"font-weight: 400;\">PLANTCUBE Vivarioiden avulla voit suunnitella oman el\u00e4v\u00e4n taideteoksen olohuoneeseesi. Voit pit\u00e4\u00e4 PLANTCUBE-variossa my\u00f6s pieni\u00e4 el\u00e4imi\u00e4, joten luovuudellasi ei ole rajoja.<\/span><\/p>\n<p><span style=\"font-weight: 400;\">Jos haluat lis\u00e4tietoja PLANTCUBEsta tai lukea vaiheittaisen oppaamme vivariumin perustamisesta, k\u00e4y seuraavassa linkiss\u00e4: <a href=\"http:\/\/antcube.shop\/PLANTCUBE\">antcube.shop\/PLANTCUBE<\/a><\/span><\/p>\n<p><b>R\u00e4\u00e4t\u00e4l\u00f6i PLANTCUBE omien tai kasvien ja el\u00e4inten tarpeiden mukaan:<\/b><\/p>\n<p><span style=\"font-weight: 400;\">Kaksi 10 mm:n reik\u00e4\u00e4 sivulla, jotka sijaitsevat 2 cm:n korkeudella (keskell\u00e4) pohjasta, on tarkoitettu ylim\u00e4\u00e4r\u00e4isen veden poistamiseen. Voit esimerkiksi k\u00e4ytt\u00e4\u00e4 veden tyhjent\u00e4miseen l\u00e4pin\u00e4kyv\u00e4\u00e4 10\/06mm letkuamme. Kaksi 27 mm:n reik\u00e4\u00e4 voidaan joko sulkea tulpilla tai ne voivat toimia lis\u00e4tuuletuksena, kun ne on varustettu ritil\u00e4varusteilla. Voit jopa yhdist\u00e4\u00e4 t\u00e4ss\u00e4 kaksi asetelmaa akryyliputken avulla. N\u00e4in jos pid\u00e4t el\u00e4imi\u00e4 Vivariumissa, ne voivat vaeltaa vapaasti asetelmasta toiseen.<\/span><\/p>\n<p><b>Miten tehd\u00e4 PLANTCUBEsta bioaktiivinen ekosysteemi?:<\/b><\/p>\n<p><b>Luo salaojituskerros:<\/b><\/p>\n<p><span style=\"font-weight: 400;\">Kasvien tukemiseksi sinun on ensin rakennettava salaojituskerros Vivariumin sis\u00e4lle. Suosittelemme k\u00e4ytt\u00e4m\u00e4\u00e4n 2-3 cm:n savirakeita (4-8 mm), koska ne ovat kevyit\u00e4. Muista pest\u00e4 ne juoksevan veden alla ennen niiden laittamista p\u00f6lyn poistamiseksi.\u00a0<\/span><\/p>\n<p><span style=\"font-weight: 400;\">Voit asettaa salaojavillan savirakeiden p\u00e4\u00e4lle erottamaan salaojituksen alustasta.<\/span><\/p>\n<p><b>Mit\u00e4 kasveja ja maaper\u00e4\u00e4 kannattaa k\u00e4ytt\u00e4\u00e4:<\/b><\/p>\n<p><span style=\"font-weight: 400;\">Kaikki riippuu siit\u00e4, millaisen \"ekosysteemin\" haluat luoda. Jos haluat rakentaa aavikon tai melko kuivan Vivariumin, tarvitset kasveja, jotka viihtyv\u00e4t kyseisess\u00e4 ilmastossa, ja k\u00e4yt\u00e4t sopivaa maaper\u00e4\u00e4, jossa ne haluavat kasvaa. Trooppisissa Vivariumeissa on tietysti sama asia. Yrit\u00e4 k\u00e4ytt\u00e4\u00e4 kasveja samankaltaisilta alueilta ja\/tai samankaltaisesta ilmastosta, jotta ne kaikki viihtyv\u00e4t samantyyppisess\u00e4 maaper\u00e4ss\u00e4 ja ilmastossa. Hyv\u00e4ss\u00e4 kasvikaupassa pit\u00e4isi aina olla tietoa siit\u00e4, mik\u00e4 ilmasto ja maaper\u00e4 sopii niiden myymille kasveille.<\/span><\/p>\n<p><b>T\u00e4rke\u00e4\u00e4:<\/b><span style=\"font-weight: 400;\"> Jos haluat pit\u00e4\u00e4 kasveja ja el\u00e4imi\u00e4 yhdess\u00e4, et saa koskaan k\u00e4ytt\u00e4\u00e4 kasveja, joista et tied\u00e4, ovatko ne joutuneet kosketuksiin lannoitteiden tai torjunta-aineiden kanssa. K\u00e4yt\u00e4 vain terraariokaupoista tai vastaavista hankittuja kasveja, jotka ovat taatusti t\u00e4ysin vapaita torjunta-aineista ja lannoitteista. N\u00e4m\u00e4 voivat muuten johtaa el\u00e4imesi kuolemaan.<\/span><\/p>\n<p><b>Ota k\u00e4ytt\u00f6\u00f6n \"siivousryhm\u00e4\", jotta Vivariumista tulee bioaktiivinen.<\/b><\/p>\n<p><b>Mik\u00e4 on bioaktiivinen? <\/b><span style=\"font-weight: 400;\">Mik\u00e4 on bioaktiivinen? T\u00e4m\u00e4 on l\u00e4himp\u00e4n\u00e4 itsest\u00e4\u00e4n yll\u00e4pit\u00e4v\u00e4\u00e4 asetelmaa. Kyse on sopivan maaper\u00e4seoksen ja orgaanisen materiaalin lis\u00e4\u00e4misest\u00e4 mikroflooran muodostumista varten sek\u00e4 tarvittavasta mikrofaunasta ravinnekierron luomiseksi Vivariumiin.<\/span><\/p>\n<p><span style=\"font-weight: 400;\">Vinkkimme: Lis\u00e4\u00e4 aina pieni\u00e4 olentoja, kuten springtaileja ja isopodeja. Ne ovat itsess\u00e4\u00e4n hyv\u00e4 \"loputon\" ravinnonl\u00e4hde, jos haluat pit\u00e4\u00e4 muita el\u00e4imi\u00e4 Vivariumissasi. Ne sy\u00f6v\u00e4t erityisesti homeet, joita saattaa muodostua korkean ilmankosteuden vuoksi, ja rikastuttavat maaper\u00e4\u00e4 ravinteilla, jotka puolestaan mahdollistavat kasvien terveen kasvun.<\/span><\/p>\n<p><span style=\"font-weight: 400;\">Lis\u00e4\u00e4 maaper\u00e4\u00e4n hiilt\u00e4, joka auttaa mikrobeja asuttamaan maaper\u00e4n. Sammal ja korkkikuori tai valkoinen m\u00e4d\u00e4ntynyt puu lehtien kuivikkeen lis\u00e4ksi eiv\u00e4t ainoastaan n\u00e4yt\u00e4 luonnolliselta asetelmassasi, vaan ne my\u00f6s ruokkivat \"siivousryhm\u00e4\u00e4si\", tarjoavat niille piilopaikkoja ja lis\u00e4\u00e4ntymispaikkoja ja ne on helppo hajottaa kasveillesi ravinteiksi.<\/span><\/p>\n<p><b>Luonnossa kaikki on tasapainossa<\/b><\/p>\n<p><span style=\"font-weight: 400;\">Ei kuitenkaan ole suositeltavaa k\u00e4ytt\u00e4\u00e4 tiettyj\u00e4 isopodilajeja ilman, ett\u00e4 niihin lis\u00e4t\u00e4\u00e4n jotain niit\u00e4 mets\u00e4st\u00e4v\u00e4\u00e4, sill\u00e4 isopodipopulaatio ilman saalistajia, kuten esimerkiksi muurahaisia, karkaa helposti k\u00e4sist\u00e4, jolloin Vivariumin kasveista tulee nopeasti ei-toivottu ravinnonl\u00e4hde. Luonnossa kaikessa on kyse tasapainosta.<\/span><\/p>\n<p><b>Lis\u00e4tietoja:<\/b><\/p>\n<p><span style=\"font-weight: 400;\">Lasi leikataan DIN 1249 -standardin mukaisesti +\/- 1 mm:n toleranssilla. Eritt\u00e4in pienten muurahaislajien kohdalla ylim\u00e4\u00e4r\u00e4inen murtumissuojaus on v\u00e4ltt\u00e4m\u00e4t\u00f6n.<\/span><\/p>","protected":false},"excerpt":{"rendered":"<p>Liit\u00e4nt\u00e4: 2x reik\u00e4 27 mm<br \/>\n2x poraus 10 mm<\/p>","protected":false},"featured_media":12297,"comment_status":"open","ping_status":"closed","template":"","meta":{"_acf_changed":false,"content-type":"","_monsterinsights_skip_tracking":false,"_monsterinsights_sitenote_active":false,"_monsterinsights_sitenote_note":"","_monsterinsights_sitenote_category":0},"product_brand":[483],"product_cat":[341],"product_tag":[],"class_list":{"0":"post-4613","1":"product","2":"type-product","3":"status-publish","4":"has-post-thumbnail","6":"product_brand-plantcube","7":"product_cat-vivariums","9":"first","10":"instock","11":"taxable","12":"shipping-taxable","13":"purchasable","14":"product-type-simple"},"acf":[],"aioseo_notices":[],"jetpack_sharing_enabled":true,"_links":{"self":[{"href":"https:\/\/antcube.shop\/fi\/wp-json\/wp\/v2\/product\/4613","targetHints":{"allow":["GET"]}}],"collection":[{"href":"https:\/\/antcube.shop\/fi\/wp-json\/wp\/v2\/product"}],"about":[{"href":"https:\/\/antcube.shop\/fi\/wp-json\/wp\/v2\/types\/product"}],"replies":[{"embeddable":true,"href":"https:\/\/antcube.shop\/fi\/wp-json\/wp\/v2\/comments?post=4613"}],"wp:featuredmedia":[{"embeddable":true,"href":"https:\/\/antcube.shop\/fi\/wp-json\/wp\/v2\/media\/12297"}],"wp:attachment":[{"href":"https:\/\/antcube.shop\/fi\/wp-json\/wp\/v2\/media?parent=4613"}],"wp:term":[{"taxonomy":"product_brand","embeddable":true,"href":"https:\/\/antcube.shop\/fi\/wp-json\/wp\/v2\/product_brand?post=4613"},{"taxonomy":"product_cat","embeddable":true,"href":"https:\/\/antcube.shop\/fi\/wp-json\/wp\/v2\/product_cat?post=4613"},{"taxonomy":"product_tag","embeddable":true,"href":"https:\/\/antcube.shop\/fi\/wp-json\/wp\/v2\/product_tag?post=4613"}],"curies":[{"name":"wp","href":"https:\/\/api.w.org\/{rel}","templated":true}]}}