{"id":4607,"date":"2022-11-01T18:07:37","date_gmt":"2022-11-01T17:07:37","guid":{"rendered":"https:\/\/antcube.shop\/produkt\/formicariengranulat-1000ml-weis\/"},"modified":"2026-03-24T18:13:06","modified_gmt":"2026-03-24T17:13:06","slug":"formicarium-granulaatit-1000ml-valkoinen","status":"publish","type":"product","link":"https:\/\/antcube.shop\/fi\/tuote\/formicarium-granulaatit-1000ml-valkoinen\/","title":{"rendered":"Formicarium-rakeet 1000ml - valkoinen"},"content":{"rendered":"<p><strong>Sis\u00e4lt\u00f6:<\/strong> 1000ml (vastaa ~80g)<\/p>\n<p><strong>Raekoko:<\/strong> 1 - 6 mm<\/p>\n<p><strong>V\u00e4ri:<\/strong> valkoinen<\/p>\n<p><strong>Perusmateriaali:<\/strong> erityinen tuliper\u00e4isen obsidiaanin ja perliitin seos.<\/p>\n<p><strong>Kuvaus:<\/strong> Materiaali pid\u00e4tt\u00e4\u00e4 kosteutta ja huolehtii maaper\u00e4n hyv\u00e4st\u00e4 ilmavuudesta formikariumissa, mik\u00e4 suojaa vedenpoistumiselta ja m\u00e4d\u00e4ntymiselt\u00e4. Rakeista kerrosta tulisi k\u00e4ytt\u00e4\u00e4 noin 1-2 cm:n syvyydell\u00e4 kasvattamon pohjakerroksena.<\/p>\n<p><strong>Ominaisuudet:<\/strong><br \/>\n- ep\u00e4orgaaninen, mineraalituote<br \/>\n- biologisesti ja kemiallisesti neutraali<br \/>\n- rakenteellisesti vakaa<br \/>\n- varastoi kosteutta<\/p>","protected":false},"excerpt":{"rendered":"<p>Neutraalille tai vaalealle hiekka\/savialustalle.<\/p>","protected":false},"featured_media":5734,"comment_status":"open","ping_status":"closed","template":"","meta":{"_acf_changed":false,"content-type":"","_monsterinsights_skip_tracking":false,"_monsterinsights_sitenote_active":false,"_monsterinsights_sitenote_note":"","_monsterinsights_sitenote_category":0},"product_brand":[],"product_cat":[241],"product_tag":[],"class_list":{"0":"post-4607","1":"product","2":"type-product","3":"status-publish","4":"has-post-thumbnail","6":"product_cat-granules","8":"first","9":"instock","10":"taxable","11":"shipping-taxable","12":"purchasable","13":"product-type-simple"},"acf":[],"aioseo_notices":[],"jetpack_sharing_enabled":true,"_links":{"self":[{"href":"https:\/\/antcube.shop\/fi\/wp-json\/wp\/v2\/product\/4607","targetHints":{"allow":["GET"]}}],"collection":[{"href":"https:\/\/antcube.shop\/fi\/wp-json\/wp\/v2\/product"}],"about":[{"href":"https:\/\/antcube.shop\/fi\/wp-json\/wp\/v2\/types\/product"}],"replies":[{"embeddable":true,"href":"https:\/\/antcube.shop\/fi\/wp-json\/wp\/v2\/comments?post=4607"}],"wp:featuredmedia":[{"embeddable":true,"href":"https:\/\/antcube.shop\/fi\/wp-json\/wp\/v2\/media\/5734"}],"wp:attachment":[{"href":"https:\/\/antcube.shop\/fi\/wp-json\/wp\/v2\/media?parent=4607"}],"wp:term":[{"taxonomy":"product_brand","embeddable":true,"href":"https:\/\/antcube.shop\/fi\/wp-json\/wp\/v2\/product_brand?post=4607"},{"taxonomy":"product_cat","embeddable":true,"href":"https:\/\/antcube.shop\/fi\/wp-json\/wp\/v2\/product_cat?post=4607"},{"taxonomy":"product_tag","embeddable":true,"href":"https:\/\/antcube.shop\/fi\/wp-json\/wp\/v2\/product_tag?post=4607"}],"curies":[{"name":"wp","href":"https:\/\/api.w.org\/{rel}","templated":true}]}}