{"id":4372,"date":"2022-06-20T09:12:42","date_gmt":"2022-06-20T07:12:42","guid":{"rendered":"https:\/\/antcube.shop\/produkt\/ganze-blanchierte-heimchen\/"},"modified":"2026-04-06T11:46:19","modified_gmt":"2026-04-06T09:46:19","slug":"ganze-blanchierte-heimchen","status":"publish","type":"product","link":"https:\/\/antcube.shop\/fi\/tuote\/ganze-blanchierte-heimchen\/","title":{"rendered":"Valkuaisemmat kokonaiset sirkat"},"content":{"rendered":"<p><strong>Nettopaino:<\/strong> 10g per purkki<br \/>\nblanchoituja keskikokoisia sirkkoja paloina<\/p>\n<p>yksitt\u00e4inen sy\u00f6tt\u00f6<\/p>\n<p><strong>Kuvaus:<\/strong><br \/>\nBlanchoidut sirkkamme ovat helppo tapa tarjota muurahaisillesi tuoretta s\u00e4il\u00f6tty\u00e4 proteiiniruokaa ilman, ett\u00e4 sinun tarvitsee sy\u00f6tt\u00e4\u00e4 el\u00e4vi\u00e4 hy\u00f6nteisi\u00e4. Mukana olevat sirkat (Acheta domesticus) on blanchoitu hell\u00e4varaisesti, jotta ravintoarvo, maku ja aromi s\u00e4ilyv\u00e4t. Lis\u00e4ksi hy\u00f6nteisten kitiininen kuori pehmenee t\u00e4ll\u00e4 tavoin, jotta se on helpommin sulavaa. Kollageeniproteiinien yhdisteet hajotetaan, jotta muurahaiset voivat hy\u00f6dynt\u00e4\u00e4 ne paremmin. Acheta domesticus -s\u00e4ilykkeill\u00e4 on sama ravintoarvo kuin el\u00e4vill\u00e4 sirkoilla, mutta ne ovat helpommin sulavia. Toisin kuin pakastetuissa tai kuivatuissa sirkoissa, joissa menetet\u00e4\u00e4n noin 60% proteiinia, sis\u00e4lt\u00e4m\u00e4 proteiini voidaan jalostaa l\u00e4hes 100%:ksi.<\/p>\n<p>Sirkat eiv\u00e4t sovellu el\u00e4v\u00e4\u00e4 ravintoa vaativien muurahaislajien mets\u00e4stykseen (esim. poneriinit (alkumuurahaiset), kuten Harpegnathos tai Odontomachus).<\/p>\n<p><strong>Muita etuja:<\/strong><\/p>\n<p>Taatusti punkkivapaa<br \/>\nAnnosteltavissa<br \/>\nSteriloitu ja tyhji\u00f6ity<br \/>\nIlman lis\u00e4aineita<br \/>\nSirkat ovat per\u00e4isin kest\u00e4v\u00e4st\u00e4 puhtaasta luonnonmukaisesta kasvatuksesta, joita ruokitaan orgaanisella j\u00e4tteell\u00e4.<\/p>\n<p><strong>Ravitsemukselliset tiedot:<\/strong><br \/>\nRaakavalkuainen: 20%<br \/>\nRaakarasva: 7%<br \/>\nRaakakuitu: 22%<br \/>\nTuhka: 4%<br \/>\nKosteus: 46%<\/p>\n<p><strong>Ilmoitus:<\/strong><br \/>\nS\u00e4ilyy avattuna noin nelj\u00e4 p\u00e4iv\u00e4\u00e4 j\u00e4\u00e4kaapissa. Pidempi s\u00e4ilyvyys pakastettuna.<br \/>\n<strong>Huomio:<\/strong> Annostele ensin ja pakasta sitten. My\u00f6s yksitt\u00e4inen poisto on siis mahdollista (IQF).<\/p>","protected":false},"excerpt":{"rendered":"<p>yksitt\u00e4inen sy\u00f6tt\u00f6<\/p>","protected":false},"featured_media":4375,"comment_status":"open","ping_status":"closed","template":"","meta":{"_acf_changed":false,"content-type":"","_monsterinsights_skip_tracking":false,"_monsterinsights_sitenote_active":false,"_monsterinsights_sitenote_note":"","_monsterinsights_sitenote_category":0},"product_brand":[],"product_cat":[257,115,116],"product_tag":[],"class_list":{"0":"post-4372","1":"product","2":"type-product","3":"status-publish","4":"has-post-thumbnail","6":"product_cat-new-innovatve-products","7":"product_cat-food-and-feeding","8":"product_cat-food","10":"first","11":"instock","12":"taxable","13":"shipping-taxable","14":"purchasable","15":"product-type-simple"},"acf":[],"aioseo_notices":[],"jetpack_sharing_enabled":true,"_links":{"self":[{"href":"https:\/\/antcube.shop\/fi\/wp-json\/wp\/v2\/product\/4372","targetHints":{"allow":["GET"]}}],"collection":[{"href":"https:\/\/antcube.shop\/fi\/wp-json\/wp\/v2\/product"}],"about":[{"href":"https:\/\/antcube.shop\/fi\/wp-json\/wp\/v2\/types\/product"}],"replies":[{"embeddable":true,"href":"https:\/\/antcube.shop\/fi\/wp-json\/wp\/v2\/comments?post=4372"}],"wp:featuredmedia":[{"embeddable":true,"href":"https:\/\/antcube.shop\/fi\/wp-json\/wp\/v2\/media\/4375"}],"wp:attachment":[{"href":"https:\/\/antcube.shop\/fi\/wp-json\/wp\/v2\/media?parent=4372"}],"wp:term":[{"taxonomy":"product_brand","embeddable":true,"href":"https:\/\/antcube.shop\/fi\/wp-json\/wp\/v2\/product_brand?post=4372"},{"taxonomy":"product_cat","embeddable":true,"href":"https:\/\/antcube.shop\/fi\/wp-json\/wp\/v2\/product_cat?post=4372"},{"taxonomy":"product_tag","embeddable":true,"href":"https:\/\/antcube.shop\/fi\/wp-json\/wp\/v2\/product_tag?post=4372"}],"curies":[{"name":"wp","href":"https:\/\/api.w.org\/{rel}","templated":true}]}}