{"id":4343,"date":"2022-06-08T14:36:54","date_gmt":"2022-06-08T12:36:54","guid":{"rendered":"https:\/\/antcube.shop\/produkt\/naturbusch-auf-schieferplatte-gros\/"},"modified":"2025-10-19T15:15:12","modified_gmt":"2025-10-19T13:15:12","slug":"naturbusch-auf-schieferplatte-gros","status":"publish","type":"product","link":"https:\/\/antcube.shop\/fi\/tuote\/naturbusch-auf-schieferplatte-gros\/","title":{"rendered":"Koristepensas"},"content":{"rendered":"<p>Koko \/ korkeus 17 cm - 19 cm, halkaisija ~ 10 cm -12 cm, ihanteellinen areenoille 30x30x30 cm ja yli.<br \/>\nPaino vaihtelee 50 ja 80 gramman v\u00e4lill\u00e4<\/p>\n<p>Koriste-esine, joka koostuu luonnollisesti kuivatusta puupensaasta ja synteettisest\u00e4 hartsialustasta (pohjalevy).<br \/>\nT\u00e4m\u00e4 koristeellinen pensas on valmistettu k\u00e4sity\u00f6n\u00e4 Saksassa, joten sille on ominaista kest\u00e4vyys.<\/p>\n<p><strong>HUOMIO:<\/strong> \u00c4l\u00e4 sijoita eritt\u00e4in kosteisiin formikarioihin (yli 60% kosteus). Pensas voi alkaa homehtua. Eritt\u00e4in hyv\u00e4ll\u00e4 ilmanvaihdolla pensas voidaan sijoittaa my\u00f6s kosteampiin formikarioihin.<\/p>\n<p>Jotkin koristepensaat eiv\u00e4t korkeutensa vuoksi pysy yksin\u00e4\u00e4n pystyss\u00e4 formicariumissa. T\u00e4ll\u00f6in auttaa, jos pohjaa peitet\u00e4\u00e4n hieman kasvualustalla tai tuote sijoitetaan l\u00e4helle ulkoikkunoita.<\/p>\n<p><span data-text-color=\"alert\"><strong>T\u00c4RKE\u00c4 HUOMAUTUS ARTIKKELISTA:<\/strong><\/span><br \/>\nKoska kyseess\u00e4 on luonnontuote \/ ainutlaatuinen tuote, kuvat eiv\u00e4t ole t\u00e4ysin identtisi\u00e4 saamasi tuotteen kanssa. Minipuun sek\u00e4 louhosliuskekivipohjalevyn koossa, muodossa ja v\u00e4riss\u00e4 on vaihtelua. Takaamme vain tuotteen enimm\u00e4iskorkeuden.<\/p>\n<p>Tilaamalla t\u00e4m\u00e4n tuotteen hyv\u00e4ksyt ja hyv\u00e4ksyt edell\u00e4 mainitut mahdolliset tuotteen koon, muodon ja v\u00e4rin vaihtelut ostohetkell\u00e4.<\/p>","protected":false},"excerpt":{"rendered":"<p>Koko: 17-19 cm pitk\u00e4<\/p>","protected":false},"featured_media":6380,"comment_status":"open","ping_status":"closed","template":"","meta":{"_acf_changed":false,"content-type":"","_monsterinsights_skip_tracking":false,"_monsterinsights_sitenote_active":false,"_monsterinsights_sitenote_note":"","_monsterinsights_sitenote_category":0},"product_brand":[],"product_cat":[99,101,102],"product_tag":[],"class_list":{"0":"post-4343","1":"product","2":"type-product","3":"status-publish","4":"has-post-thumbnail","6":"product_cat-desert","7":"product_cat-forest","8":"product_cat-meadow","10":"first","11":"outofstock","12":"taxable","13":"shipping-taxable","14":"purchasable","15":"product-type-simple"},"acf":[],"aioseo_notices":[],"jetpack_sharing_enabled":true,"_links":{"self":[{"href":"https:\/\/antcube.shop\/fi\/wp-json\/wp\/v2\/product\/4343","targetHints":{"allow":["GET"]}}],"collection":[{"href":"https:\/\/antcube.shop\/fi\/wp-json\/wp\/v2\/product"}],"about":[{"href":"https:\/\/antcube.shop\/fi\/wp-json\/wp\/v2\/types\/product"}],"replies":[{"embeddable":true,"href":"https:\/\/antcube.shop\/fi\/wp-json\/wp\/v2\/comments?post=4343"}],"wp:featuredmedia":[{"embeddable":true,"href":"https:\/\/antcube.shop\/fi\/wp-json\/wp\/v2\/media\/6380"}],"wp:attachment":[{"href":"https:\/\/antcube.shop\/fi\/wp-json\/wp\/v2\/media?parent=4343"}],"wp:term":[{"taxonomy":"product_brand","embeddable":true,"href":"https:\/\/antcube.shop\/fi\/wp-json\/wp\/v2\/product_brand?post=4343"},{"taxonomy":"product_cat","embeddable":true,"href":"https:\/\/antcube.shop\/fi\/wp-json\/wp\/v2\/product_cat?post=4343"},{"taxonomy":"product_tag","embeddable":true,"href":"https:\/\/antcube.shop\/fi\/wp-json\/wp\/v2\/product_tag?post=4343"}],"curies":[{"name":"wp","href":"https:\/\/api.w.org\/{rel}","templated":true}]}}