{"id":4342,"date":"2022-06-08T14:36:40","date_gmt":"2022-06-08T12:36:40","guid":{"rendered":"https:\/\/antcube.shop\/produkt\/naturbusch-auf-schieferplatte-klein\/"},"modified":"2026-04-20T16:40:53","modified_gmt":"2026-04-20T14:40:53","slug":"naturbusch-auf-schieferplatte-klein","status":"publish","type":"product","link":"https:\/\/antcube.shop\/fi\/tuote\/naturbusch-auf-schieferplatte-klein\/","title":{"rendered":"Luonnollinen pensas liuskekivell\u00e4 - Pieni"},"content":{"rendered":"<p>Koko \/ korkeus enint\u00e4\u00e4n 9 cm, ihanteellinen 20x20x10 cm areenoille.<br \/>\nPaino vaihtelee 200 ja 600 gramman v\u00e4lill\u00e4<\/p>\n<p>Koriste-esine, joka koostuu puhtaasti luonnonosista, kuivatusta puupensaasta ja liuskekivilevyst\u00e4 (pohjalevy). Molemmat k\u00e4sittelem\u00e4tt\u00f6mi\u00e4 luonnontuotteita.<br \/>\nT\u00e4m\u00e4 minipuu on valmistettu k\u00e4sity\u00f6n\u00e4 Saksassa, joten sille on ominaista kest\u00e4vyys.<\/p>\n<p><strong>HUOMIO:<\/strong> \u00c4l\u00e4 sijoita eritt\u00e4in kosteaan formikariaan (yli 60% kosteus). Pensas voi alkaa homehtua. Eritt\u00e4in hyv\u00e4ll\u00e4 ilmanvaihdolla pensas voidaan sijoittaa kosteampiin formikarioihin.<\/p>\n<p><strong>T\u00c4RKE\u00c4 HUOMAUTUS TUOTTEESTA:<\/strong><br \/>\nKoska kyseess\u00e4 on luonnontuote \/ ainutlaatuinen tuote, kuvat eiv\u00e4t ole t\u00e4ysin identtisi\u00e4 saamasi tuotteen kanssa. Minipuun sek\u00e4 louhosliuskekivipohjalevyn koossa, muodossa ja v\u00e4riss\u00e4 on vaihtelua. Takaamme vain tuotteen enimm\u00e4iskorkeuden.<\/p>\n<p>Tilaamalla t\u00e4m\u00e4n tuotteen hyv\u00e4ksyt ja hyv\u00e4ksyt edell\u00e4 mainitut mahdolliset tuotteen koon, muodon ja v\u00e4rin vaihtelut ostohetkell\u00e4.<\/p>","protected":false},"excerpt":{"rendered":"<p>Koko: 18x15x9<\/p>","protected":false},"featured_media":4355,"comment_status":"open","ping_status":"closed","template":"","meta":{"_acf_changed":false,"content-type":"","_monsterinsights_skip_tracking":false,"_monsterinsights_sitenote_active":false,"_monsterinsights_sitenote_note":"","_monsterinsights_sitenote_category":0},"product_brand":[],"product_cat":[99,101,102],"product_tag":[],"class_list":{"0":"post-4342","1":"product","2":"type-product","3":"status-publish","4":"has-post-thumbnail","6":"product_cat-desert","7":"product_cat-forest","8":"product_cat-meadow","10":"first","11":"instock","12":"taxable","13":"shipping-taxable","14":"purchasable","15":"product-type-simple"},"acf":[],"aioseo_notices":[],"jetpack_sharing_enabled":true,"_links":{"self":[{"href":"https:\/\/antcube.shop\/fi\/wp-json\/wp\/v2\/product\/4342","targetHints":{"allow":["GET"]}}],"collection":[{"href":"https:\/\/antcube.shop\/fi\/wp-json\/wp\/v2\/product"}],"about":[{"href":"https:\/\/antcube.shop\/fi\/wp-json\/wp\/v2\/types\/product"}],"replies":[{"embeddable":true,"href":"https:\/\/antcube.shop\/fi\/wp-json\/wp\/v2\/comments?post=4342"}],"wp:featuredmedia":[{"embeddable":true,"href":"https:\/\/antcube.shop\/fi\/wp-json\/wp\/v2\/media\/4355"}],"wp:attachment":[{"href":"https:\/\/antcube.shop\/fi\/wp-json\/wp\/v2\/media?parent=4342"}],"wp:term":[{"taxonomy":"product_brand","embeddable":true,"href":"https:\/\/antcube.shop\/fi\/wp-json\/wp\/v2\/product_brand?post=4342"},{"taxonomy":"product_cat","embeddable":true,"href":"https:\/\/antcube.shop\/fi\/wp-json\/wp\/v2\/product_cat?post=4342"},{"taxonomy":"product_tag","embeddable":true,"href":"https:\/\/antcube.shop\/fi\/wp-json\/wp\/v2\/product_tag?post=4342"}],"curies":[{"name":"wp","href":"https:\/\/api.w.org\/{rel}","templated":true}]}}