{"id":4287,"date":"2022-04-28T15:49:09","date_gmt":"2022-04-28T13:49:09","guid":{"rendered":"https:\/\/antcube.shop\/produkt\/reagenzglaser-150x16-mm-10-st\/"},"modified":"2026-04-14T12:07:22","modified_gmt":"2026-04-14T10:07:22","slug":"reagenzglaser-150x16-mm-10-st","status":"publish","type":"product","link":"https:\/\/antcube.shop\/fi\/tuote\/reagenzglaser-150x16-mm-10-st\/","title":{"rendered":"Testilasiputki 150\u00d716 mm \/ 10 kpl."},"content":{"rendered":"<p><b>Koko:<\/b> 150\u00d716 mm<\/p>\n<p><strong>Kapasiteetti:<\/strong> 20 ml<\/p>\n<p><b>Kuvaus:<\/b> Koeputki on valmistettu soodalasista, paksusein\u00e4inen ja reunallinen. Voidaan k\u00e4ytt\u00e4\u00e4 pes\u00e4kammiona pidemm\u00e4n aikaa t\u00e4ytt\u00e4m\u00e4ll\u00e4 1\/3 vedell\u00e4 ja tiivist\u00e4m\u00e4ll\u00e4 imukykyisell\u00e4 puuvillalla. Soveltuu my\u00f6s kuljetuss\u00e4ili\u00f6ksi.<\/p>","protected":false},"excerpt":{"rendered":"<p>Koko: 150x16 mm Kapasiteetti: 20 ml Kuvaus: Paksusein\u00e4inen, reunallinen, soodalasista valmistettu koeputki. Voidaan k\u00e4ytt\u00e4\u00e4 pes\u00e4kammiona pidemm\u00e4n aikaa t\u00e4ytt\u00e4m\u00e4ll\u00e4 1\/3 vedell\u00e4 ja tiivist\u00e4m\u00e4ll\u00e4 imukykyisell\u00e4 puuvillalla. Soveltuu my\u00f6s kuljetuss\u00e4ili\u00f6ksi.<\/p>","protected":false},"featured_media":4290,"comment_status":"open","ping_status":"closed","template":"","meta":{"_acf_changed":false,"content-type":"","_monsterinsights_skip_tracking":false,"_monsterinsights_sitenote_active":false,"_monsterinsights_sitenote_note":"","_monsterinsights_sitenote_category":0},"product_brand":[],"product_cat":[237],"product_tag":[],"class_list":{"0":"post-4287","1":"product","2":"type-product","3":"status-publish","4":"has-post-thumbnail","6":"product_cat-tools","8":"first","9":"instock","10":"taxable","11":"shipping-taxable","12":"purchasable","13":"product-type-simple"},"acf":[],"aioseo_notices":[],"jetpack_sharing_enabled":true,"_links":{"self":[{"href":"https:\/\/antcube.shop\/fi\/wp-json\/wp\/v2\/product\/4287","targetHints":{"allow":["GET"]}}],"collection":[{"href":"https:\/\/antcube.shop\/fi\/wp-json\/wp\/v2\/product"}],"about":[{"href":"https:\/\/antcube.shop\/fi\/wp-json\/wp\/v2\/types\/product"}],"replies":[{"embeddable":true,"href":"https:\/\/antcube.shop\/fi\/wp-json\/wp\/v2\/comments?post=4287"}],"wp:featuredmedia":[{"embeddable":true,"href":"https:\/\/antcube.shop\/fi\/wp-json\/wp\/v2\/media\/4290"}],"wp:attachment":[{"href":"https:\/\/antcube.shop\/fi\/wp-json\/wp\/v2\/media?parent=4287"}],"wp:term":[{"taxonomy":"product_brand","embeddable":true,"href":"https:\/\/antcube.shop\/fi\/wp-json\/wp\/v2\/product_brand?post=4287"},{"taxonomy":"product_cat","embeddable":true,"href":"https:\/\/antcube.shop\/fi\/wp-json\/wp\/v2\/product_cat?post=4287"},{"taxonomy":"product_tag","embeddable":true,"href":"https:\/\/antcube.shop\/fi\/wp-json\/wp\/v2\/product_tag?post=4287"}],"curies":[{"name":"wp","href":"https:\/\/api.w.org\/{rel}","templated":true}]}}