{"id":4261,"date":"2022-04-28T14:01:16","date_gmt":"2022-04-28T12:01:16","guid":{"rendered":"https:\/\/antcube.shop\/produkt\/nestrohrchen-rack-25mm\/"},"modified":"2026-01-12T12:36:20","modified_gmt":"2026-01-12T11:36:20","slug":"nestrohrchen-teline-25mm","status":"publish","type":"product","link":"https:\/\/antcube.shop\/fi\/tuote\/nestrohrchen-teline-25mm\/","title":{"rendered":"Pes\u00e4putkiteline 25mm"},"content":{"rendered":"<p style=\"margin-bottom: 0cm;\"><strong>Mitat:<\/strong> 25x12x4 cm<\/p>\n<p><strong>Materiaalit: <\/strong>PMMA, PVC<\/p>\n<p><strong>V\u00e4ri: <\/strong>kristallinkirkas, l\u00e4pin\u00e4kyv\u00e4, l\u00e4pin\u00e4kyv\u00e4<\/p>\n<p><strong>Sis\u00e4lt\u00f6:<\/strong><br \/>\n2x porauslevy<br \/>\n2x tartuntalevy<br \/>\n4x joustavat hihnat<\/p>\n<p><strong>Huom: <\/strong>Osat toimitetaan pakettina tai liit\u00e4nt\u00e4j\u00e4rjestelm\u00e4n\u00e4. Liimausta ei tarvita.<\/p>\n<p><strong>Yhteys:<\/strong><br \/>\npes\u00e4putkia varten, joiden halkaisija on 25 mm<\/p>\n<p><strong>Kuvaus:<\/strong> Pes\u00e4putkitelinett\u00e4 k\u00e4ytet\u00e4\u00e4n muurahaispes\u00e4putkien huolelliseen s\u00e4ilytykseen. Pakkaus on helppo koota.<\/p>\n<p><strong>Sovellus:<\/strong> Pes\u00e4putkien s\u00e4ilytykseen. Sopii muurahaishautomoon<\/p>\n<p><strong>Huom:<\/strong> Vakauden parantamiseksi pinoamisen yhteydess\u00e4 suosittelemme \"Tiivistysrengas l\u00e4pin\u00e4kyv\u00e4 joustava 20-50 mm - 10 kpl\", katso artikkelisuositus.<\/p>","protected":false},"excerpt":{"rendered":"<p>25 mm:n pes\u00e4putkia varten<\/p>","protected":false},"featured_media":4279,"comment_status":"open","ping_status":"closed","template":"","meta":{"_acf_changed":false,"content-type":"","_monsterinsights_skip_tracking":false,"_monsterinsights_sitenote_active":false,"_monsterinsights_sitenote_note":"","_monsterinsights_sitenote_category":0},"product_brand":[],"product_cat":[237],"product_tag":[],"class_list":{"0":"post-4261","1":"product","2":"type-product","3":"status-publish","4":"has-post-thumbnail","6":"product_cat-tools","8":"first","9":"instock","10":"taxable","11":"shipping-taxable","12":"purchasable","13":"product-type-simple"},"acf":[],"aioseo_notices":[],"jetpack_sharing_enabled":true,"_links":{"self":[{"href":"https:\/\/antcube.shop\/fi\/wp-json\/wp\/v2\/product\/4261","targetHints":{"allow":["GET"]}}],"collection":[{"href":"https:\/\/antcube.shop\/fi\/wp-json\/wp\/v2\/product"}],"about":[{"href":"https:\/\/antcube.shop\/fi\/wp-json\/wp\/v2\/types\/product"}],"replies":[{"embeddable":true,"href":"https:\/\/antcube.shop\/fi\/wp-json\/wp\/v2\/comments?post=4261"}],"wp:featuredmedia":[{"embeddable":true,"href":"https:\/\/antcube.shop\/fi\/wp-json\/wp\/v2\/media\/4279"}],"wp:attachment":[{"href":"https:\/\/antcube.shop\/fi\/wp-json\/wp\/v2\/media?parent=4261"}],"wp:term":[{"taxonomy":"product_brand","embeddable":true,"href":"https:\/\/antcube.shop\/fi\/wp-json\/wp\/v2\/product_brand?post=4261"},{"taxonomy":"product_cat","embeddable":true,"href":"https:\/\/antcube.shop\/fi\/wp-json\/wp\/v2\/product_cat?post=4261"},{"taxonomy":"product_tag","embeddable":true,"href":"https:\/\/antcube.shop\/fi\/wp-json\/wp\/v2\/product_tag?post=4261"}],"curies":[{"name":"wp","href":"https:\/\/api.w.org\/{rel}","templated":true}]}}