{"id":4258,"date":"2022-04-28T14:00:36","date_gmt":"2022-04-28T12:00:36","guid":{"rendered":"https:\/\/antcube.shop\/produkt\/ameisen-inkubator\/"},"modified":"2026-04-09T15:04:51","modified_gmt":"2026-04-09T13:04:51","slug":"ameisen-inkubator","status":"publish","type":"product","link":"https:\/\/antcube.shop\/fi\/tuote\/ameisen-inkubator\/","title":{"rendered":"Muurahaishautomo"},"content":{"rendered":"<p><strong>Koko:\u00a0<\/strong>Yksik\u00f6n koko: 40\u00d739,5\u00d748 cm ; Sis\u00e4pinta: 32\u00d722,5\u00d737 cm.<\/p>\n<p><strong>V\u00e4ri:<\/strong> Musta<\/p>\n<p><strong>Tekniset tiedot:<\/strong><br \/>\nJ\u00e4nnite: 220-240V, 50Hz<br \/>\nTeho: 70W<br \/>\nKaapelin pituus verkkokaapeli: 1.60m<br \/>\nL\u00e4mp\u00f6tila-alue: 5\u00b0C - 40\u00b0C<\/p>\n<p><strong>Materiaali:<\/strong> Metalli, lasi<\/p>\n<p><strong>Kuvaus:<\/strong><br \/>\nT\u00e4m\u00e4 muurahaishautomo ei sovellu ainoastaan trooppisten alueiden muurahaispesien kasvatukseen, vaan my\u00f6s talvehtivien muurahaispesien kasvatukseen.<br \/>\nSiin\u00e4 on l\u00e4mp\u00f6tilan s\u00e4\u00e4din digitaalisella n\u00e4yt\u00f6ll\u00e4 ja irrotettava v\u00e4lihylly lis\u00e4tilaa varten. L\u00e4mp\u00f6tilaa voidaan s\u00e4\u00e4t\u00e4\u00e4 ja muuttaa tarpeen mukaan. Laitteella voidaan sek\u00e4 j\u00e4\u00e4hdytt\u00e4\u00e4 (noin 5 \u00b0C:seen) ett\u00e4 l\u00e4mmitt\u00e4\u00e4 (noin 40 \u00b0C:seen). S\u00e4\u00e4dett\u00e4v\u00e4 l\u00e4mp\u00f6tila-alue on n. 5\u00b0C-40\u00b0C. Laitetta voidaan siis k\u00e4ytt\u00e4\u00e4 my\u00f6s kotoper\u00e4isten muurahaisten talvehtimiseen.<\/p>\n<p><strong>Edut:<\/strong><br \/>\nUsein joudut kohtaamaan kysymyksen siit\u00e4, miten s\u00e4ilytt\u00e4\u00e4 muurahaisia talvehtimista varten mutkattomasti oikeassa l\u00e4mp\u00f6tilassa. J\u00e4\u00e4kaappi on muutenkin liian t\u00e4ynn\u00e4, parvekkeella voi olla el\u00e4imille liian kylm\u00e4, ja kellarissa on my\u00f6s ahdasta, tai sitten sinulla ei ole tarpeeksi valvontaa.<br \/>\n<strong>T\u00e4ss\u00e4 on ratkaisu:<\/strong> Voit joko antaa el\u00e4inten talvehtia hautomossa pes\u00e4putkitelineidemme kanssa koeputkissa, jolloin niit\u00e4 voi olla jopa 100 pes\u00e4kett\u00e4 samanaikaisesti, tai yhdess\u00e4 koko ANTCUBE Formicariumin kanssa. Esimerkiksi ANTCUBE Arena Combi, mahtuu kokonaan sis\u00e4lle. Mutta my\u00f6s aloitussarjassa, jossa on areena 20x20x10 ja 2 pes\u00e4\u00e4 20\u00d720, olisi riitt\u00e4v\u00e4sti tilaa.<br \/>\nMy\u00f6s varastointi ja kuljetus autossa, esimerkiksi parvilennon aikana, erityisen herkkien leikkurimuurahaisten siirt\u00e4minen tai kuljettaminen on mahdollista.<br \/>\nK\u00e4yt\u00e4nn\u00f6llisi\u00e4 koeputkitelineit\u00e4 (pes\u00e4putkia) on saatavana kolmea eri kokoa. T\u00e4ss\u00e4 on suosituksemme:<\/p>\n<p><strong>Suositus:<\/strong><br \/>\nInkubaattorin tila soveltuu:<br \/>\nJopa 24x sirkka-koeputkea\/ tai 24x ker\u00e4yslaatikko l\u00e4pin\u00e4kyv\u00e4 115x115x55<br \/>\nPes\u00e4putkissa oleville muurahaisille suosittelemme pes\u00e4putkitelineit\u00e4 s\u00e4ilytykseen<br \/>\nSopii sis\u00e4tiloihin:<br \/>\n- pes\u00e4putkiteline 16mm = 12 kpl tai 120 pes\u00e4putkea halkaisijaltaan 16mm:n pes\u00e4putkea<br \/>\n- 18 mm:n putkihylly = 12 kpl tai 120 pesuputkea, joiden halkaisija on 18 mm.<br \/>\n- 25 mm:n pesuputkiteline = 9 kpl tai 54 pesuputkea, joiden halkaisija on 25 mm.<\/p>\n<p><strong>Huom:<\/strong><br \/>\n- \u00c4l\u00e4 aseta laitetta suoraan auringonvaloon tai l\u00e4mm\u00f6nl\u00e4hteen viereen, sill\u00e4 ulkoiset l\u00e4mp\u00f6tilanvaihtelut vaikuttavat sis\u00e4iseen l\u00e4mp\u00f6tilaan.<br \/>\n- Aseta laite kuivaan paikkaan, jossa l\u00e4mp\u00f6tila on mahdollisimman vakio.<br \/>\n- Tuulettimien on voitava py\u00f6ri\u00e4 vapaasti<br \/>\n- Ilmapintojen on pysytt\u00e4v\u00e4 vapaina<br \/>\n- Tarkista s\u00e4\u00e4nn\u00f6llisesti vaurioiden varalta -&gt; jos vaurioita esiintyy, lopeta toiminta v\u00e4litt\u00f6m\u00e4sti.<br \/>\n- Inkubaattori voidaan suojata kahdesti lis\u00e4varusteella Thermo Control II tai Thermo Control Pro II. Vastaava l\u00e4pivienti sijaitsee laitteen takaosassa.<\/p>\n<p><strong>Huom: <\/strong>20.01.2025 - Tuotep\u00e4ivitys - uusi malli<\/p>","protected":false},"excerpt":{"rendered":"<p>Koko: Sis\u00e4puoli: 32\u00d722.5\u00d737 cm V\u00e4ri: Musta Tekniset tiedot: Tekniset tiedot: 40\u00d739.5\u00d748 cm: J\u00e4nnite: 220-240V, 50Hz Teho: 70W Kaapelin pituus verkkojohto: L\u00e4mp\u00f6tila-alue: 1,60 m: L\u00e4mp\u00f6tila: 5\u00b0C - 40\u00b0C Materiaali: L\u00e4mp\u00f6tila-alue: 5\u00b0C - 40\u00b0C Materiaali: 1,5\u00b0C - 40\u00b0C: Materiaali: metalli, lasi Kuvaus: Materiaali: metalli, lasi: T\u00e4m\u00e4 muurahaishautomo ei sovellu ainoastaan trooppisten alueiden muurahaispes\u00e4kkeiden kasvattamiseen, vaan my\u00f6s talvihorroksessa oleville muurahaispes\u00e4kkeille. Siin\u00e4 on [...]","protected":false},"featured_media":11099,"comment_status":"open","ping_status":"closed","template":"","meta":{"_acf_changed":false,"content-type":"","_monsterinsights_skip_tracking":false,"_monsterinsights_sitenote_active":false,"_monsterinsights_sitenote_note":"","_monsterinsights_sitenote_category":0},"product_brand":[],"product_cat":[237],"product_tag":[],"class_list":{"0":"post-4258","1":"product","2":"type-product","3":"status-publish","4":"has-post-thumbnail","6":"product_cat-tools","8":"first","9":"instock","10":"taxable","11":"shipping-taxable","12":"purchasable","13":"product-type-simple"},"acf":[],"aioseo_notices":[],"jetpack_sharing_enabled":true,"_links":{"self":[{"href":"https:\/\/antcube.shop\/fi\/wp-json\/wp\/v2\/product\/4258","targetHints":{"allow":["GET"]}}],"collection":[{"href":"https:\/\/antcube.shop\/fi\/wp-json\/wp\/v2\/product"}],"about":[{"href":"https:\/\/antcube.shop\/fi\/wp-json\/wp\/v2\/types\/product"}],"replies":[{"embeddable":true,"href":"https:\/\/antcube.shop\/fi\/wp-json\/wp\/v2\/comments?post=4258"}],"wp:featuredmedia":[{"embeddable":true,"href":"https:\/\/antcube.shop\/fi\/wp-json\/wp\/v2\/media\/11099"}],"wp:attachment":[{"href":"https:\/\/antcube.shop\/fi\/wp-json\/wp\/v2\/media?parent=4258"}],"wp:term":[{"taxonomy":"product_brand","embeddable":true,"href":"https:\/\/antcube.shop\/fi\/wp-json\/wp\/v2\/product_brand?post=4258"},{"taxonomy":"product_cat","embeddable":true,"href":"https:\/\/antcube.shop\/fi\/wp-json\/wp\/v2\/product_cat?post=4258"},{"taxonomy":"product_tag","embeddable":true,"href":"https:\/\/antcube.shop\/fi\/wp-json\/wp\/v2\/product_tag?post=4258"}],"curies":[{"name":"wp","href":"https:\/\/api.w.org\/{rel}","templated":true}]}}