{"id":4175,"date":"2022-03-14T17:24:15","date_gmt":"2022-03-14T16:24:15","guid":{"rendered":"https:\/\/antcube.shop\/produkt\/candy-ant-snack-20g\/"},"modified":"2026-04-01T12:29:55","modified_gmt":"2026-04-01T10:29:55","slug":"karkki-ant-snack-20g","status":"publish","type":"product","link":"https:\/\/antcube.shop\/fi\/tuote\/karkki-ant-snack-20g\/","title":{"rendered":"Karkkimuurahainen v\u00e4lipala - 20g"},"content":{"rendered":"<p><strong>Sis\u00e4lt\u00f6:<\/strong><br \/>\n20g<\/p>\n<p><strong>Kuvaus:<\/strong><br \/>\nT\u00e4m\u00e4 on puhdas luonnontuote. Candy Ant Snack -muurahaissnack, joka on valmistettu luonnonmukaisesti kasvatetusta Acheta domesticus -muurahaisesta, joka on p\u00e4\u00e4llystetty luonnonmukaisella hunajalla.<br \/>\nHelposti sulavaa. Korkealaatuisten proteiinien ansiosta se on l\u00e4hes t\u00e4ysipainoista ravintoa (korvaa hunajan\/sokerin ja proteiinit) useimmille muurahaislajeille, kuten Lasius sp., Camponotus sp. tai Messor sp. jne. Muurahaiset rakastavat sit\u00e4. Se ei korvaa muurahaisten tarvitsemaa makeaa vett\u00e4. Se ei my\u00f6sk\u00e4\u00e4n korvaa el\u00e4vien proteiinien, kuten pienten hy\u00f6nteisten, tarvetta.<\/p>\n<p>T\u00e4m\u00e4 t\u00e4ydennysrehu on t\u00e4ynn\u00e4 voimavalkuaista, joka sis\u00e4lt\u00e4\u00e4 noin 50% puhdasta luonnonvalkuaista.<br \/>\nLis\u00e4ksi tuotteeseen on k\u00e4ytetty torjunta-aineita sis\u00e4lt\u00e4m\u00e4t\u00f6nt\u00e4 orgaanista kasvij\u00e4tett\u00e4, jolla on suuri ekologinen arvo, koska sen tuotannossa k\u00e4ytet\u00e4\u00e4n v\u00e4hemm\u00e4n energiaa ja vett\u00e4.<\/p>\n<p>Lis\u00e4arvoa kaikille muurahaisten yst\u00e4ville tuo luonnollisen proteiinin yhdistelm\u00e4 ja p\u00e4\u00e4llyste, joka on p\u00e4\u00e4llystetty luonnollisella hunajalla. Muurahaiset rakastavat ja tarvitsevat sit\u00e4 pes\u00e4n hyv\u00e4\u00e4n pes\u00e4nkehitykseen ja terveeseen kasvuun.<\/p>\n<p><strong>Sovellus:<\/strong><br \/>\nRuokintaa varten Candy Ant Snack tulisi jakaa pienempiin annoksiin tai liuottaa veteen.<\/p>\n<p><strong>Sis\u00e4lt\u00e4\u00e4:<\/strong><br \/>\nLuonnollisesti kuivattu Acheta domesticus p\u00e4\u00e4llystettyn\u00e4 luonnonmukaisella hunajalla. Ei ole tarkoitettu ihmisravinnoksi. Vain muurahaisille.<br \/>\nLikim\u00e4\u00e4r\u00e4inen sekoitussuhde 70% Acheta domesticus ja 30% hunaja.<\/p>\n<p><strong>Varastointi:<\/strong><br \/>\nSuljettavissa. S\u00e4ilyt\u00e4 pime\u00e4ss\u00e4, viile\u00e4ss\u00e4 ja kuivassa paikassa.<\/p>\n<p><strong>Huom:<\/strong><br \/>\nLis\u00e4ruokaa muurahaisille.<br \/>\nKatso pakkausselosteesta koostumus, analyyttiset ainesosat, parasta ennen -p\u00e4iv\u00e4ys ja er\u00e4numero.<\/p>\n<p>Tietopuhelin +49 30 439703870<\/p>\n<p>Vastaava el\u00e4inl\u00e4\u00e4kint\u00e4- ja elintarvikevirasto:<br \/>\nSteglitzin el\u00e4inl\u00e4\u00e4k\u00e4rintoimisto<br \/>\nK\u00f6nigin-Luise-Str. 92<br \/>\n14195 Berliini<\/p>","protected":false},"excerpt":{"rendered":"<p>T\u00e4ydennysravinto<\/p>","protected":false},"featured_media":4182,"comment_status":"open","ping_status":"closed","template":"","meta":{"_acf_changed":false,"content-type":"","_monsterinsights_skip_tracking":false,"_monsterinsights_sitenote_active":false,"_monsterinsights_sitenote_note":"","_monsterinsights_sitenote_category":0},"product_brand":[],"product_cat":[115,116],"product_tag":[],"class_list":{"0":"post-4175","1":"product","2":"type-product","3":"status-publish","4":"has-post-thumbnail","6":"product_cat-food-and-feeding","7":"product_cat-food","9":"first","10":"instock","11":"taxable","12":"shipping-taxable","13":"purchasable","14":"product-type-simple"},"acf":[],"aioseo_notices":[],"jetpack_sharing_enabled":true,"_links":{"self":[{"href":"https:\/\/antcube.shop\/fi\/wp-json\/wp\/v2\/product\/4175","targetHints":{"allow":["GET"]}}],"collection":[{"href":"https:\/\/antcube.shop\/fi\/wp-json\/wp\/v2\/product"}],"about":[{"href":"https:\/\/antcube.shop\/fi\/wp-json\/wp\/v2\/types\/product"}],"replies":[{"embeddable":true,"href":"https:\/\/antcube.shop\/fi\/wp-json\/wp\/v2\/comments?post=4175"}],"wp:featuredmedia":[{"embeddable":true,"href":"https:\/\/antcube.shop\/fi\/wp-json\/wp\/v2\/media\/4182"}],"wp:attachment":[{"href":"https:\/\/antcube.shop\/fi\/wp-json\/wp\/v2\/media?parent=4175"}],"wp:term":[{"taxonomy":"product_brand","embeddable":true,"href":"https:\/\/antcube.shop\/fi\/wp-json\/wp\/v2\/product_brand?post=4175"},{"taxonomy":"product_cat","embeddable":true,"href":"https:\/\/antcube.shop\/fi\/wp-json\/wp\/v2\/product_cat?post=4175"},{"taxonomy":"product_tag","embeddable":true,"href":"https:\/\/antcube.shop\/fi\/wp-json\/wp\/v2\/product_tag?post=4175"}],"curies":[{"name":"wp","href":"https:\/\/api.w.org\/{rel}","templated":true}]}}