{"id":4165,"date":"2022-02-28T11:41:35","date_gmt":"2022-02-28T10:41:35","guid":{"rendered":"https:\/\/antcube.shop\/produkt\/fixier-punkte-8-st\/"},"modified":"2026-04-21T09:57:00","modified_gmt":"2026-04-21T07:57:00","slug":"fixier-punkte-8-st","status":"publish","type":"product","link":"https:\/\/antcube.shop\/fi\/tuote\/fixier-punkte-8-st\/","title":{"rendered":"Kiinnityspisteet - 8 kpl"},"content":{"rendered":"<p><strong>Mitat (LxSxK):<\/strong> 12x12x3 mm (yl\u00e4reunan puolisuunnikkaan kautta 10x10 mm).<\/p>\n<p><strong>Materiaali:<\/strong> polyuretaani ilman pehmittimi\u00e4 ja liima-akrylaattia sis\u00e4lt\u00e4v\u00e4 polyuretaani<\/p>\n<p><strong>V\u00e4ri:<\/strong> l\u00e4pin\u00e4kyv\u00e4<\/p>\n<p><strong>Sis\u00e4lt\u00f6:<\/strong><br \/>\n8x kiinnityspistett\u00e4<\/p>\n<p><strong>Kuvaus:<\/strong> Meid\u00e4n muurahaisareenan kansiamme varten. Kiinnityspisteet liimataan kannen pohjaan, jotta se ei p\u00e4\u00e4se liukumaan pois areenalta. Pisteit\u00e4 voidaan k\u00e4ytt\u00e4\u00e4 my\u00f6s areenan jalkoina ja my\u00f6s areenan sis\u00e4p\u00e4\u00e4dyn sis\u00e4puolella olevissa areenan sis\u00e4osissa suojaamaan niit\u00e4 kaatumiselta.<\/p>","protected":false},"excerpt":{"rendered":"<p>Mitat (LxSxK): 12x12x3 mm (trapetsinmuotoinen yl\u00e4osa 10x10 mm). Materiaali: polyuretaani ilman pehmittimi\u00e4 liima-akrylaatilla V\u00e4ri: l\u00e4pin\u00e4kyv\u00e4 Sis\u00e4lt\u00f6: Sis\u00e4lt\u00e4\u00e4 mm: Kuvaus: 8x kiinnityspistett\u00e4: Muurahaisareenan suojukseen. Kiinnityspisteet liimataan kannen pohjaan, jotta se ei p\u00e4\u00e4se liukumaan pois areenalta. Pisteit\u00e4 voidaan k\u00e4ytt\u00e4\u00e4 my\u00f6s","protected":false},"featured_media":4178,"comment_status":"open","ping_status":"closed","template":"","meta":{"_acf_changed":false,"content-type":"","_monsterinsights_skip_tracking":false,"_monsterinsights_sitenote_active":false,"_monsterinsights_sitenote_note":"","_monsterinsights_sitenote_category":0},"product_brand":[],"product_cat":[92,237],"product_tag":[],"class_list":{"0":"post-4165","1":"product","2":"type-product","3":"status-publish","4":"has-post-thumbnail","6":"product_cat-arena-cover","7":"product_cat-tools","9":"first","10":"instock","11":"taxable","12":"shipping-taxable","13":"purchasable","14":"product-type-simple"},"acf":[],"aioseo_notices":[],"jetpack_sharing_enabled":true,"_links":{"self":[{"href":"https:\/\/antcube.shop\/fi\/wp-json\/wp\/v2\/product\/4165","targetHints":{"allow":["GET"]}}],"collection":[{"href":"https:\/\/antcube.shop\/fi\/wp-json\/wp\/v2\/product"}],"about":[{"href":"https:\/\/antcube.shop\/fi\/wp-json\/wp\/v2\/types\/product"}],"replies":[{"embeddable":true,"href":"https:\/\/antcube.shop\/fi\/wp-json\/wp\/v2\/comments?post=4165"}],"wp:featuredmedia":[{"embeddable":true,"href":"https:\/\/antcube.shop\/fi\/wp-json\/wp\/v2\/media\/4178"}],"wp:attachment":[{"href":"https:\/\/antcube.shop\/fi\/wp-json\/wp\/v2\/media?parent=4165"}],"wp:term":[{"taxonomy":"product_brand","embeddable":true,"href":"https:\/\/antcube.shop\/fi\/wp-json\/wp\/v2\/product_brand?post=4165"},{"taxonomy":"product_cat","embeddable":true,"href":"https:\/\/antcube.shop\/fi\/wp-json\/wp\/v2\/product_cat?post=4165"},{"taxonomy":"product_tag","embeddable":true,"href":"https:\/\/antcube.shop\/fi\/wp-json\/wp\/v2\/product_tag?post=4165"}],"curies":[{"name":"wp","href":"https:\/\/api.w.org\/{rel}","templated":true}]}}