{"id":4145,"date":"2022-02-14T15:54:25","date_gmt":"2022-02-14T14:54:25","guid":{"rendered":"https:\/\/antcube.shop\/produkt\/ant-nuggets-20g\/"},"modified":"2026-04-20T09:56:24","modified_gmt":"2026-04-20T07:56:24","slug":"muurahaisnugetit-20g","status":"publish","type":"product","link":"https:\/\/antcube.shop\/fi\/tuote\/muurahaisnugetit-20g\/","title":{"rendered":"Ant Nuggets - 20g"},"content":{"rendered":"<p><strong>Sis\u00e4lt\u00f6:<\/strong><br \/>\n20g<\/p>\n<p><strong>Kuvaus:<\/strong><br \/>\nT\u00e4m\u00e4 on puhdas luonnontuote. Mehil\u00e4ishoitajat ovat ker\u00e4nneet muurahaisnugetit huolellisesti Bulgarian luonnonvaraisesta luonnosta. Helppo sulatus luonnollisen k\u00e4ymisen ansiosta. Korkealaatuisten proteiinien ansiosta se on l\u00e4hes t\u00e4ysipainoista ravintoa (korvaa hunajaa\/sokeria ja proteiineja) useimmille muurahaislajeille, kuten Lasius sp., Camponotus sp. tai Messor sp. ja jopa lehtimuurahaiset rakastavat sit\u00e4. Se ei korvaa muurahaisten tarvitsemaa makeaa vett\u00e4. Se ei my\u00f6sk\u00e4\u00e4n korvaa el\u00e4vien proteiinien, kuten pienten hy\u00f6nteisten, tarvetta.<\/p>\n<p><strong>Sovellus:<\/strong><br \/>\nRuokintaa varten Ant Nuggets on jaettava pienempiin annoksiin tai liuotettava veteen.<\/p>\n<p><strong>Sis\u00e4lt\u00e4\u00e4:<\/strong><br \/>\n100% luonnollisesti fermentoitu kukkien siitep\u00f6ly. Ei ole tarkoitettu ihmisravinnoksi. Vain muurahaisille.<\/p>\n<p><strong>Varastointi:<\/strong><br \/>\nSuljettavissa. S\u00e4ilyt\u00e4 pime\u00e4ss\u00e4, viile\u00e4ss\u00e4 ja kuivassa paikassa.<\/p>\n<p><strong>Huom:<\/strong><br \/>\nLis\u00e4ruokaa muurahaisille.<br \/>\nKatso pakkausselosteesta koostumus, analyyttiset ainesosat, parasta ennen -p\u00e4iv\u00e4ys ja er\u00e4numero.<\/p>\n<p>Tietopuhelin +49 30 439703870<\/p>\n<p>Vastaava el\u00e4inl\u00e4\u00e4kint\u00e4- ja elintarvikevirasto:<br \/>\nSteglitzin el\u00e4inl\u00e4\u00e4k\u00e4rintoimisto<br \/>\nK\u00f6nigin-Luise-Str. 92<br \/>\n14195 Berliini<\/p>","protected":false},"excerpt":{"rendered":"<p>T\u00e4ydennysravinto<\/p>","protected":false},"featured_media":4149,"comment_status":"open","ping_status":"closed","template":"","meta":{"_acf_changed":false,"content-type":"","_monsterinsights_skip_tracking":false,"_monsterinsights_sitenote_active":false,"_monsterinsights_sitenote_note":"","_monsterinsights_sitenote_category":0},"product_brand":[],"product_cat":[115,116],"product_tag":[],"class_list":{"0":"post-4145","1":"product","2":"type-product","3":"status-publish","4":"has-post-thumbnail","6":"product_cat-food-and-feeding","7":"product_cat-food","9":"first","10":"instock","11":"taxable","12":"shipping-taxable","13":"purchasable","14":"product-type-simple"},"acf":[],"aioseo_notices":[],"jetpack_sharing_enabled":true,"_links":{"self":[{"href":"https:\/\/antcube.shop\/fi\/wp-json\/wp\/v2\/product\/4145","targetHints":{"allow":["GET"]}}],"collection":[{"href":"https:\/\/antcube.shop\/fi\/wp-json\/wp\/v2\/product"}],"about":[{"href":"https:\/\/antcube.shop\/fi\/wp-json\/wp\/v2\/types\/product"}],"replies":[{"embeddable":true,"href":"https:\/\/antcube.shop\/fi\/wp-json\/wp\/v2\/comments?post=4145"}],"wp:featuredmedia":[{"embeddable":true,"href":"https:\/\/antcube.shop\/fi\/wp-json\/wp\/v2\/media\/4149"}],"wp:attachment":[{"href":"https:\/\/antcube.shop\/fi\/wp-json\/wp\/v2\/media?parent=4145"}],"wp:term":[{"taxonomy":"product_brand","embeddable":true,"href":"https:\/\/antcube.shop\/fi\/wp-json\/wp\/v2\/product_brand?post=4145"},{"taxonomy":"product_cat","embeddable":true,"href":"https:\/\/antcube.shop\/fi\/wp-json\/wp\/v2\/product_cat?post=4145"},{"taxonomy":"product_tag","embeddable":true,"href":"https:\/\/antcube.shop\/fi\/wp-json\/wp\/v2\/product_tag?post=4145"}],"curies":[{"name":"wp","href":"https:\/\/api.w.org\/{rel}","templated":true}]}}