{"id":4143,"date":"2022-02-14T15:34:07","date_gmt":"2022-02-14T14:34:07","guid":{"rendered":"https:\/\/antcube.shop\/produkt\/bodengrund-sand-lehm-weis-200g\/"},"modified":"2026-04-04T03:59:10","modified_gmt":"2026-04-04T01:59:10","slug":"bodengrund-sand-lehm-weis-200g","status":"publish","type":"product","link":"https:\/\/antcube.shop\/fi\/tuote\/bodengrund-sand-lehm-weis-200g\/","title":{"rendered":"multa - hiekka-saviseos valkoinen - 200g"},"content":{"rendered":"<p><strong>Sis\u00e4lt\u00f6:<\/strong> 200g<\/p>\n<p><strong>Materiaali:<\/strong> hiekka, kalkki, kalkkiside<\/p>\n<p><strong>V\u00e4ri:<\/strong> valkoinen<\/p>\n<p><strong>Sekoitussuhde:<\/strong> diggable<\/p>\n<p><strong>Kuvaus:<\/strong> Valmis hiekka-saviseos on puhdas luonnontuote. V\u00e4riaine on per\u00e4isin valkoisesta kalkkihiekasta. Vahvuus tulee sitovasta kalkkiseoksesta, joka on el\u00e4imille vaaraton.<\/p>\n<p><strong>K\u00e4yt\u00e4:<\/strong> Kaivumultaa, voidaan k\u00e4ytt\u00e4\u00e4 pes\u00e4- ja areena-alueilla! Lis\u00e4\u00e4 lujuutta verrattuna multa-beigeen, my\u00f6s m\u00e4rk\u00e4n\u00e4.<\/p>\n<p><strong>Huom:<\/strong> koska t\u00e4m\u00e4 on puhtaasti luonnontuote, v\u00e4riss\u00e4 ja rakenteessa voi olla pieni\u00e4 eroja, joihin emme voi vaikuttaa.<\/p>\n<p><strong>T\u00e4rke\u00e4\u00e4:<\/strong> Kostuta alustaa ennen k\u00e4ytt\u00f6\u00e4, jotta seos voi yhdisty\u00e4 ja saada lujan pidon muurahaispes\u00e4ss\u00e4. Lis\u00e4ksi liian kuiva ja p\u00f6lyinen alusta voi johtaa muurahaisten hengitysteiden tukkeutumiseen ja pahimmassa tapauksessa el\u00e4inten tukehtumiseen.<\/p>","protected":false},"excerpt":{"rendered":"<p>Luonnollinen kasvualusta - kaivettava<\/p>","protected":false},"featured_media":4386,"comment_status":"open","ping_status":"closed","template":"","meta":{"_acf_changed":false,"content-type":"","_monsterinsights_skip_tracking":false,"_monsterinsights_sitenote_active":false,"_monsterinsights_sitenote_note":"","_monsterinsights_sitenote_category":0},"product_brand":[],"product_cat":[96],"product_tag":[],"class_list":{"0":"post-4143","1":"product","2":"type-product","3":"status-publish","4":"has-post-thumbnail","6":"product_cat-soil","8":"first","9":"instock","10":"taxable","11":"shipping-taxable","12":"purchasable","13":"product-type-simple"},"acf":[],"aioseo_notices":[],"jetpack_sharing_enabled":true,"_links":{"self":[{"href":"https:\/\/antcube.shop\/fi\/wp-json\/wp\/v2\/product\/4143","targetHints":{"allow":["GET"]}}],"collection":[{"href":"https:\/\/antcube.shop\/fi\/wp-json\/wp\/v2\/product"}],"about":[{"href":"https:\/\/antcube.shop\/fi\/wp-json\/wp\/v2\/types\/product"}],"replies":[{"embeddable":true,"href":"https:\/\/antcube.shop\/fi\/wp-json\/wp\/v2\/comments?post=4143"}],"wp:featuredmedia":[{"embeddable":true,"href":"https:\/\/antcube.shop\/fi\/wp-json\/wp\/v2\/media\/4386"}],"wp:attachment":[{"href":"https:\/\/antcube.shop\/fi\/wp-json\/wp\/v2\/media?parent=4143"}],"wp:term":[{"taxonomy":"product_brand","embeddable":true,"href":"https:\/\/antcube.shop\/fi\/wp-json\/wp\/v2\/product_brand?post=4143"},{"taxonomy":"product_cat","embeddable":true,"href":"https:\/\/antcube.shop\/fi\/wp-json\/wp\/v2\/product_cat?post=4143"},{"taxonomy":"product_tag","embeddable":true,"href":"https:\/\/antcube.shop\/fi\/wp-json\/wp\/v2\/product_tag?post=4143"}],"curies":[{"name":"wp","href":"https:\/\/api.w.org\/{rel}","templated":true}]}}