{"id":4142,"date":"2022-02-14T15:33:55","date_gmt":"2022-02-14T14:33:55","guid":{"rendered":"https:\/\/antcube.shop\/produkt\/bodengrund-sand-lehm-rot-200g\/"},"modified":"2026-04-16T13:11:00","modified_gmt":"2026-04-16T11:11:00","slug":"bodengrund-sand-lehm-rot-200g","status":"publish","type":"product","link":"https:\/\/antcube.shop\/fi\/tuote\/bodengrund-sand-lehm-rot-200g\/","title":{"rendered":"multa - hiekka-saviseos punainen - 200g"},"content":{"rendered":"<p><strong>Sis\u00e4lt\u00f6:<\/strong> 200g<\/p>\n<p><strong>Materiaali:<\/strong> hiekka, savi<\/p>\n<p><strong>V\u00e4ri:<\/strong> punainen<\/p>\n<p><strong>Sekoitussuhde:<\/strong> diggable<\/p>\n<p><strong>Kuvaus:<\/strong> T\u00e4m\u00e4 valmis hiekka-saviseos on puhdas luonnontuote. V\u00e4ritys ja lujuus syntyv\u00e4t luonnollisesta savimullasta, joka on el\u00e4imille vaaratonta.<\/p>\n<p><strong>Sovellus:<\/strong> Kaivumulta, voidaan k\u00e4ytt\u00e4\u00e4 pes\u00e4- ja areena-alueella!<\/p>\n<p><strong>Huom:<\/strong> koska t\u00e4m\u00e4 on puhtaasti luonnontuote, v\u00e4riss\u00e4 ja rakenteessa voi olla pieni\u00e4 eroja, joihin emme voi vaikuttaa.<\/p>\n<p><strong>T\u00e4rke\u00e4\u00e4:<\/strong> Kostuta alustaa ennen k\u00e4ytt\u00f6\u00e4, jotta seos voi yhdisty\u00e4 ja saada lujan pidon muurahaispes\u00e4ss\u00e4. Lis\u00e4ksi liian kuiva ja p\u00f6lyinen alusta voi johtaa muurahaisten hengitysteiden tukkeutumiseen ja pahimmassa tapauksessa el\u00e4inten tukehtumiseen.<\/p>","protected":false},"excerpt":{"rendered":"<p>Luonnollinen kasvualusta - kaivettava<\/p>","protected":false},"featured_media":4388,"comment_status":"open","ping_status":"closed","template":"","meta":{"_acf_changed":false,"content-type":"","_monsterinsights_skip_tracking":false,"_monsterinsights_sitenote_active":false,"_monsterinsights_sitenote_note":"","_monsterinsights_sitenote_category":0},"product_brand":[],"product_cat":[96],"product_tag":[],"class_list":{"0":"post-4142","1":"product","2":"type-product","3":"status-publish","4":"has-post-thumbnail","6":"product_cat-soil","8":"first","9":"instock","10":"taxable","11":"shipping-taxable","12":"purchasable","13":"product-type-simple"},"acf":[],"aioseo_notices":[],"jetpack_sharing_enabled":true,"_links":{"self":[{"href":"https:\/\/antcube.shop\/fi\/wp-json\/wp\/v2\/product\/4142","targetHints":{"allow":["GET"]}}],"collection":[{"href":"https:\/\/antcube.shop\/fi\/wp-json\/wp\/v2\/product"}],"about":[{"href":"https:\/\/antcube.shop\/fi\/wp-json\/wp\/v2\/types\/product"}],"replies":[{"embeddable":true,"href":"https:\/\/antcube.shop\/fi\/wp-json\/wp\/v2\/comments?post=4142"}],"wp:featuredmedia":[{"embeddable":true,"href":"https:\/\/antcube.shop\/fi\/wp-json\/wp\/v2\/media\/4388"}],"wp:attachment":[{"href":"https:\/\/antcube.shop\/fi\/wp-json\/wp\/v2\/media?parent=4142"}],"wp:term":[{"taxonomy":"product_brand","embeddable":true,"href":"https:\/\/antcube.shop\/fi\/wp-json\/wp\/v2\/product_brand?post=4142"},{"taxonomy":"product_cat","embeddable":true,"href":"https:\/\/antcube.shop\/fi\/wp-json\/wp\/v2\/product_cat?post=4142"},{"taxonomy":"product_tag","embeddable":true,"href":"https:\/\/antcube.shop\/fi\/wp-json\/wp\/v2\/product_tag?post=4142"}],"curies":[{"name":"wp","href":"https:\/\/api.w.org\/{rel}","templated":true}]}}