{"id":4047,"date":"2021-11-30T15:12:53","date_gmt":"2021-11-30T14:12:53","guid":{"rendered":"https:\/\/antcube.shop\/produkt\/enamel-mug\/"},"modified":"2024-12-12T12:25:27","modified_gmt":"2024-12-12T11:25:27","slug":"emali-muki","status":"publish","type":"product","link":"https:\/\/antcube.shop\/fi\/tuote\/emali-muki\/","title":{"rendered":"Emali muki"},"content":{"rendered":"<p>Jokainen onnellinen retkeilij\u00e4 tarvitsee ainutlaatuisen retkeilij\u00e4mukin. Se on kevyt, kest\u00e4v\u00e4 ja monik\u00e4ytt\u00f6inen. K\u00e4yt\u00e4 sit\u00e4 suosikkijuomallesi tai kuumalle aterialle, ja kiinnit\u00e4 se laukkuusi, jotta se on helposti saatavilla vaelluksella.<\/p>\n<p>- Materiaali:<br \/>\n- Mitat: korkeus 3.14\u2033 (8 cm), halkaisija 3.25\u2033 (8.25 cm).<br \/>\n- Valkoinen pinnoite, jossa on hopeinen reunus<br \/>\n- Vain k\u00e4sienpesu<br \/>\n- Kiinasta per\u00e4isin oleva tyhj\u00e4 tuote<\/p>\n<p><strong>Huomio! \u00c4l\u00e4 kuumenna nesteit\u00e4 tai ruokaa suoraan mukissa - se voi vahingoittaa pinnoitetta.<\/strong><\/p>","protected":false},"excerpt":{"rendered":"<p>Jokainen onnellinen retkeilij\u00e4 tarvitsee ainutlaatuisen retkeilij\u00e4mukin. Se on kevyt, kest\u00e4v\u00e4 ja monik\u00e4ytt\u00f6inen. K\u00e4yt\u00e4 sit\u00e4 suosikkijuomallesi tai kuumalle aterialle, ja kiinnit\u00e4 se laukkuusi, jotta se on helposti saatavilla vaelluksella. - Materiaalia: Muki on valmistettu kahdesta eri materiaalista, jotka ovat mm: Materiaali: emali - Mitat: korkeus 3,14\u2033 (8 cm), halkaisija 3,25\u2033 (8,25 cm) - Valkoinen pinnoite hopeisella reunalla - [...]","protected":false},"featured_media":4048,"comment_status":"open","ping_status":"closed","template":"","meta":{"_acf_changed":false,"content-type":"","_monsterinsights_skip_tracking":false,"_monsterinsights_sitenote_active":false,"_monsterinsights_sitenote_note":"","_monsterinsights_sitenote_category":0},"product_brand":[],"product_cat":[245],"product_tag":[],"class_list":{"0":"post-4047","1":"product","2":"type-product","3":"status-publish","4":"has-post-thumbnail","6":"product_cat-merchandise","8":"first","9":"instock","10":"taxable","11":"shipping-taxable","12":"purchasable","13":"product-type-simple"},"acf":[],"aioseo_notices":[],"jetpack_sharing_enabled":true,"_links":{"self":[{"href":"https:\/\/antcube.shop\/fi\/wp-json\/wp\/v2\/product\/4047","targetHints":{"allow":["GET"]}}],"collection":[{"href":"https:\/\/antcube.shop\/fi\/wp-json\/wp\/v2\/product"}],"about":[{"href":"https:\/\/antcube.shop\/fi\/wp-json\/wp\/v2\/types\/product"}],"replies":[{"embeddable":true,"href":"https:\/\/antcube.shop\/fi\/wp-json\/wp\/v2\/comments?post=4047"}],"wp:featuredmedia":[{"embeddable":true,"href":"https:\/\/antcube.shop\/fi\/wp-json\/wp\/v2\/media\/4048"}],"wp:attachment":[{"href":"https:\/\/antcube.shop\/fi\/wp-json\/wp\/v2\/media?parent=4047"}],"wp:term":[{"taxonomy":"product_brand","embeddable":true,"href":"https:\/\/antcube.shop\/fi\/wp-json\/wp\/v2\/product_brand?post=4047"},{"taxonomy":"product_cat","embeddable":true,"href":"https:\/\/antcube.shop\/fi\/wp-json\/wp\/v2\/product_cat?post=4047"},{"taxonomy":"product_tag","embeddable":true,"href":"https:\/\/antcube.shop\/fi\/wp-json\/wp\/v2\/product_tag?post=4047"}],"curies":[{"name":"wp","href":"https:\/\/api.w.org\/{rel}","templated":true}]}}