{"id":4002,"date":"2021-11-30T13:36:03","date_gmt":"2021-11-30T12:36:03","guid":{"rendered":"https:\/\/antcube.shop\/produkt\/cuffed-beanie\/"},"modified":"2024-12-12T12:25:36","modified_gmt":"2024-12-12T11:25:36","slug":"mansettipipo","status":"publish","type":"product","link":"https:\/\/antcube.shop\/fi\/tuote\/mansettipipo\/","title":{"rendered":"Mansettipipo"},"content":{"rendered":"<p>Tiivis, muotoonsa istuva pipo. Se ei ole vain loistava p\u00e4\u00e4nl\u00e4mmitt\u00e4j\u00e4, vaan my\u00f6s perusasuste jokaisen vaatekaapissa.<\/p>\n<p>- 100% Turbo Akryyli<br \/>\n- 12\u2033 (30 cm) pitk\u00e4<br \/>\n- Hypoallergeeninen<br \/>\n- Unisex-tyyli<br \/>\n- K\u00e4sin pest\u00e4v\u00e4<br \/>\n- Vietnamista tai Bangladeshista per\u00e4isin oleva tyhj\u00e4 tuote.<\/p>","protected":false},"excerpt":{"rendered":"<p>Tiivis, muotoonsa istuva pipo. Se ei ole vain loistava p\u00e4\u00e4nl\u00e4mmitt\u00e4j\u00e4, vaan my\u00f6s perusasuste jokaisen vaatekaapissa. - 100% Turbo Akryyli - Pituus 30 cm (12\u2033) - Hypoallergeeninen - Unisex-tyyli - K\u00e4sin pest\u00e4v\u00e4 - Tyhj\u00e4 tuote on per\u00e4isin Vietnamista tai Bangladeshista.<\/p>","protected":false},"featured_media":4004,"comment_status":"open","ping_status":"closed","template":"","meta":{"_acf_changed":false,"content-type":"","_monsterinsights_skip_tracking":false,"_monsterinsights_sitenote_active":false,"_monsterinsights_sitenote_note":"","_monsterinsights_sitenote_category":0},"product_brand":[],"product_cat":[245],"product_tag":[],"class_list":{"0":"post-4002","1":"product","2":"type-product","3":"status-publish","4":"has-post-thumbnail","6":"product_cat-merchandise","8":"first","9":"instock","10":"taxable","11":"shipping-taxable","12":"purchasable","13":"product-type-simple"},"acf":[],"aioseo_notices":[],"jetpack_sharing_enabled":true,"_links":{"self":[{"href":"https:\/\/antcube.shop\/fi\/wp-json\/wp\/v2\/product\/4002","targetHints":{"allow":["GET"]}}],"collection":[{"href":"https:\/\/antcube.shop\/fi\/wp-json\/wp\/v2\/product"}],"about":[{"href":"https:\/\/antcube.shop\/fi\/wp-json\/wp\/v2\/types\/product"}],"replies":[{"embeddable":true,"href":"https:\/\/antcube.shop\/fi\/wp-json\/wp\/v2\/comments?post=4002"}],"wp:featuredmedia":[{"embeddable":true,"href":"https:\/\/antcube.shop\/fi\/wp-json\/wp\/v2\/media\/4004"}],"wp:attachment":[{"href":"https:\/\/antcube.shop\/fi\/wp-json\/wp\/v2\/media?parent=4002"}],"wp:term":[{"taxonomy":"product_brand","embeddable":true,"href":"https:\/\/antcube.shop\/fi\/wp-json\/wp\/v2\/product_brand?post=4002"},{"taxonomy":"product_cat","embeddable":true,"href":"https:\/\/antcube.shop\/fi\/wp-json\/wp\/v2\/product_cat?post=4002"},{"taxonomy":"product_tag","embeddable":true,"href":"https:\/\/antcube.shop\/fi\/wp-json\/wp\/v2\/product_tag?post=4002"}],"curies":[{"name":"wp","href":"https:\/\/api.w.org\/{rel}","templated":true}]}}