{"id":3957,"date":"2021-11-30T13:32:38","date_gmt":"2021-11-30T12:32:38","guid":{"rendered":"https:\/\/antcube.shop\/produkt\/mens-high-top-canvas-shoes\/"},"modified":"2024-12-12T12:25:45","modified_gmt":"2024-12-12T11:25:45","slug":"mens-high-top-canvas-kengat","status":"publish","type":"product","link":"https:\/\/antcube.shop\/fi\/tuote\/mens-high-top-canvas-kengat\/","title":{"rendered":"Miesten korkeat kankaiset keng\u00e4t"},"content":{"rendered":"<p>Tehosta kenk\u00e4peli\u00e4si High Top Canvas -kengill\u00e4. N\u00e4m\u00e4 k\u00e4sintehdyt, trendikk\u00e4\u00e4t keng\u00e4t pirist\u00e4v\u00e4t varmasti asuasi. Hanki omasi nyt!<\/p>\n<p>- 100% polyesteri, kangas yl\u00e4puoli<br \/>\n- Etyleeni-vinyyliasetaatti (EVA) -kumi ulkopohja.<br \/>\n- Hengitt\u00e4v\u00e4 vuori, pehme\u00e4 sis\u00e4pohja<br \/>\n- Tekonahkainen k\u00e4rjys<br \/>\n- Valkoiset nauhat<br \/>\n- Pehmustettu kaulus, nauhat edess\u00e4<br \/>\n- Kiinasta per\u00e4isin oleva tyhj\u00e4 tuote<\/p>\n<p><strong>T\u00e4rke\u00e4\u00e4:<\/strong> T\u00e4m\u00e4 tuote on saatavilla seuraavissa maissa: Yhdysvallat, Kanada, Australia, Uusi-Seelanti ja Japani. Jos toimitusosoitteesi on n\u00e4iden maiden ulkopuolella, valitse toinen tuote.<\/p>\n<p><strong>Vastuuvapauslauseke:<\/strong> Kengiss\u00e4 on liiman kaltainen haju, kun avaat laatikon. Haju h\u00e4vi\u00e4\u00e4 muutaman p\u00e4iv\u00e4n kuluttua siit\u00e4, kun keng\u00e4t on purettu pakkauksesta.<\/p>","protected":false},"excerpt":{"rendered":"<p>Tehosta kenk\u00e4peli\u00e4si High Top Canvas -kengill\u00e4. N\u00e4m\u00e4 k\u00e4sintehdyt, trendikk\u00e4\u00e4t keng\u00e4t pirist\u00e4v\u00e4t varmasti asuasi. Hanki omasi nyt! - 100% polyesteri, kankainen yl\u00e4puoli - Etyleeni-vinyyliasetaatti (EVA) -kumipohja - Hengitt\u00e4v\u00e4 vuori, pehme\u00e4 sis\u00e4pohja - Tekonahkainen k\u00e4rjys - Valkoiset nauhat - Pehmustettu kaulus, nauhoitettava etuosa","protected":false},"featured_media":3975,"comment_status":"open","ping_status":"closed","template":"","meta":{"_acf_changed":false,"content-type":"","_monsterinsights_skip_tracking":false,"_monsterinsights_sitenote_active":false,"_monsterinsights_sitenote_note":"","_monsterinsights_sitenote_category":0},"product_brand":[],"product_cat":[245],"product_tag":[],"class_list":{"0":"post-3957","1":"product","2":"type-product","3":"status-publish","4":"has-post-thumbnail","6":"product_cat-merchandise","8":"first","9":"instock","10":"taxable","11":"shipping-taxable","12":"purchasable","13":"product-type-variable"},"acf":[],"aioseo_notices":[],"jetpack_sharing_enabled":true,"_links":{"self":[{"href":"https:\/\/antcube.shop\/fi\/wp-json\/wp\/v2\/product\/3957","targetHints":{"allow":["GET"]}}],"collection":[{"href":"https:\/\/antcube.shop\/fi\/wp-json\/wp\/v2\/product"}],"about":[{"href":"https:\/\/antcube.shop\/fi\/wp-json\/wp\/v2\/types\/product"}],"replies":[{"embeddable":true,"href":"https:\/\/antcube.shop\/fi\/wp-json\/wp\/v2\/comments?post=3957"}],"wp:featuredmedia":[{"embeddable":true,"href":"https:\/\/antcube.shop\/fi\/wp-json\/wp\/v2\/media\/3975"}],"wp:attachment":[{"href":"https:\/\/antcube.shop\/fi\/wp-json\/wp\/v2\/media?parent=3957"}],"wp:term":[{"taxonomy":"product_brand","embeddable":true,"href":"https:\/\/antcube.shop\/fi\/wp-json\/wp\/v2\/product_brand?post=3957"},{"taxonomy":"product_cat","embeddable":true,"href":"https:\/\/antcube.shop\/fi\/wp-json\/wp\/v2\/product_cat?post=3957"},{"taxonomy":"product_tag","embeddable":true,"href":"https:\/\/antcube.shop\/fi\/wp-json\/wp\/v2\/product_tag?post=3957"}],"curies":[{"name":"wp","href":"https:\/\/api.w.org\/{rel}","templated":true}]}}