{"id":3953,"date":"2021-11-30T13:30:21","date_gmt":"2021-11-30T12:30:21","guid":{"rendered":"https:\/\/antcube.shop\/produkt\/stainless-steel-water-bottle\/"},"modified":"2024-12-12T12:25:54","modified_gmt":"2024-12-12T11:25:54","slug":"ruostumattomasta-teraksesta-valmistettu-vesipullo","status":"publish","type":"product","link":"https:\/\/antcube.shop\/fi\/tuote\/ruostumattomasta-teraksesta-valmistettu-vesipullo\/","title":{"rendered":"Ruostumaton ter\u00e4s vesipullo"},"content":{"rendered":"<p>T\u00e4m\u00e4 17-unssinen, kaksisein\u00e4inen ruostumattomasta ter\u00e4ksest\u00e4 valmistettu vesipullo sopii t\u00e4ydellisesti p\u00e4ivitt\u00e4isiin retkiin. Se pit\u00e4\u00e4 haluamasi juoman kuumana tai kylm\u00e4n\u00e4 tuntikausia. Siin\u00e4 on my\u00f6s haju- ja vuotamaton korkki. Heit\u00e4 se autosi kuppitelineeseen matkalla t\u00f6ihin, ota se mukaan vaelluksille tai laita se laukkuusi, kun sinua janottaa.<\/p>\n<p>- Korkealuokkainen ruostumaton ter\u00e4s<br \/>\n- 17 oz (500 ml)<br \/>\n- Mitat: (27 \u00d7 7 cm).<br \/>\n- Tyhji\u00f6pullo<br \/>\n- Kaksisein\u00e4inen rakenne<br \/>\n- Keilapallon muoto<br \/>\n- Hajuton ja tiivis korkki<br \/>\n- Eristetty kuumille ja kylmille nesteille (pit\u00e4\u00e4 nesteen kuumana tai kylm\u00e4n\u00e4 6 tuntia).<br \/>\n- Patentoitu ORCA-pinnoite elinvoimaisia v\u00e4rej\u00e4 varten<br \/>\n- Vain k\u00e4sinpesu (astianpesukonetta ei suositella tyhji\u00f6tiivisteen vuoksi).<br \/>\n- Kiinasta per\u00e4isin oleva tyhj\u00e4 tuote<\/p>\n<p>Vastuuvapauslauseke: Veden pit\u00e4minen pullossa yli 24 tuntia on ep\u00e4hygieenist\u00e4 ja voi aiheuttaa ep\u00e4miellytt\u00e4v\u00e4\u00e4 hajua.<\/p>","protected":false},"excerpt":{"rendered":"<p>T\u00e4m\u00e4 17-unssinen, kaksisein\u00e4inen ruostumattomasta ter\u00e4ksest\u00e4 valmistettu vesipullo sopii t\u00e4ydellisesti p\u00e4ivitt\u00e4isiin retkiin. Se pit\u00e4\u00e4 haluamasi juoman kuumana tai kylm\u00e4n\u00e4 tuntikausia. Siin\u00e4 on my\u00f6s haju- ja vuotamaton korkki. Heit\u00e4 se autosi kuppitelineeseen matkalla t\u00f6ihin, ota se mukaan vaelluksille tai heit\u00e4 se [...].","protected":false},"featured_media":3954,"comment_status":"open","ping_status":"closed","template":"","meta":{"_acf_changed":false,"content-type":"","_monsterinsights_skip_tracking":false,"_monsterinsights_sitenote_active":false,"_monsterinsights_sitenote_note":"","_monsterinsights_sitenote_category":0},"product_brand":[],"product_cat":[245],"product_tag":[],"class_list":{"0":"post-3953","1":"product","2":"type-product","3":"status-publish","4":"has-post-thumbnail","6":"product_cat-merchandise","8":"first","9":"instock","10":"taxable","11":"shipping-taxable","12":"purchasable","13":"product-type-simple"},"acf":[],"aioseo_notices":[],"jetpack_sharing_enabled":true,"_links":{"self":[{"href":"https:\/\/antcube.shop\/fi\/wp-json\/wp\/v2\/product\/3953","targetHints":{"allow":["GET"]}}],"collection":[{"href":"https:\/\/antcube.shop\/fi\/wp-json\/wp\/v2\/product"}],"about":[{"href":"https:\/\/antcube.shop\/fi\/wp-json\/wp\/v2\/types\/product"}],"replies":[{"embeddable":true,"href":"https:\/\/antcube.shop\/fi\/wp-json\/wp\/v2\/comments?post=3953"}],"wp:featuredmedia":[{"embeddable":true,"href":"https:\/\/antcube.shop\/fi\/wp-json\/wp\/v2\/media\/3954"}],"wp:attachment":[{"href":"https:\/\/antcube.shop\/fi\/wp-json\/wp\/v2\/media?parent=3953"}],"wp:term":[{"taxonomy":"product_brand","embeddable":true,"href":"https:\/\/antcube.shop\/fi\/wp-json\/wp\/v2\/product_brand?post=3953"},{"taxonomy":"product_cat","embeddable":true,"href":"https:\/\/antcube.shop\/fi\/wp-json\/wp\/v2\/product_cat?post=3953"},{"taxonomy":"product_tag","embeddable":true,"href":"https:\/\/antcube.shop\/fi\/wp-json\/wp\/v2\/product_tag?post=3953"}],"curies":[{"name":"wp","href":"https:\/\/api.w.org\/{rel}","templated":true}]}}