{"id":3875,"date":"2021-11-23T18:19:09","date_gmt":"2021-11-23T17:19:09","guid":{"rendered":"https:\/\/antcube.shop\/produkt\/ameisen-spiralturm-s-30\/"},"modified":"2026-03-26T09:29:21","modified_gmt":"2026-03-26T08:29:21","slug":"ameisen-spiralturm-s-30","status":"publish","type":"product","link":"https:\/\/antcube.shop\/fi\/tuote\/ameisen-spiralturm-s-30\/","title":{"rendered":"Muurahaiskierukkatorni S - 30"},"content":{"rendered":"<div><strong>Mitat<\/strong>: 19x19x30cm; <strong>S<\/strong> letkulle 10\/06 mm<\/div>\n<div><\/div>\n<div><strong>Materiaali<\/strong>: PMMA, PVC<\/div>\n<div><\/div>\n<div><strong>V\u00e4ri<\/strong>: kristallinkirkas, l\u00e4pin\u00e4kyv\u00e4, l\u00e4pikuultava<\/div>\n<div><\/div>\n<div><strong>Sis\u00e4lt\u00f6<\/strong>:<\/div>\n<div>2x pohja \/ kansilevy<\/div>\n<div>2x letkuliit\u00e4nt\u00e4 10\/06 mm:n letkulle<\/div>\n<div>4x letkupylv\u00e4s 10\/06 mm:n letkulle<\/div>\n<div>10x kiinnitystappi<\/div>\n<div>7m letku 10\/06mm<\/div>\n<div><strong>Huomautus<\/strong>: Osat toimitetaan pakettina tai plug-in-j\u00e4rjestelm\u00e4n\u00e4. Liimausta ei tarvita.<\/div>\n<div><\/div>\n<div><strong>Yhteys<\/strong>:<\/div>\n<div>2x letku 10\/06 mm<\/div>\n<div><\/div>\n<div><strong>Kuvaus<\/strong>: Muurahaiskierretornia k\u00e4ytet\u00e4\u00e4n ylitt\u00e4m\u00e4\u00e4n korkeus areenalta muurahaisfarmille, ja lis\u00e4ksi se tarjoaa el\u00e4imille paljon k\u00e4velymatkaa pieness\u00e4 tilassa. Lis\u00e4k\u00e4velymatka simuloi polkuja, jotka muurahaiset kulkevat luonnossa ravinnonl\u00e4hteilleen, ja sill\u00e4 voi olla my\u00f6nteinen vaikutus muurahaispes\u00e4n kehitykseen ja k\u00e4ytt\u00e4ytymiseen.<\/div>\n<div><\/div>\n<div><strong>Hakemus<\/strong>: muurahaisfarmien koko <strong>S<\/strong><\/div>","protected":false},"excerpt":{"rendered":"<p>Liit\u00e4nt\u00e4: letku 10\/06 mm<br \/>\nKoko <strong>S<\/strong><\/p>","protected":false},"featured_media":3883,"comment_status":"open","ping_status":"closed","template":"","meta":{"_acf_changed":false,"content-type":"","_monsterinsights_skip_tracking":false,"_monsterinsights_sitenote_active":false,"_monsterinsights_sitenote_note":"","_monsterinsights_sitenote_category":0},"product_brand":[],"product_cat":[119,256],"product_tag":[],"class_list":{"0":"post-3875","1":"product","2":"type-product","3":"status-publish","4":"has-post-thumbnail","6":"product_cat-formicarium-components","7":"product_cat-spiral-tower","9":"first","10":"instock","11":"taxable","12":"shipping-taxable","13":"purchasable","14":"product-type-simple"},"acf":[],"aioseo_notices":[],"jetpack_sharing_enabled":true,"_links":{"self":[{"href":"https:\/\/antcube.shop\/fi\/wp-json\/wp\/v2\/product\/3875","targetHints":{"allow":["GET"]}}],"collection":[{"href":"https:\/\/antcube.shop\/fi\/wp-json\/wp\/v2\/product"}],"about":[{"href":"https:\/\/antcube.shop\/fi\/wp-json\/wp\/v2\/types\/product"}],"replies":[{"embeddable":true,"href":"https:\/\/antcube.shop\/fi\/wp-json\/wp\/v2\/comments?post=3875"}],"wp:featuredmedia":[{"embeddable":true,"href":"https:\/\/antcube.shop\/fi\/wp-json\/wp\/v2\/media\/3883"}],"wp:attachment":[{"href":"https:\/\/antcube.shop\/fi\/wp-json\/wp\/v2\/media?parent=3875"}],"wp:term":[{"taxonomy":"product_brand","embeddable":true,"href":"https:\/\/antcube.shop\/fi\/wp-json\/wp\/v2\/product_brand?post=3875"},{"taxonomy":"product_cat","embeddable":true,"href":"https:\/\/antcube.shop\/fi\/wp-json\/wp\/v2\/product_cat?post=3875"},{"taxonomy":"product_tag","embeddable":true,"href":"https:\/\/antcube.shop\/fi\/wp-json\/wp\/v2\/product_tag?post=3875"}],"curies":[{"name":"wp","href":"https:\/\/api.w.org\/{rel}","templated":true}]}}