{"id":3625,"date":"2021-11-19T12:53:34","date_gmt":"2021-11-19T11:53:34","guid":{"rendered":"https:\/\/antcube.shop\/produkt\/snapback-hat\/"},"modified":"2024-12-12T12:26:44","modified_gmt":"2024-12-12T11:26:44","slug":"snapback-hattu","status":"publish","type":"product","link":"https:\/\/antcube.shop\/fi\/tuote\/snapback-hattu\/","title":{"rendered":"Snapback hattu"},"content":{"rendered":"<p>T\u00e4ss\u00e4 hatussa on klassinen istuvuus, litte\u00e4 lippa ja t\u00e4ysi buckram. S\u00e4\u00e4dett\u00e4v\u00e4 nepparikiinnitys tekee siit\u00e4 mukavan, yhden koon hatun.<\/p>\n<p>- 80% akryyli, 20% villaa.<br \/>\n- Vihre\u00e4 Camo on 60% puuvillaa, 40% polyesteri\u00e4.<br \/>\n- Strukturoitu, 6-paneelinen, korkeaprofiilinen<br \/>\n- 6 kirjailtua silmukkaa<br \/>\n- Muovinen snap-suljin<br \/>\n- Vihre\u00e4 alavalvoja<br \/>\n- P\u00e4\u00e4n ymp\u00e4rysmitta: 21\u215d\u2033-23\u215d\u2033 (54,9 cm-60 cm).<br \/>\n- Vietnamista tai Bangladeshista per\u00e4isin oleva tyhj\u00e4 tuote.<\/p>\n<p>&nbsp;<\/p>\n<p>Kauppatavaroiden luokkaan kuuluvien tuotteiden toimituksesta ja tuotannosta vastaa kumppanimme PRINTFUL. Tilaamalla jonkin n\u00e4ist\u00e4 tuotteista hyv\u00e4ksyt PRINTFULin k\u00e4ytt\u00f6ehdot, tietosuojaselosteen ja palautusehdot.<\/p>\n<p><a href=\"https:\/\/www.printful.com\/policies\/terms-of-service\">PRINTFULin k\u00e4ytt\u00f6ehdot l\u00f6yd\u00e4t t\u00e4\u00e4lt\u00e4.<\/a><\/p>\n<p><a href=\"https:\/\/www.printful.com\/policies\/returns\">PRINTFULin palautusehdot l\u00f6yd\u00e4t t\u00e4\u00e4lt\u00e4.<\/a><\/p>\n<p><a href=\"https:\/\/www.printful.com\/policies\/privacy\">PRINTFULin tietosuojak\u00e4yt\u00e4nt\u00f6 l\u00f6ytyy t\u00e4\u00e4lt\u00e4.<\/a><\/p>","protected":false},"excerpt":{"rendered":"<p>T\u00e4ss\u00e4 hatussa on klassinen istuvuus, litte\u00e4 lippa ja t\u00e4ysi buckram. S\u00e4\u00e4dett\u00e4v\u00e4 nepparikiinnitys tekee siit\u00e4 mukavan, yhden koon hatun. - 80% akryyli, 20% villa - Green Camo on 60% puuvillaa, 40% polyesteri\u00e4 - Strukturoitu, 6-ruutuinen, korkeaprofiilinen - 6 kirjailtua silmukkaa - Muovinen nepparikiinnitys - Vihre\u00e4 alaosa - P\u00e4\u00e4n ymp\u00e4rysmitta: 21\u215d\u2033-23\u215d\u2033\u2033.","protected":false},"featured_media":3627,"comment_status":"open","ping_status":"closed","template":"","meta":{"_acf_changed":false,"content-type":"","_monsterinsights_skip_tracking":false,"_monsterinsights_sitenote_active":false,"_monsterinsights_sitenote_note":"","_monsterinsights_sitenote_category":0},"product_brand":[],"product_cat":[245],"product_tag":[],"class_list":{"0":"post-3625","1":"product","2":"type-product","3":"status-publish","4":"has-post-thumbnail","6":"product_cat-merchandise","8":"first","9":"instock","10":"taxable","11":"shipping-taxable","12":"purchasable","13":"product-type-simple"},"acf":[],"aioseo_notices":[],"jetpack_sharing_enabled":true,"_links":{"self":[{"href":"https:\/\/antcube.shop\/fi\/wp-json\/wp\/v2\/product\/3625","targetHints":{"allow":["GET"]}}],"collection":[{"href":"https:\/\/antcube.shop\/fi\/wp-json\/wp\/v2\/product"}],"about":[{"href":"https:\/\/antcube.shop\/fi\/wp-json\/wp\/v2\/types\/product"}],"replies":[{"embeddable":true,"href":"https:\/\/antcube.shop\/fi\/wp-json\/wp\/v2\/comments?post=3625"}],"wp:featuredmedia":[{"embeddable":true,"href":"https:\/\/antcube.shop\/fi\/wp-json\/wp\/v2\/media\/3627"}],"wp:attachment":[{"href":"https:\/\/antcube.shop\/fi\/wp-json\/wp\/v2\/media?parent=3625"}],"wp:term":[{"taxonomy":"product_brand","embeddable":true,"href":"https:\/\/antcube.shop\/fi\/wp-json\/wp\/v2\/product_brand?post=3625"},{"taxonomy":"product_cat","embeddable":true,"href":"https:\/\/antcube.shop\/fi\/wp-json\/wp\/v2\/product_cat?post=3625"},{"taxonomy":"product_tag","embeddable":true,"href":"https:\/\/antcube.shop\/fi\/wp-json\/wp\/v2\/product_tag?post=3625"}],"curies":[{"name":"wp","href":"https:\/\/api.w.org\/{rel}","templated":true}]}}