{"id":3611,"date":"2021-11-19T12:49:31","date_gmt":"2021-11-19T11:49:31","guid":{"rendered":"https:\/\/antcube.shop\/produkt\/dad-hat\/"},"modified":"2024-12-12T12:26:53","modified_gmt":"2024-12-12T11:26:53","slug":"dad-hat","status":"publish","type":"product","link":"https:\/\/antcube.shop\/fi\/tuote\/dad-hat\/","title":{"rendered":"Is\u00e4n hattu"},"content":{"rendered":"<p>Is\u00e4nhatut eiv\u00e4t ole vain isille. T\u00e4ss\u00e4 on matala profiili, s\u00e4\u00e4dett\u00e4v\u00e4 hihna ja kaareva visiiri.<\/p>\n<p>- 100% chino-puuvillakangas<br \/>- Vihre\u00e4 Camo v\u00e4ri on 35% chino puuvilla twill, 65% polyesteri.<br \/>- Strukturoimaton, 6-paneelinen, matalaprofiilinen.<br \/>- 6 kirjailtua silmukkaa<br \/>- 3 \u215b\" (7,6 cm) kruunu.<br \/>- S\u00e4\u00e4dett\u00e4v\u00e4 hihna antiikkisella soljella<br \/>- Vietnamista tai Bangladeshista per\u00e4isin oleva tyhj\u00e4 tuote.<\/p>\n<p>\u00a0<\/p>\n<p>Kauppatavaroiden luokkaan kuuluvien tuotteiden toimituksesta ja tuotannosta vastaa kumppanimme PRINTFUL. Tilaamalla jonkin n\u00e4ist\u00e4 tuotteista hyv\u00e4ksyt PRINTFULin k\u00e4ytt\u00f6ehdot, tietosuojaselosteen ja palautusehdot.\u00a0<\/p>\n<p><a href=\"https:\/\/www.printful.com\/policies\/terms-of-service\">PRINTFULin k\u00e4ytt\u00f6ehdot l\u00f6yd\u00e4t t\u00e4\u00e4lt\u00e4.<\/a><\/p>\n<p><a href=\"https:\/\/www.printful.com\/policies\/returns\">PRINTFULin palautusehdot l\u00f6yd\u00e4t t\u00e4\u00e4lt\u00e4.<\/a><\/p>\n<p><a href=\"https:\/\/www.printful.com\/policies\/privacy\">PRINTFULin tietosuojak\u00e4yt\u00e4nt\u00f6 l\u00f6ytyy t\u00e4\u00e4lt\u00e4.<\/a><\/p>","protected":false},"excerpt":{"rendered":"<p>Is\u00e4nhatut eiv\u00e4t ole vain isille. T\u00e4ss\u00e4 on matala profiili, s\u00e4\u00e4dett\u00e4v\u00e4 hihna ja kaareva visiiri. - 100% chino cotton twill- Green Camo -v\u00e4ri on 35% chino cotton twill, 65% polyesteri- Rakenteeton, 6-ruutuinen, matalaprofiilinen- 6 kirjailtua silmukkaa- 3 \u215b\" (7,6 cm) kruunu- S\u00e4\u00e4dett\u00e4v\u00e4 hihna, jossa on antiikkisolki- Tyhj\u00e4 tuote, joka on per\u00e4isin Vietnamista.","protected":false},"featured_media":3613,"comment_status":"open","ping_status":"closed","template":"","meta":{"_acf_changed":false,"content-type":"","_monsterinsights_skip_tracking":false,"_monsterinsights_sitenote_active":false,"_monsterinsights_sitenote_note":"","_monsterinsights_sitenote_category":0},"product_brand":[],"product_cat":[245],"product_tag":[],"class_list":{"0":"post-3611","1":"product","2":"type-product","3":"status-publish","4":"has-post-thumbnail","6":"product_cat-merchandise","8":"first","9":"instock","10":"taxable","11":"shipping-taxable","12":"purchasable","13":"product-type-simple"},"acf":[],"aioseo_notices":[],"jetpack_sharing_enabled":true,"_links":{"self":[{"href":"https:\/\/antcube.shop\/fi\/wp-json\/wp\/v2\/product\/3611","targetHints":{"allow":["GET"]}}],"collection":[{"href":"https:\/\/antcube.shop\/fi\/wp-json\/wp\/v2\/product"}],"about":[{"href":"https:\/\/antcube.shop\/fi\/wp-json\/wp\/v2\/types\/product"}],"replies":[{"embeddable":true,"href":"https:\/\/antcube.shop\/fi\/wp-json\/wp\/v2\/comments?post=3611"}],"wp:featuredmedia":[{"embeddable":true,"href":"https:\/\/antcube.shop\/fi\/wp-json\/wp\/v2\/media\/3613"}],"wp:attachment":[{"href":"https:\/\/antcube.shop\/fi\/wp-json\/wp\/v2\/media?parent=3611"}],"wp:term":[{"taxonomy":"product_brand","embeddable":true,"href":"https:\/\/antcube.shop\/fi\/wp-json\/wp\/v2\/product_brand?post=3611"},{"taxonomy":"product_cat","embeddable":true,"href":"https:\/\/antcube.shop\/fi\/wp-json\/wp\/v2\/product_cat?post=3611"},{"taxonomy":"product_tag","embeddable":true,"href":"https:\/\/antcube.shop\/fi\/wp-json\/wp\/v2\/product_tag?post=3611"}],"curies":[{"name":"wp","href":"https:\/\/api.w.org\/{rel}","templated":true}]}}