{"id":3599,"date":"2021-11-19T12:47:56","date_gmt":"2021-11-19T11:47:56","guid":{"rendered":"https:\/\/antcube.shop\/produkt\/premium-eco-hoodie\/"},"modified":"2024-12-12T12:27:02","modified_gmt":"2024-12-12T11:27:02","slug":"premium-eco-huppari","status":"publish","type":"product","link":"https:\/\/antcube.shop\/fi\/tuote\/premium-eco-huppari\/","title":{"rendered":"Premium eco huppari"},"content":{"rendered":"<p>Tutustu ensiluokkaiseen ekologiseen huppariin, joka on valmistettu orgaanisista ja kierr\u00e4tysmateriaaleista. Mukavan istuvuuden, etutaskun ja kaksikerroksisen hupun ansiosta huppari on klassinen katuvaatekappale, joka sopii monenlaiseen lookkiin.<\/p>\n<p>- 85% luomupuuvillaa, 15% kierr\u00e4tetty\u00e4 polyesteri\u00e4.<br \/>\n- Nauhat: 97% orgaaninen puuvilla, 3% elastaani.<br \/>\n- Harjattu fleecekangas sis\u00e4puolella<br \/>\n- Mukava unisex-mitoitus<br \/>\n- Kaksikerroksinen huppu<br \/>\n- Litte\u00e4t kiristysny\u00f6rit, joissa on metalliset silmukat, antavat ensiluokkaisen tuntuman.<br \/>\n- Kengurutasku<br \/>\n- Sis\u00e4-\/ulkopuolinen etikettilaastari br\u00e4nd\u00e4yst\u00e4 varten<br \/>\n- Irrotettava hoitotarra<\/p>\n<p>&nbsp;<\/p>\n<p>Kauppatavaroiden luokkaan kuuluvien tuotteiden toimituksesta ja tuotannosta vastaa kumppanimme PRINTFUL. Tilaamalla jonkin n\u00e4ist\u00e4 tuotteista hyv\u00e4ksyt PRINTFULin k\u00e4ytt\u00f6ehdot, tietosuojaselosteen ja palautusehdot.<\/p>\n<p><a href=\"https:\/\/www.printful.com\/policies\/terms-of-service\">PRINTFULin k\u00e4ytt\u00f6ehdot l\u00f6yd\u00e4t t\u00e4\u00e4lt\u00e4.<\/a><\/p>\n<p><a href=\"https:\/\/www.printful.com\/policies\/returns\">PRINTFULin palautusehdot l\u00f6yd\u00e4t t\u00e4\u00e4lt\u00e4.<\/a><\/p>\n<p><a href=\"https:\/\/www.printful.com\/policies\/privacy\">PRINTFULin tietosuojak\u00e4yt\u00e4nt\u00f6 l\u00f6ytyy t\u00e4\u00e4lt\u00e4.<\/a><\/p>","protected":false},"excerpt":{"rendered":"<p>Tutustu ensiluokkaiseen ekologiseen huppariin, joka on valmistettu orgaanisista ja kierr\u00e4tysmateriaaleista. Mukavan istuvuuden, etutaskun ja kaksikerroksisen hupun ansiosta huppari on klassinen katuvaatekappale, joka sopii monenlaiseen lookkiin. - 85% luomupuuvillaa, 15% kierr\u00e4tetty\u00e4 polyesteri\u00e4 - Nauhat: 97% luomupuuvillaa, 3% elastaania - Harjattu fleecekangas sis\u00e4puolella.","protected":false},"featured_media":3607,"comment_status":"open","ping_status":"closed","template":"","meta":{"_acf_changed":false,"content-type":"","_monsterinsights_skip_tracking":false,"_monsterinsights_sitenote_active":false,"_monsterinsights_sitenote_note":"","_monsterinsights_sitenote_category":0},"product_brand":[],"product_cat":[245],"product_tag":[],"class_list":{"0":"post-3599","1":"product","2":"type-product","3":"status-publish","4":"has-post-thumbnail","6":"product_cat-merchandise","8":"first","9":"instock","10":"taxable","11":"shipping-taxable","12":"purchasable","13":"product-type-variable"},"acf":[],"aioseo_notices":[],"jetpack_sharing_enabled":true,"_links":{"self":[{"href":"https:\/\/antcube.shop\/fi\/wp-json\/wp\/v2\/product\/3599","targetHints":{"allow":["GET"]}}],"collection":[{"href":"https:\/\/antcube.shop\/fi\/wp-json\/wp\/v2\/product"}],"about":[{"href":"https:\/\/antcube.shop\/fi\/wp-json\/wp\/v2\/types\/product"}],"replies":[{"embeddable":true,"href":"https:\/\/antcube.shop\/fi\/wp-json\/wp\/v2\/comments?post=3599"}],"wp:featuredmedia":[{"embeddable":true,"href":"https:\/\/antcube.shop\/fi\/wp-json\/wp\/v2\/media\/3607"}],"wp:attachment":[{"href":"https:\/\/antcube.shop\/fi\/wp-json\/wp\/v2\/media?parent=3599"}],"wp:term":[{"taxonomy":"product_brand","embeddable":true,"href":"https:\/\/antcube.shop\/fi\/wp-json\/wp\/v2\/product_brand?post=3599"},{"taxonomy":"product_cat","embeddable":true,"href":"https:\/\/antcube.shop\/fi\/wp-json\/wp\/v2\/product_cat?post=3599"},{"taxonomy":"product_tag","embeddable":true,"href":"https:\/\/antcube.shop\/fi\/wp-json\/wp\/v2\/product_tag?post=3599"}],"curies":[{"name":"wp","href":"https:\/\/api.w.org\/{rel}","templated":true}]}}