{"id":3575,"date":"2021-11-19T12:45:26","date_gmt":"2021-11-19T11:45:26","guid":{"rendered":"https:\/\/antcube.shop\/produkt\/unisex-organic-cotton-t-shirt\/"},"modified":"2024-12-12T12:27:10","modified_gmt":"2024-12-12T11:27:10","slug":"unisex-organic-cotton-t-paita","status":"publish","type":"product","link":"https:\/\/antcube.shop\/fi\/tuote\/unisex-organic-cotton-t-paita\/","title":{"rendered":"Unisex luomupuuvillainen t-paita"},"content":{"rendered":"<p>T\u00e4m\u00e4 100%-luomupuuvillasta valmistettu unisex-t-paita on t\u00e4ydellinen must-have. Se on laadukas, eritt\u00e4in mukava ja mik\u00e4 parasta, ymp\u00e4rist\u00f6yst\u00e4v\u00e4llinen.<\/p>\n<p>- 100% orgaaninen rengaskehr\u00e4tty puuvilla<br \/>\n- Kankaan paino: 5,3 oz\/yd\u00b2 (180 g\/m\u00b2).<br \/>\n- Yksi pelipaita<br \/>\n- Keskikokoinen istuvuus<br \/>\n- Asetetut hihat<br \/>\n- 1 \u00d7 1 kylkiluu kauluksessa<br \/>\n- Leve\u00e4 kaksoisneulan pikatikkaus hihansuissa ja alareunoissa.<br \/>\n- Itsekudottu kaulanauha (kaulan sis\u00e4puolella, takana)<br \/>\n- Kiinasta tai Bangladeshista per\u00e4isin oleva tyhj\u00e4 tuote.<\/p>\n<p>&nbsp;<\/p>\n<p>Kauppatavaroiden luokkaan kuuluvien tuotteiden toimituksesta ja tuotannosta vastaa kumppanimme PRINTFUL. Tilaamalla jonkin n\u00e4ist\u00e4 tuotteista hyv\u00e4ksyt PRINTFULin k\u00e4ytt\u00f6ehdot, tietosuojaselosteen ja palautusehdot.<\/p>\n<p><a href=\"https:\/\/www.printful.com\/policies\/terms-of-service\">PRINTFULin k\u00e4ytt\u00f6ehdot l\u00f6yd\u00e4t t\u00e4\u00e4lt\u00e4.<\/a><\/p>\n<p><a href=\"https:\/\/www.printful.com\/policies\/returns\">PRINTFULin palautusehdot l\u00f6yd\u00e4t t\u00e4\u00e4lt\u00e4.<\/a><\/p>\n<p><a href=\"https:\/\/www.printful.com\/policies\/privacy\">PRINTFULin tietosuojak\u00e4yt\u00e4nt\u00f6 l\u00f6ytyy t\u00e4\u00e4lt\u00e4.<\/a><\/p>","protected":false},"excerpt":{"rendered":"<p>T\u00e4m\u00e4 100%-luomupuuvillasta valmistettu unisex-t-paita on t\u00e4ydellinen must-have. Se on laadukas, eritt\u00e4in mukava ja mik\u00e4 parasta, ymp\u00e4rist\u00f6yst\u00e4v\u00e4llinen. - 100% orgaanista rengaskehr\u00e4tty\u00e4 puuvillaa - Kankaan paino: 5,3 oz\/yd\u00b2 (180 g\/m\u00b2) - Single jersey - Keskikokoinen istuvuus - Asetetut hihat - 1 \u00d7 1 rib kauluksessa - Leve\u00e4 kaksoisneulan tikkaus kauluksessa.","protected":false},"featured_media":3582,"comment_status":"open","ping_status":"closed","template":"","meta":{"_acf_changed":false,"content-type":"","_monsterinsights_skip_tracking":false,"_monsterinsights_sitenote_active":false,"_monsterinsights_sitenote_note":"","_monsterinsights_sitenote_category":0},"product_brand":[],"product_cat":[245],"product_tag":[],"class_list":{"0":"post-3575","1":"product","2":"type-product","3":"status-publish","4":"has-post-thumbnail","6":"product_cat-merchandise","8":"first","9":"instock","10":"taxable","11":"shipping-taxable","12":"purchasable","13":"product-type-variable"},"acf":[],"aioseo_notices":[],"jetpack_sharing_enabled":true,"_links":{"self":[{"href":"https:\/\/antcube.shop\/fi\/wp-json\/wp\/v2\/product\/3575","targetHints":{"allow":["GET"]}}],"collection":[{"href":"https:\/\/antcube.shop\/fi\/wp-json\/wp\/v2\/product"}],"about":[{"href":"https:\/\/antcube.shop\/fi\/wp-json\/wp\/v2\/types\/product"}],"replies":[{"embeddable":true,"href":"https:\/\/antcube.shop\/fi\/wp-json\/wp\/v2\/comments?post=3575"}],"wp:featuredmedia":[{"embeddable":true,"href":"https:\/\/antcube.shop\/fi\/wp-json\/wp\/v2\/media\/3582"}],"wp:attachment":[{"href":"https:\/\/antcube.shop\/fi\/wp-json\/wp\/v2\/media?parent=3575"}],"wp:term":[{"taxonomy":"product_brand","embeddable":true,"href":"https:\/\/antcube.shop\/fi\/wp-json\/wp\/v2\/product_brand?post=3575"},{"taxonomy":"product_cat","embeddable":true,"href":"https:\/\/antcube.shop\/fi\/wp-json\/wp\/v2\/product_cat?post=3575"},{"taxonomy":"product_tag","embeddable":true,"href":"https:\/\/antcube.shop\/fi\/wp-json\/wp\/v2\/product_tag?post=3575"}],"curies":[{"name":"wp","href":"https:\/\/api.w.org\/{rel}","templated":true}]}}