{"id":3566,"date":"2021-11-19T12:43:48","date_gmt":"2021-11-19T11:43:48","guid":{"rendered":"https:\/\/antcube.shop\/produkt\/youth-short-sleeve-t-shirt\/"},"modified":"2024-12-12T12:27:18","modified_gmt":"2024-12-12T11:27:18","slug":"nuorten-lyhythihainen-paita","status":"publish","type":"product","link":"https:\/\/antcube.shop\/fi\/tuote\/nuorten-lyhythihainen-paita\/","title":{"rendered":"Nuorten lyhythihainen t-paita"},"content":{"rendered":"<p>T\u00e4m\u00e4 on etsim\u00e4si t-paita, josta tulee varmasti jokaisen nuoren vaatekaapin suosikki. Se on kevyt, pehme\u00e4 ja siin\u00e4 on ainutlaatuinen muotoilu.<\/p>\n<p>- 100% kampapuuvillaa ja rengaskehr\u00e4tty\u00e4 puuvillaa.<br \/>\n- Heather-v\u00e4rit ovat 52% kampapuuvillaa ja rengaskehr\u00e4tty\u00e4 puuvillaa, 48% polyesteri\u00e4.<br \/>\n- Athletic Heather on 90% kammattua ja rengaskehr\u00e4tty\u00e4 puuvillaa, 10% polyesteri\u00e4.<br \/>\n- Kankaan paino: 4,2 oz\/yd\u00b2 (142 g\/m2).<br \/>\n- Esikuivattu kangas<br \/>\n- 32 laulua<br \/>\n- Rento unisex istuvuus<br \/>\n- Sivusaumattu rakenne<br \/>\n- Nicaraguasta, Yhdysvalloista tai Hondurasista per\u00e4isin oleva tyhj\u00e4 tuote.<\/p>\n<p>&nbsp;<\/p>\n<p>Kauppatavaroiden luokkaan kuuluvien tuotteiden toimituksesta ja tuotannosta vastaa kumppanimme PRINTFUL. Tilaamalla jonkin n\u00e4ist\u00e4 tuotteista hyv\u00e4ksyt PRINTFULin k\u00e4ytt\u00f6ehdot, tietosuojaselosteen ja palautusehdot.<\/p>\n<p><a href=\"https:\/\/www.printful.com\/policies\/terms-of-service\">PRINTFULin k\u00e4ytt\u00f6ehdot l\u00f6yd\u00e4t t\u00e4\u00e4lt\u00e4.<\/a><\/p>\n<p><a href=\"https:\/\/www.printful.com\/policies\/returns\">PRINTFULin palautusehdot l\u00f6yd\u00e4t t\u00e4\u00e4lt\u00e4.<\/a><\/p>\n<p><a href=\"https:\/\/www.printful.com\/policies\/privacy\">PRINTFULin tietosuojak\u00e4yt\u00e4nt\u00f6 l\u00f6ytyy t\u00e4\u00e4lt\u00e4.<\/a><\/p>","protected":false},"excerpt":{"rendered":"<p>This is the tee that you&#8217;ve been looking for, and it&#8217;s bound to become a favorite in any youngster&#8217;s wardrobe. It&#8217;s light, soft, and comes with a unique design. \u2022 100% combed and ring-spun cotton \u2022 Heather colors are 52% combed and ring-spun cotton, 48% polyester \u2022 Athletic Heather is 90% combed and ring-spun cotton, [&#8230;]","protected":false},"featured_media":3573,"comment_status":"open","ping_status":"closed","template":"","meta":{"_acf_changed":false,"content-type":"","_monsterinsights_skip_tracking":false,"_monsterinsights_sitenote_active":false,"_monsterinsights_sitenote_note":"","_monsterinsights_sitenote_category":0},"product_brand":[],"product_cat":[245],"product_tag":[],"class_list":{"0":"post-3566","1":"product","2":"type-product","3":"status-publish","4":"has-post-thumbnail","6":"product_cat-merchandise","8":"first","9":"instock","10":"taxable","11":"shipping-taxable","12":"purchasable","13":"product-type-variable"},"acf":[],"aioseo_notices":[],"jetpack_sharing_enabled":true,"_links":{"self":[{"href":"https:\/\/antcube.shop\/fi\/wp-json\/wp\/v2\/product\/3566","targetHints":{"allow":["GET"]}}],"collection":[{"href":"https:\/\/antcube.shop\/fi\/wp-json\/wp\/v2\/product"}],"about":[{"href":"https:\/\/antcube.shop\/fi\/wp-json\/wp\/v2\/types\/product"}],"replies":[{"embeddable":true,"href":"https:\/\/antcube.shop\/fi\/wp-json\/wp\/v2\/comments?post=3566"}],"wp:featuredmedia":[{"embeddable":true,"href":"https:\/\/antcube.shop\/fi\/wp-json\/wp\/v2\/media\/3573"}],"wp:attachment":[{"href":"https:\/\/antcube.shop\/fi\/wp-json\/wp\/v2\/media?parent=3566"}],"wp:term":[{"taxonomy":"product_brand","embeddable":true,"href":"https:\/\/antcube.shop\/fi\/wp-json\/wp\/v2\/product_brand?post=3566"},{"taxonomy":"product_cat","embeddable":true,"href":"https:\/\/antcube.shop\/fi\/wp-json\/wp\/v2\/product_cat?post=3566"},{"taxonomy":"product_tag","embeddable":true,"href":"https:\/\/antcube.shop\/fi\/wp-json\/wp\/v2\/product_tag?post=3566"}],"curies":[{"name":"wp","href":"https:\/\/api.w.org\/{rel}","templated":true}]}}