{"id":3443,"date":"2021-11-18T15:53:00","date_gmt":"2021-11-18T14:53:00","guid":{"rendered":"https:\/\/antcube.shop\/produkt\/mens-heavyweight-tee\/"},"modified":"2024-12-12T12:27:24","modified_gmt":"2024-12-12T11:27:24","slug":"miesten-raskaansarjan-tee","status":"publish","type":"product","link":"https:\/\/antcube.shop\/fi\/tuote\/miesten-raskaansarjan-tee\/","title":{"rendered":"Miesten premium puuvilla t-paita"},"content":{"rendered":"<p>100%-puuvillainen miesten premium-t-paita auttaa sinua saamaan rakenteellisemman ilmeen. Se istuu kauniisti, s\u00e4ilytt\u00e4\u00e4 ter\u00e4v\u00e4t linjat reunoilla ja sopii t\u00e4ydellisesti kerroksittaisten streetwear-asujen kanssa.<br \/>\n- 100% puuvilla<br \/>\n- 90% puuvilla, 10% polyesteri.<br \/>\n- Kankaan paino: 5,0-5,3 oz\/yd\u00b2 (170-180 g\/m\u00b2).<br \/>\n- Avoimenlangat<br \/>\n- Putkimainen kangas<br \/>\n- Teipattu niska ja olkap\u00e4\u00e4t<br \/>\n- Kaksoissauma hihoissa ja helmassa<br \/>\n- Hondurasista, Nicaraguasta, Haitista, Dominikaanisesta tasavallasta, Bangladeshista ja Meksikosta per\u00e4isin oleva tyhj\u00e4 tuote.<\/p>\n<p>&nbsp;<\/p>\n<p>Kauppatavaroiden luokkaan kuuluvien tuotteiden toimituksesta ja tuotannosta vastaa kumppanimme PRINTFUL. Tilaamalla jonkin n\u00e4ist\u00e4 tuotteista hyv\u00e4ksyt PRINTFULin k\u00e4ytt\u00f6ehdot, tietosuojaselosteen ja palautusehdot.<\/p>\n<p><a href=\"https:\/\/www.printful.com\/policies\/terms-of-service\">PRINTFULin k\u00e4ytt\u00f6ehdot l\u00f6yd\u00e4t t\u00e4\u00e4lt\u00e4.<\/a><\/p>\n<p><a href=\"https:\/\/www.printful.com\/policies\/returns\">PRINTFULin palautusehdot l\u00f6yd\u00e4t t\u00e4\u00e4lt\u00e4.<\/a><\/p>\n<p><a href=\"https:\/\/www.printful.com\/policies\/privacy\">PRINTFULin tietosuojak\u00e4yt\u00e4nt\u00f6 l\u00f6ytyy t\u00e4\u00e4lt\u00e4.<\/a><\/p>","protected":false},"excerpt":{"rendered":"<p>100%-puuvillainen miesten premium-t-paita auttaa sinua saamaan rakenteellisemman ilmeen. Se istuu kauniisti, s\u00e4ilytt\u00e4\u00e4 ter\u00e4v\u00e4t linjat reunoilla ja sopii t\u00e4ydellisesti kerroksittaisten streetwear-asujen kanssa. - 100% puuvilla - 90% puuvilla, 10% polyesteri - Kangaspaino: 5,0-5,3 oz\/yd\u00b2 (170-180 g\/m\u00b2) - Avoimen langan materiaali - Putkimainen kangas - Teipattu p\u00e4\u00e4ntie ja kaula-aukko.","protected":false},"featured_media":3451,"comment_status":"open","ping_status":"closed","template":"","meta":{"_acf_changed":false,"content-type":"","_monsterinsights_skip_tracking":false,"_monsterinsights_sitenote_active":false,"_monsterinsights_sitenote_note":"","_monsterinsights_sitenote_category":0},"product_brand":[],"product_cat":[245],"product_tag":[],"class_list":{"0":"post-3443","1":"product","2":"type-product","3":"status-publish","4":"has-post-thumbnail","6":"product_cat-merchandise","8":"first","9":"instock","10":"taxable","11":"shipping-taxable","12":"purchasable","13":"product-type-variable"},"acf":[],"aioseo_notices":[],"jetpack_sharing_enabled":true,"_links":{"self":[{"href":"https:\/\/antcube.shop\/fi\/wp-json\/wp\/v2\/product\/3443","targetHints":{"allow":["GET"]}}],"collection":[{"href":"https:\/\/antcube.shop\/fi\/wp-json\/wp\/v2\/product"}],"about":[{"href":"https:\/\/antcube.shop\/fi\/wp-json\/wp\/v2\/types\/product"}],"replies":[{"embeddable":true,"href":"https:\/\/antcube.shop\/fi\/wp-json\/wp\/v2\/comments?post=3443"}],"wp:featuredmedia":[{"embeddable":true,"href":"https:\/\/antcube.shop\/fi\/wp-json\/wp\/v2\/media\/3451"}],"wp:attachment":[{"href":"https:\/\/antcube.shop\/fi\/wp-json\/wp\/v2\/media?parent=3443"}],"wp:term":[{"taxonomy":"product_brand","embeddable":true,"href":"https:\/\/antcube.shop\/fi\/wp-json\/wp\/v2\/product_brand?post=3443"},{"taxonomy":"product_cat","embeddable":true,"href":"https:\/\/antcube.shop\/fi\/wp-json\/wp\/v2\/product_cat?post=3443"},{"taxonomy":"product_tag","embeddable":true,"href":"https:\/\/antcube.shop\/fi\/wp-json\/wp\/v2\/product_tag?post=3443"}],"curies":[{"name":"wp","href":"https:\/\/api.w.org\/{rel}","templated":true}]}}