{"id":3278,"date":"2021-11-10T13:27:34","date_gmt":"2021-11-10T12:27:34","guid":{"rendered":"https:\/\/antcube.shop\/produkt\/camponotus-parius\/"},"modified":"2023-12-21T17:20:52","modified_gmt":"2023-12-21T16:20:52","slug":"camponotus-parius","status":"publish","type":"product","link":"https:\/\/antcube.shop\/fi\/tuote\/camponotus-parius\/","title":{"rendered":"Camponotus parius"},"content":{"rendered":"<p>&nbsp;<\/p>\n<table border=\"1\" cellspacing=\"1\" cellpadding=\"1\">\n<tbody>\n<tr>\n<td><strong>Lat. Nimi:<\/strong><\/td>\n<td><strong><img data-recalc-dims=\"1\" loading=\"lazy\" decoding=\"async\" src=\"https:\/\/i0.wp.com\/www.antstore.net\/shop\/images\/icons\/ants\/lateinname.jpg?resize=30%2C30&#038;ssl=1\" alt=\"\" width=\"30\" height=\"30\" \/><\/strong><\/td>\n<td><em>Camponotus parius<\/em><\/td>\n<\/tr>\n<tr>\n<td><strong>Yleinen nimi<\/strong>:<\/td>\n<td><strong><img data-recalc-dims=\"1\" loading=\"lazy\" decoding=\"async\" src=\"https:\/\/i0.wp.com\/www.antstore.net\/shop\/images\/icons\/ants\/trivialname.jpg?resize=30%2C30&#038;ssl=1\" alt=\"\" width=\"30\" height=\"30\" \/><\/strong><\/td>\n<td>&#8211;<\/td>\n<\/tr>\n<tr>\n<td><strong>Taksonomia:<\/strong><\/td>\n<td><strong><img data-recalc-dims=\"1\" loading=\"lazy\" decoding=\"async\" src=\"https:\/\/i0.wp.com\/www.antstore.net\/shop\/images\/icons\/ants\/taxonomie.jpg?resize=30%2C30&#038;ssl=1\" alt=\"\" width=\"30\" height=\"30\" \/><\/strong><\/td>\n<td><strong>Alaperhe: <\/strong>Formicinae\u00a0<strong>Heimo: <\/strong>Camponotini<\/td>\n<\/tr>\n<tr>\n<td><strong>Tasoa pidet\u00e4\u00e4n yll\u00e4:<\/strong><\/td>\n<td><strong><img data-recalc-dims=\"1\" loading=\"lazy\" decoding=\"async\" src=\"https:\/\/i0.wp.com\/www.antstore.net\/shop\/images\/icons\/ants\/haltungsklasse.jpg?resize=30%2C30&#038;ssl=1\" alt=\"\" width=\"30\" height=\"30\" \/><\/strong><\/td>\n<td><strong>(2)\u00a0<\/strong>korkeammat vaatimukset ilmaston ja paon ehk\u00e4isemiseksi<\/td>\n<\/tr>\n<tr>\n<td><strong>Jakelu:<\/strong><\/td>\n<td><strong><img data-recalc-dims=\"1\" loading=\"lazy\" decoding=\"async\" src=\"https:\/\/i0.wp.com\/www.antstore.net\/shop\/images\/icons\/ants\/verbreitung.jpg?resize=30%2C30&#038;ssl=1\" alt=\"\" width=\"30\" height=\"30\" \/><\/strong><\/td>\n<td>Kaakkois-Aasia<\/td>\n<\/tr>\n<tr>\n<td><strong>Elinymp\u00e4rist\u00f6:<\/strong><\/td>\n<td><strong><img data-recalc-dims=\"1\" loading=\"lazy\" decoding=\"async\" src=\"https:\/\/i0.wp.com\/www.antstore.net\/shop\/images\/icons\/ants\/habitat.jpg?resize=30%2C30&#038;ssl=1\" alt=\"\" width=\"30\" height=\"30\" \/><\/strong><\/td>\n<td>trooppinen sademets\u00e4<\/td>\n<\/tr>\n<tr>\n<td><strong>Colonyform:<\/strong><\/td>\n<td><strong><img data-recalc-dims=\"1\" loading=\"lazy\" decoding=\"async\" src=\"https:\/\/i0.wp.com\/www.antstore.net\/shop\/images\/icons\/ants\/Kolonieform.jpg?resize=30%2C30&#038;ssl=1\" alt=\"\" width=\"30\" height=\"30\" \/><\/strong><\/td>\n<td>monogyne<\/td>\n<\/tr>\n<tr>\n<td><strong>Kuningatar:<\/strong><\/td>\n<td><strong><img data-recalc-dims=\"1\" loading=\"lazy\" decoding=\"async\" src=\"https:\/\/i0.wp.com\/www.antstore.net\/shop\/images\/icons\/ants\/koenigin.jpg?resize=30%2C30&#038;ssl=1\" alt=\"\" width=\"30\" height=\"30\" \/><\/strong><\/td>\n<td><b><strong>Koko: <\/strong><\/b>14mm\u00a0<b><strong>V\u00e4ri: <\/strong><\/b>mustat, silkkiset karvapeitteet kidusrungossa.<\/td>\n<\/tr>\n<tr>\n<td><strong>Ty\u00f6ntekij\u00e4:<\/strong><\/td>\n<td><img data-recalc-dims=\"1\" loading=\"lazy\" decoding=\"async\" src=\"https:\/\/i0.wp.com\/www.antstore.net\/shop\/images\/icons\/ants\/arbeiterin.jpg?resize=30%2C30&#038;ssl=1\" alt=\"\" width=\"30\" height=\"30\" \/><\/td>\n<td><strong>Koko:<\/strong><span style=\"font-family: Arial;\">\u00a05 - 10mm\u00a0<\/span><strong>V\u00e4ri:<\/strong><span style=\"font-family: Arial;\">\u00a0mustat, silkkiset pilositeetin muodostamat pintakalvot, polymorfinen.<\/span><\/td>\n<\/tr>\n<tr>\n<td><strong>Sotilas:<\/strong><\/td>\n<td><img data-recalc-dims=\"1\" loading=\"lazy\" decoding=\"async\" src=\"https:\/\/i0.wp.com\/www.antstore.net\/shop\/images\/icons\/ants\/soldaten.jpg?resize=30%2C30&#038;ssl=1\" alt=\"\" width=\"30\" height=\"30\" \/><\/td>\n<td>ei l\u00e4sn\u00e4<\/td>\n<\/tr>\n<tr>\n<td><strong>Mies:<\/strong><\/td>\n<td><img data-recalc-dims=\"1\" loading=\"lazy\" decoding=\"async\" src=\"https:\/\/i0.wp.com\/www.antstore.net\/shop\/images\/icons\/ants\/maennchen.jpg?resize=30%2C30&#038;ssl=1\" alt=\"\" width=\"30\" height=\"30\" \/><\/td>\n<td><strong>Koko:<\/strong> &#8211; <strong>V\u00e4ri: <\/strong>&#8211;<\/td>\n<\/tr>\n<tr>\n<td><strong>Ruoka:<\/strong><\/td>\n<td><img data-recalc-dims=\"1\" loading=\"lazy\" decoding=\"async\" src=\"https:\/\/i0.wp.com\/www.antstore.net\/shop\/images\/icons\/ants\/nahrung.jpg?resize=30%2C30&#038;ssl=1\" alt=\"\" width=\"30\" height=\"30\" \/><\/td>\n<td>Hunajavesi, hy\u00f6nteiset, esim. vesiperhoset, kuten k\u00e4rp\u00e4set tai m<span style=\"font-family: Arial;\">Osquitos<\/span><\/td>\n<\/tr>\n<tr>\n<td><strong>Kosteus:<\/strong><\/td>\n<td><strong><img data-recalc-dims=\"1\" loading=\"lazy\" decoding=\"async\" src=\"https:\/\/i0.wp.com\/www.antstore.net\/shop\/images\/icons\/ants\/feuchtigkeit.jpg?resize=30%2C30&#038;ssl=1\" alt=\"\" width=\"30\" height=\"30\" \/><\/strong><\/td>\n<td><b><strong>Areena:<\/strong><\/b> 50 &#8211; 70%\u00a0<b><strong>Nestpart: <\/strong><\/b>50 &#8211; 70%<\/td>\n<\/tr>\n<tr>\n<td><strong>L\u00e4mp\u00f6tila:<\/strong><\/td>\n<td><strong><img data-recalc-dims=\"1\" loading=\"lazy\" decoding=\"async\" src=\"https:\/\/i0.wp.com\/www.antstore.net\/shop\/images\/icons\/ants\/temperatur.jpg?resize=30%2C30&#038;ssl=1\" alt=\"\" width=\"30\" height=\"30\" \/><\/strong><\/td>\n<td><strong>Areena:<\/strong>\u00a021 - 35\u00b0C\u00a0<strong>Nestpart:<\/strong>\u00a024 - 28\u00b0C<\/td>\n<\/tr>\n<tr>\n<td><strong>Talvihorros:<\/strong><\/td>\n<td><img data-recalc-dims=\"1\" loading=\"lazy\" decoding=\"async\" src=\"https:\/\/i0.wp.com\/www.antstore.net\/shop\/images\/icons\/ants\/winterruhe.jpg?resize=30%2C30&#038;ssl=1\" alt=\"\" width=\"30\" height=\"30\" \/><\/td>\n<td>Ei<\/td>\n<\/tr>\n<tr>\n<td><strong>Pes\u00e4tyyppi:<\/strong><\/td>\n<td><\/td>\n<td>Rakentavat pes\u00e4ns\u00e4 maaper\u00e4\u00e4n<\/td>\n<\/tr>\n<tr>\n<td><strong>Formicarium-tyyppi:<\/strong><\/td>\n<td><img data-recalc-dims=\"1\" loading=\"lazy\" decoding=\"async\" src=\"https:\/\/i0.wp.com\/www.antstore.net\/shop\/images\/icons\/ants\/formicarienart.jpg?resize=30%2C30&#038;ssl=1\" alt=\"\" width=\"30\" height=\"30\" \/><\/td>\n<td>Maatila, maatila-allas, allas, kehysallas, saari, akryylisylinteri, Ytong\/Plasternest<\/td>\n<\/tr>\n<tr>\n<td><strong>Formicariumin koko:<\/strong><\/td>\n<td><strong><img data-recalc-dims=\"1\" loading=\"lazy\" decoding=\"async\" src=\"https:\/\/i0.wp.com\/www.antstore.net\/shop\/images\/icons\/ants\/formicariengroesse.jpg?resize=30%2C30&#038;ssl=1\" alt=\"\" width=\"30\" height=\"30\" \/><\/strong><\/td>\n<td><b> <strong>Koko:<\/strong>\u00a0<strong>\u00a0<\/strong><strong>M<\/strong>\u00a0&#8211;\u00a0<strong>L<\/strong><\/b><\/td>\n<\/tr>\n<tr>\n<td><strong>Alusta:<\/strong><\/td>\n<td><strong><img data-recalc-dims=\"1\" loading=\"lazy\" decoding=\"async\" src=\"https:\/\/i0.wp.com\/www.antstore.net\/shop\/images\/icons\/ants\/substrat.jpg?resize=30%2C30&#038;ssl=1\" alt=\"\" width=\"30\" height=\"30\" \/><\/strong><\/td>\n<td><b><strong>Maatila: <\/strong><\/b>Hiekka-vaahto <b><strong>Areena: <\/strong><\/b>Hiekka, hiekka-vaahto<\/td>\n<\/tr>\n<tr>\n<td><strong>Istutus:<\/strong><\/td>\n<td><img data-recalc-dims=\"1\" loading=\"lazy\" decoding=\"async\" src=\"https:\/\/i0.wp.com\/www.antstore.net\/shop\/images\/icons\/ants\/bepflanzung.jpg?resize=30%2C30&#038;ssl=1\" alt=\"\" width=\"30\" height=\"30\" \/><\/td>\n<td>muistuttaa trooppista sademets\u00e4\u00e4, jossa on sammalta ja trooppisia kasveja, esim. passiflora.<\/td>\n<\/tr>\n<tr>\n<td><strong>Koristelu:<\/strong><\/td>\n<td><img data-recalc-dims=\"1\" loading=\"lazy\" decoding=\"async\" src=\"https:\/\/i0.wp.com\/www.antstore.net\/shop\/images\/icons\/ants\/dekoration.jpg?resize=30%2C30&#038;ssl=1\" alt=\"\" width=\"30\" height=\"30\" \/><\/td>\n<td>Oksat, juuret, lehtij\u00e4tteet<\/td>\n<\/tr>\n<tr>\n<td><strong>Kuvaus:<\/strong><\/td>\n<td><img data-recalc-dims=\"1\" loading=\"lazy\" decoding=\"async\" src=\"https:\/\/i0.wp.com\/www.antstore.net\/shop\/images\/icons\/ants\/beschreibung.jpg?resize=30%2C30&#038;ssl=1\" alt=\"\" width=\"30\" height=\"30\" \/><\/td>\n<td>Camponotus parius on hyvin yleinen muurahainen Kaakkois-Aasian alueella. Kultaisesti kiilt\u00e4v\u00e4n silkkisen pilositeetin ansiosta ne muodostavat mielenkiintoisen kontrastin mustaan ruumiiseensa n\u00e4hden. Ne ovat hyvin aktiivisia ker\u00e4ilij\u00f6it\u00e4 p\u00e4ivisin.<\/td>\n<\/tr>\n<tr>\n<td><strong>Kehitys:<\/strong><\/td>\n<td><strong><img data-recalc-dims=\"1\" loading=\"lazy\" decoding=\"async\" src=\"https:\/\/i0.wp.com\/www.antstore.net\/shop\/images\/icons\/ants\/entwicklung.jpg?resize=30%2C30&#038;ssl=1\" alt=\"\" width=\"30\" height=\"30\" \/><\/strong><\/td>\n<td><strong>H\u00e4\u00e4lento: <\/strong>sadekauden alkaessa<br \/>\n<strong>S\u00e4\u00e4ti\u00f6: <\/strong>klaustraalinen (ilman ruokintaa)<br \/>\n<strong>Pes\u00e4kkeen koko: <\/strong>jopa muutama 1000 yksil\u00f6\u00e4<\/td>\n<\/tr>\n<tr>\n<td><strong>M\u00e4\u00e4r\u00e4:<\/strong><\/td>\n<td><img data-recalc-dims=\"1\" loading=\"lazy\" decoding=\"async\" src=\"https:\/\/i0.wp.com\/www.antstore.net\/shop\/images\/icons\/ants\/menge.jpg?resize=30%2C30&#038;ssl=1\" alt=\"\" width=\"30\" height=\"30\" \/><\/td>\n<td>yksi hedelm\u00f6ittynyt kuningatar ja ty\u00f6l\u00e4iset (ks. valinta); pesue (vuodenajasta ja kehityksest\u00e4 riippuen).<\/td>\n<\/tr>\n<tr>\n<td><strong>Verkkolinkit:<\/strong><\/td>\n<td><a href=\"http:\/\/www.antstore.net\/viewforum.php?f=9\"><span style=\"color: #0000ff;\"><img data-recalc-dims=\"1\" loading=\"lazy\" decoding=\"async\" src=\"https:\/\/i0.wp.com\/www.antstore.net\/shop\/images\/icons\/ants\/weblinks.jpg?resize=30%2C30&#038;ssl=1\" alt=\"\" width=\"30\" height=\"30\" \/><\/span><\/a><\/td>\n<td><a href=\"http:\/\/www.antstore.net\/viewforum.php?f=124\"><span style=\"color: #0000ff;\">- Foorumi<\/span><\/a><\/p>\n<p><span style=\"color: #0000ff;\"><a href=\"http:\/\/www.antweb.org\/description.do?name=mimicus&amp;genus=myrmecocystus&amp;rank=species&amp;project=bajaants\">- L\u00e4hdeviite<\/a><\/span><\/td>\n<\/tr>\n<\/tbody>\n<\/table>\n<p>&nbsp;<\/p>","protected":false},"excerpt":{"rendered":"<p>S\u00e4ilytystaso 2 - Riskitaso 2<br \/>\nKoko:<span style=\"color: #000000;\"> <strong>M<\/strong><strong><span style=\"color: #339966;\"> - L<\/span><\/strong><\/span><\/p>","protected":false},"featured_media":1790,"comment_status":"open","ping_status":"closed","template":"","meta":{"_acf_changed":false,"content-type":"","_monsterinsights_skip_tracking":false,"_monsterinsights_sitenote_active":false,"_monsterinsights_sitenote_note":"","_monsterinsights_sitenote_category":0},"product_brand":[],"product_cat":[107,112],"product_tag":[],"class_list":{"0":"post-3278","1":"product","2":"type-product","3":"status-publish","4":"has-post-thumbnail","6":"product_cat-ants","7":"product_cat-asia","9":"first","10":"instock","11":"product-type-external"},"acf":[],"aioseo_notices":[],"jetpack_sharing_enabled":true,"_links":{"self":[{"href":"https:\/\/antcube.shop\/fi\/wp-json\/wp\/v2\/product\/3278","targetHints":{"allow":["GET"]}}],"collection":[{"href":"https:\/\/antcube.shop\/fi\/wp-json\/wp\/v2\/product"}],"about":[{"href":"https:\/\/antcube.shop\/fi\/wp-json\/wp\/v2\/types\/product"}],"replies":[{"embeddable":true,"href":"https:\/\/antcube.shop\/fi\/wp-json\/wp\/v2\/comments?post=3278"}],"wp:featuredmedia":[{"embeddable":true,"href":"https:\/\/antcube.shop\/fi\/wp-json\/wp\/v2\/media\/1790"}],"wp:attachment":[{"href":"https:\/\/antcube.shop\/fi\/wp-json\/wp\/v2\/media?parent=3278"}],"wp:term":[{"taxonomy":"product_brand","embeddable":true,"href":"https:\/\/antcube.shop\/fi\/wp-json\/wp\/v2\/product_brand?post=3278"},{"taxonomy":"product_cat","embeddable":true,"href":"https:\/\/antcube.shop\/fi\/wp-json\/wp\/v2\/product_cat?post=3278"},{"taxonomy":"product_tag","embeddable":true,"href":"https:\/\/antcube.shop\/fi\/wp-json\/wp\/v2\/product_tag?post=3278"}],"curies":[{"name":"wp","href":"https:\/\/api.w.org\/{rel}","templated":true}]}}