{"id":3174,"date":"2021-11-08T12:21:44","date_gmt":"2021-11-08T11:21:44","guid":{"rendered":"https:\/\/antcube.shop\/produkt\/ytongnest-40x20-mit-arena\/"},"modified":"2026-04-15T09:42:26","modified_gmt":"2026-04-15T07:42:26","slug":"ytongnest-40x20-mit-areena","status":"publish","type":"product","link":"https:\/\/antcube.shop\/fi\/tuote\/ytongnest-40x20-mit-areena\/","title":{"rendered":"Ytongnest - 40\u00d720 ja areena"},"content":{"rendered":"<p><strong>Materiaali:<\/strong> kevytbetoni, lasi, muovi PMMA ja PVC<\/p>\n<p><strong>Yhteys:<\/strong> 1x 14mm aukko; 1x 27mm aukko<\/p>\n<p><strong>Sis\u00e4lt\u00f6:<\/strong><br \/>\n1x kevytbetoniharkko 40x20x5 cm, jossa on 20 mm:n syvyiset kammiot.<br \/>\n1x lasilevy 40\u00d720 cm, jossa on 50 mm:n aukko ja areena 20\u00d720 cm.<br \/>\n1x muurahaisareenan kehys 20\u00d720<br \/>\n1x muurahaisareenan kansi 20\u00d720<br \/>\n1x 50mm rengas 27mm aukolla<br \/>\n1x formikarium-tulppa 13mm<br \/>\n2x Formicarium-tulppa 27mm<br \/>\n2x Formicarium-tulppa 50mm<\/p>\n<p><strong>Kuvaus:<\/strong><br \/>\nYtong on tuotemerkki, itse materiaalia kutsutaan kevytbetoniksi.<br \/>\nVett\u00e4 pid\u00e4tt\u00e4v\u00e4n ominaisuutensa ansiosta materiaali soveltuu hyvin muurahaiskasvatukseen. Sit\u00e4 voidaan k\u00e4ytt\u00e4\u00e4 useiden kaivautuvien lajien pit\u00e4miseen sek\u00e4 kuivissa ett\u00e4 kosteissa elinymp\u00e4rist\u00f6iss\u00e4. Muurahaislajista riippuen on suositeltavaa peitt\u00e4\u00e4 kammioiden pohja substraatilla. Jotkin lajit viihtyv\u00e4t n\u00e4in paremmin, ja esimerkiksi Ponerinae-muurahaislajit tarvitsevat multaa, jotta niiden toukat voivat nukkua kunnolla. Koska t\u00e4m\u00e4 pes\u00e4 sis\u00e4lt\u00e4\u00e4 jo areenan, sit\u00e4 voidaan k\u00e4ytt\u00e4\u00e4 t\u00e4ydellisen\u00e4 formikaarioasennuksena.<\/p>\n<p><strong>Vinkki:<\/strong><br \/>\nJotta vesi ei vuotaisi Ytongista ulos pes\u00e4alueen kostuttamisen j\u00e4lkeen ja ker\u00e4\u00e4ntyisi alapuolella olevien huonekalujen pinnalle tai karkea materiaali naarmuttaisi pintoja, suosittelemme tilaamaan Ytong-pesien kanssa yhteensopivan lasiastian. N\u00e4m\u00e4 ovat vedenpit\u00e4vi\u00e4 ja suojaavat siten tehokkaasti alla olevia pintoja vesi- ja naarmuuntumisvaurioilta.<\/p>\n<p><strong>K\u00e4ytt\u00f6:<\/strong><br \/>\nMuurahaislajit, joiden koko on <b>M<\/b> <b>&#8211;\u00a0<\/b><b>L<\/b>.<br \/>\nKevytbetoni on eritt\u00e4in hauras ja hauras materiaali. Siksi valmistusprosessin vuoksi on mahdotonta est\u00e4\u00e4 kulmissa ja reunoissa esiintyvi\u00e4 pieni\u00e4 murtumia ja ep\u00e4tasaisuuksia. T\u00e4st\u00e4 syyst\u00e4 Ytong-pes\u00e4t eiv\u00e4t sovellu hyvin pienille muurahaislajeille, joiden koko on seuraava <b>S<\/b>, sill\u00e4 n\u00e4m\u00e4 lajit voivat helposti puhjeta t\u00e4\u00e4ll\u00e4.<\/p>","protected":false},"excerpt":{"rendered":"<p>Yhteys: 1x14mm 1x27mm<br \/>\nKoko: <strong><span style=\"color: #339966;\">M<\/span><\/strong><strong> &#8211; <span style=\"color: #0000ff;\">L<\/span><\/strong><\/p>","protected":false},"featured_media":3011,"comment_status":"open","ping_status":"closed","template":"","meta":{"_acf_changed":false,"content-type":"","_monsterinsights_skip_tracking":false,"_monsterinsights_sitenote_active":false,"_monsterinsights_sitenote_note":"","_monsterinsights_sitenote_category":0},"product_brand":[],"product_cat":[85,86],"product_tag":[],"class_list":{"0":"post-3174","1":"product","2":"type-product","3":"status-publish","4":"has-post-thumbnail","6":"product_cat-ant-arenas","7":"product_cat-formicariums","9":"first","10":"instock","11":"taxable","12":"shipping-taxable","13":"purchasable","14":"product-type-simple"},"acf":[],"aioseo_notices":[],"jetpack_sharing_enabled":true,"_links":{"self":[{"href":"https:\/\/antcube.shop\/fi\/wp-json\/wp\/v2\/product\/3174","targetHints":{"allow":["GET"]}}],"collection":[{"href":"https:\/\/antcube.shop\/fi\/wp-json\/wp\/v2\/product"}],"about":[{"href":"https:\/\/antcube.shop\/fi\/wp-json\/wp\/v2\/types\/product"}],"replies":[{"embeddable":true,"href":"https:\/\/antcube.shop\/fi\/wp-json\/wp\/v2\/comments?post=3174"}],"wp:featuredmedia":[{"embeddable":true,"href":"https:\/\/antcube.shop\/fi\/wp-json\/wp\/v2\/media\/3011"}],"wp:attachment":[{"href":"https:\/\/antcube.shop\/fi\/wp-json\/wp\/v2\/media?parent=3174"}],"wp:term":[{"taxonomy":"product_brand","embeddable":true,"href":"https:\/\/antcube.shop\/fi\/wp-json\/wp\/v2\/product_brand?post=3174"},{"taxonomy":"product_cat","embeddable":true,"href":"https:\/\/antcube.shop\/fi\/wp-json\/wp\/v2\/product_cat?post=3174"},{"taxonomy":"product_tag","embeddable":true,"href":"https:\/\/antcube.shop\/fi\/wp-json\/wp\/v2\/product_tag?post=3174"}],"curies":[{"name":"wp","href":"https:\/\/api.w.org\/{rel}","templated":true}]}}