{"id":3167,"date":"2021-11-08T10:47:42","date_gmt":"2021-11-08T09:47:42","guid":{"rendered":"https:\/\/antcube.shop\/produkt\/glaswanne-40x20\/"},"modified":"2026-04-01T09:55:46","modified_gmt":"2026-04-01T07:55:46","slug":"glaswanne-40x20","status":"publish","type":"product","link":"https:\/\/antcube.shop\/fi\/tuote\/glaswanne-40x20\/","title":{"rendered":"Lasinen amme 40\u00d720"},"content":{"rendered":"<p><strong>Mitat:<\/strong> 42 x 22 x 2 cm<br \/>\n<strong>Sis\u00e4mitat:<\/strong> 41 x 21 x 1,6 cm<\/p>\n<p><strong>Sis\u00e4lt\u00f6:<\/strong><br \/>\n1x allas 42x22x2 cm, valmistettu 4mm float-lasista.<\/p>\n<p><strong>Kuvaus:<\/strong><br \/>\nLasisessa ammeessa ei ole reiki\u00e4, se on liimattu vedenpit\u00e4v\u00e4ksi ja voidaan siksi t\u00e4ytt\u00e4\u00e4 my\u00f6s vedell\u00e4. Se on suunniteltu Ytong-pesillemme muurahaisia varten. Niit\u00e4 voidaan helposti kastella ja siirt\u00e4\u00e4 ilman, ett\u00e4 vett\u00e4 p\u00e4\u00e4see alapinnalle (p\u00f6yd\u00e4lle, kaapille jne.) tai ett\u00e4 karkea Ytong naarmuttaa alapintoja. Vaihtoehtoisesti eri pes\u00e4t voidaan sijoittaa keskelle saarekkeeksi.<\/p>\n<p>&nbsp;<\/p>","protected":false},"excerpt":{"rendered":"<p>Lasiamme Ytongin pes\u00e4 areenalla 40\u00d720<\/p>","protected":false},"featured_media":3007,"comment_status":"open","ping_status":"closed","template":"","meta":{"_acf_changed":false,"content-type":"","_monsterinsights_skip_tracking":false,"_monsterinsights_sitenote_active":false,"_monsterinsights_sitenote_note":"","_monsterinsights_sitenote_category":0},"product_brand":[],"product_cat":[119,239],"product_tag":[],"class_list":{"0":"post-3167","1":"product","2":"type-product","3":"status-publish","4":"has-post-thumbnail","6":"product_cat-formicarium-components","7":"product_cat-useful-additions","9":"first","10":"instock","11":"taxable","12":"shipping-taxable","13":"purchasable","14":"product-type-simple"},"acf":[],"aioseo_notices":[],"jetpack_sharing_enabled":true,"_links":{"self":[{"href":"https:\/\/antcube.shop\/fi\/wp-json\/wp\/v2\/product\/3167","targetHints":{"allow":["GET"]}}],"collection":[{"href":"https:\/\/antcube.shop\/fi\/wp-json\/wp\/v2\/product"}],"about":[{"href":"https:\/\/antcube.shop\/fi\/wp-json\/wp\/v2\/types\/product"}],"replies":[{"embeddable":true,"href":"https:\/\/antcube.shop\/fi\/wp-json\/wp\/v2\/comments?post=3167"}],"wp:featuredmedia":[{"embeddable":true,"href":"https:\/\/antcube.shop\/fi\/wp-json\/wp\/v2\/media\/3007"}],"wp:attachment":[{"href":"https:\/\/antcube.shop\/fi\/wp-json\/wp\/v2\/media?parent=3167"}],"wp:term":[{"taxonomy":"product_brand","embeddable":true,"href":"https:\/\/antcube.shop\/fi\/wp-json\/wp\/v2\/product_brand?post=3167"},{"taxonomy":"product_cat","embeddable":true,"href":"https:\/\/antcube.shop\/fi\/wp-json\/wp\/v2\/product_cat?post=3167"},{"taxonomy":"product_tag","embeddable":true,"href":"https:\/\/antcube.shop\/fi\/wp-json\/wp\/v2\/product_tag?post=3167"}],"curies":[{"name":"wp","href":"https:\/\/api.w.org\/{rel}","templated":true}]}}