{"id":3166,"date":"2021-11-08T10:47:34","date_gmt":"2021-11-08T09:47:34","guid":{"rendered":"https:\/\/antcube.shop\/produkt\/fotoruckwand-wiese-20x20-cube\/"},"modified":"2026-04-05T10:26:19","modified_gmt":"2026-04-05T08:26:19","slug":"fotoruckwand-wiese-20x20-kuutio","status":"publish","type":"product","link":"https:\/\/antcube.shop\/fi\/tuote\/fotoruckwand-wiese-20x20-kuutio\/","title":{"rendered":"Valokuvien taustasein\u00e4 - Niitty - 20\u00d720 - Kuutio"},"content":{"rendered":"<p><strong>Mitat:<\/strong> 20x20cm<\/p>\n<p><strong>Materiaali:<\/strong> Kiilt\u00e4v\u00e4 foliopaperi<\/p>\n<p><strong>Sis\u00e4lt\u00f6:<\/strong> 1x valokuvan takasein\u00e4<\/p>\n<p><strong>Kuvaus:<\/strong> T\u00e4m\u00e4 valokuvan takasein\u00e4 on liimattu formikaarion takaosaan ulkopuolelta, jotta saadaan aikaan vaikutelma muurahaisten luonnollista elinymp\u00e4rist\u00f6\u00e4 vastaavasta ymp\u00e4rist\u00f6st\u00e4.<\/p>","protected":false},"excerpt":{"rendered":"<p>Mitat: 20x20cm\r\n\r\nMateriaali: Materiaali: kiilt\u00e4v\u00e4 foliopaperi\r\n\r\nSis\u00e4lt\u00f6: 1x valokuva takasein\u00e4\r\n\r\nKuvaus: T\u00e4m\u00e4 valokuvallinen taustasein\u00e4 liimataan formikariumin takaosaan ulkopuolelta antamaan vaikutelman ymp\u00e4rist\u00f6st\u00e4, joka vastaa muurahaisten luonnollista elinymp\u00e4rist\u00f6\u00e4.<\/p>","protected":false},"featured_media":3134,"comment_status":"open","ping_status":"closed","template":"","meta":{"_acf_changed":false,"content-type":"","_monsterinsights_skip_tracking":false,"_monsterinsights_sitenote_active":false,"_monsterinsights_sitenote_note":"","_monsterinsights_sitenote_category":0},"product_brand":[],"product_cat":[97,103],"product_tag":[],"class_list":{"0":"post-3166","1":"product","2":"type-product","3":"status-publish","4":"has-post-thumbnail","6":"product_cat-photo-backwalls","7":"product_cat-meadow-photo-backwall","9":"first","10":"instock","11":"taxable","12":"shipping-taxable","13":"purchasable","14":"product-type-simple"},"acf":[],"aioseo_notices":[],"jetpack_sharing_enabled":true,"_links":{"self":[{"href":"https:\/\/antcube.shop\/fi\/wp-json\/wp\/v2\/product\/3166","targetHints":{"allow":["GET"]}}],"collection":[{"href":"https:\/\/antcube.shop\/fi\/wp-json\/wp\/v2\/product"}],"about":[{"href":"https:\/\/antcube.shop\/fi\/wp-json\/wp\/v2\/types\/product"}],"replies":[{"embeddable":true,"href":"https:\/\/antcube.shop\/fi\/wp-json\/wp\/v2\/comments?post=3166"}],"wp:featuredmedia":[{"embeddable":true,"href":"https:\/\/antcube.shop\/fi\/wp-json\/wp\/v2\/media\/3134"}],"wp:attachment":[{"href":"https:\/\/antcube.shop\/fi\/wp-json\/wp\/v2\/media?parent=3166"}],"wp:term":[{"taxonomy":"product_brand","embeddable":true,"href":"https:\/\/antcube.shop\/fi\/wp-json\/wp\/v2\/product_brand?post=3166"},{"taxonomy":"product_cat","embeddable":true,"href":"https:\/\/antcube.shop\/fi\/wp-json\/wp\/v2\/product_cat?post=3166"},{"taxonomy":"product_tag","embeddable":true,"href":"https:\/\/antcube.shop\/fi\/wp-json\/wp\/v2\/product_tag?post=3166"}],"curies":[{"name":"wp","href":"https:\/\/api.w.org\/{rel}","templated":true}]}}