{"id":3163,"date":"2021-11-08T10:47:09","date_gmt":"2021-11-08T09:47:09","guid":{"rendered":"https:\/\/antcube.shop\/produkt\/fotoruckwand-wuste-20x20-cube\/"},"modified":"2026-04-04T21:33:16","modified_gmt":"2026-04-04T19:33:16","slug":"fotoruckwand-wuste-20x20-kuutio","status":"publish","type":"product","link":"https:\/\/antcube.shop\/fi\/tuote\/fotoruckwand-wuste-20x20-kuutio\/","title":{"rendered":"Valokuvan taustasein\u00e4 - Aavikko - 20\u00d720"},"content":{"rendered":"<p><strong>Mitat:<\/strong> 20x20cm<\/p>\n<p><strong>Materiaali:<\/strong> Kiilt\u00e4v\u00e4 foliopaperi<\/p>\n<p><strong>Sis\u00e4lt\u00f6:<\/strong> 1x valokuvan takasein\u00e4<\/p>\n<p><strong>Kuvaus:<\/strong> T\u00e4m\u00e4 valokuvan takasein\u00e4 on liimattu formikaarion takaosaan ulkopuolelta, jotta saadaan aikaan vaikutelma muurahaisten luonnollista elinymp\u00e4rist\u00f6\u00e4 vastaavasta ymp\u00e4rist\u00f6st\u00e4.<\/p>","protected":false},"excerpt":{"rendered":"<p>Mitat: 20x20cm\r\n\r\nMateriaali: Materiaali: kiilt\u00e4v\u00e4 foliopaperi\r\n\r\nSis\u00e4lt\u00f6: 1x valokuva takasein\u00e4\r\n\r\nKuvaus: T\u00e4m\u00e4 valokuvallinen taustasein\u00e4 liimataan formikariumin takaosaan ulkopuolelta antamaan vaikutelman ymp\u00e4rist\u00f6st\u00e4, joka vastaa muurahaisten luonnollista elinymp\u00e4rist\u00f6\u00e4.<\/p>","protected":false},"featured_media":3132,"comment_status":"open","ping_status":"closed","template":"","meta":{"_acf_changed":false,"content-type":"","_monsterinsights_skip_tracking":false,"_monsterinsights_sitenote_active":false,"_monsterinsights_sitenote_note":"","_monsterinsights_sitenote_category":0},"product_brand":[],"product_cat":[97,104],"product_tag":[],"class_list":{"0":"post-3163","1":"product","2":"type-product","3":"status-publish","4":"has-post-thumbnail","6":"product_cat-photo-backwalls","7":"product_cat-desert-photo-backwall","9":"first","10":"instock","11":"taxable","12":"shipping-taxable","13":"purchasable","14":"product-type-simple"},"acf":[],"aioseo_notices":[],"jetpack_sharing_enabled":true,"_links":{"self":[{"href":"https:\/\/antcube.shop\/fi\/wp-json\/wp\/v2\/product\/3163","targetHints":{"allow":["GET"]}}],"collection":[{"href":"https:\/\/antcube.shop\/fi\/wp-json\/wp\/v2\/product"}],"about":[{"href":"https:\/\/antcube.shop\/fi\/wp-json\/wp\/v2\/types\/product"}],"replies":[{"embeddable":true,"href":"https:\/\/antcube.shop\/fi\/wp-json\/wp\/v2\/comments?post=3163"}],"wp:featuredmedia":[{"embeddable":true,"href":"https:\/\/antcube.shop\/fi\/wp-json\/wp\/v2\/media\/3132"}],"wp:attachment":[{"href":"https:\/\/antcube.shop\/fi\/wp-json\/wp\/v2\/media?parent=3163"}],"wp:term":[{"taxonomy":"product_brand","embeddable":true,"href":"https:\/\/antcube.shop\/fi\/wp-json\/wp\/v2\/product_brand?post=3163"},{"taxonomy":"product_cat","embeddable":true,"href":"https:\/\/antcube.shop\/fi\/wp-json\/wp\/v2\/product_cat?post=3163"},{"taxonomy":"product_tag","embeddable":true,"href":"https:\/\/antcube.shop\/fi\/wp-json\/wp\/v2\/product_tag?post=3163"}],"curies":[{"name":"wp","href":"https:\/\/api.w.org\/{rel}","templated":true}]}}