{"id":3162,"date":"2021-11-08T10:46:52","date_gmt":"2021-11-08T09:46:52","guid":{"rendered":"https:\/\/antcube.shop\/produkt\/antcube-eck-plattform-8x8-magnet\/"},"modified":"2026-04-04T16:23:14","modified_gmt":"2026-04-04T14:23:14","slug":"antcube-eck-alusta-8x8-magneetti","status":"publish","type":"product","link":"https:\/\/antcube.shop\/fi\/tuote\/antcube-eck-alusta-8x8-magneetti\/","title":{"rendered":"ANTCUBE kulma-alusta 8\u00d78 - magneettinen"},"content":{"rendered":"<p><strong>Mitat:<\/strong> 80 x 80 x 22 mm<\/p>\n<p><strong>Materiaali:<\/strong> akryylilasi<\/p>\n<p><strong>V\u00e4ri:<\/strong> l\u00e4pin\u00e4kyv\u00e4<\/p>\n<p><strong>Sis\u00e4lt\u00f6:<\/strong> 1 kpl. (3 osaa)<\/p>\n<p><strong>Kuvaus:<\/strong><br \/>\nANTCUBE-kulma-alusta 8\u00d78 - magneettinen voidaan kiinnitt\u00e4\u00e4 magneettien avulla mihin tahansa formikaarioon. Se soveltuu erityisesti korkeampiin ANTCUBE-muotoisiin formikarioihimme ruokinta-, kulho- tai juoma-astioiden sijoittamiseen.<br \/>\nANTCUBE Corner Platform 8\u00d78 - Magnetic voidaan siirt\u00e4\u00e4 haluttuun korkeuteen tai syvyyteen kiinnitt\u00e4m\u00e4ll\u00e4 se ulkopuolelta magneettien avulla.<\/p>\n<p><strong>Ilmoitus:<\/strong><br \/>\nValmistusprosessista johtuen magneetin osissa voi olla pieni\u00e4 tai keskisuuria halkeamia.<\/p>\n<p>&nbsp;<\/p>","protected":false},"excerpt":{"rendered":"<p>Mitat: V\u00e4ri: l\u00e4pin\u00e4kyv\u00e4 Sis\u00e4lt\u00f6: 80 x 80 x 22 mm Materiaali: akryylilasi V\u00e4ri: l\u00e4pin\u00e4kyv\u00e4 Sis\u00e4lt\u00f6: 80 x 80 x 22 mm: Kuvaus: 1 kpl (3 osaa): ANTCUBE kulma-alusta 8x8 - magneettinen voidaan kiinnitt\u00e4\u00e4 magneettien avulla mihin tahansa formikaarioon. Se soveltuu erityisesti korkeampiin ANTCUBE-formikarioihimme, jotta siihen voidaan sijoittaa ruokinta-, kulho- tai juoma-astioita. Osoitteessa","protected":false},"featured_media":3140,"comment_status":"open","ping_status":"closed","template":"","meta":{"_acf_changed":false,"content-type":"","_monsterinsights_skip_tracking":false,"_monsterinsights_sitenote_active":false,"_monsterinsights_sitenote_note":"","_monsterinsights_sitenote_category":0},"product_brand":[],"product_cat":[119,239],"product_tag":[],"class_list":{"0":"post-3162","1":"product","2":"type-product","3":"status-publish","4":"has-post-thumbnail","6":"product_cat-formicarium-components","7":"product_cat-useful-additions","9":"first","10":"instock","11":"taxable","12":"shipping-taxable","13":"purchasable","14":"product-type-simple"},"acf":[],"aioseo_notices":[],"jetpack_sharing_enabled":true,"_links":{"self":[{"href":"https:\/\/antcube.shop\/fi\/wp-json\/wp\/v2\/product\/3162","targetHints":{"allow":["GET"]}}],"collection":[{"href":"https:\/\/antcube.shop\/fi\/wp-json\/wp\/v2\/product"}],"about":[{"href":"https:\/\/antcube.shop\/fi\/wp-json\/wp\/v2\/types\/product"}],"replies":[{"embeddable":true,"href":"https:\/\/antcube.shop\/fi\/wp-json\/wp\/v2\/comments?post=3162"}],"wp:featuredmedia":[{"embeddable":true,"href":"https:\/\/antcube.shop\/fi\/wp-json\/wp\/v2\/media\/3140"}],"wp:attachment":[{"href":"https:\/\/antcube.shop\/fi\/wp-json\/wp\/v2\/media?parent=3162"}],"wp:term":[{"taxonomy":"product_brand","embeddable":true,"href":"https:\/\/antcube.shop\/fi\/wp-json\/wp\/v2\/product_brand?post=3162"},{"taxonomy":"product_cat","embeddable":true,"href":"https:\/\/antcube.shop\/fi\/wp-json\/wp\/v2\/product_cat?post=3162"},{"taxonomy":"product_tag","embeddable":true,"href":"https:\/\/antcube.shop\/fi\/wp-json\/wp\/v2\/product_tag?post=3162"}],"curies":[{"name":"wp","href":"https:\/\/api.w.org\/{rel}","templated":true}]}}