{"id":3161,"date":"2021-11-08T10:46:44","date_gmt":"2021-11-08T09:46:44","guid":{"rendered":"https:\/\/antcube.shop\/produkt\/malvenbluten-100g-getrocknet\/"},"modified":"2026-04-02T17:28:49","modified_gmt":"2026-04-02T15:28:49","slug":"malvenbluten-100g-getrocknet","status":"publish","type":"product","link":"https:\/\/antcube.shop\/fi\/tuote\/malvenbluten-100g-getrocknet\/","title":{"rendered":"Malvan kukat 100g - kuivatut"},"content":{"rendered":"<p><strong>Sis\u00e4lt\u00f6:<\/strong><br \/>\n100 g kuivattuja malvan kukkia<\/p>\n<p><strong>Kuvaus:<\/strong><br \/>\nMalvan kukat sieni\u00e4 kasvattavien muurahaislajien kasvualustana. Se on puhtaasti luonnontuote.<\/p>\n<p><strong>K\u00e4ytt\u00f6:<\/strong><br \/>\nMalvan kukat = sieni\u00e4 kasvattaville muurahaislajeille.<br \/>\nKuivat kukat toimivat vain kasvualustana lehtileikkurimuurahaisten sienille (on suositeltavaa tarjota samalla tuoreita lehti\u00e4 kosteusvoiteeksi).<br \/>\nAseta ruokittavat kukat yksinkertaisesti kuivaruokakammioon.<\/p>\n<p><strong>Varastointi:<\/strong><br \/>\nKuivassa ymp\u00e4rist\u00f6ss\u00e4<\/p>\n<p><strong>Sis\u00e4lt\u00e4\u00e4:<\/strong><br \/>\n100% kuivatut malvan kukat<\/p>","protected":false},"excerpt":{"rendered":"<p>Sis\u00e4lt\u00f6: Kuvaus: 100g kuivattuja malvan kukkia: Malvan kukat sienest\u00e4vien muurahaislajien kasvualustana. Se on puhtaasti luonnontuote. K\u00e4ytt\u00f6: Malvan kukat = sieni\u00e4 kasvattaville muurahaislajeille. Kuivat kukat toimivat vain lehtileikkurimuurahaisten sienen kasvualustana (tarjoamalla samalla tuoreita lehti\u00e4 kosteusvoiteena [...]","protected":false},"featured_media":5483,"comment_status":"open","ping_status":"closed","template":"","meta":{"_acf_changed":false,"content-type":"","_monsterinsights_skip_tracking":false,"_monsterinsights_sitenote_active":false,"_monsterinsights_sitenote_note":"","_monsterinsights_sitenote_category":0},"product_brand":[],"product_cat":[115,116],"product_tag":[],"class_list":{"0":"post-3161","1":"product","2":"type-product","3":"status-publish","4":"has-post-thumbnail","6":"product_cat-food-and-feeding","7":"product_cat-food","9":"first","10":"instock","11":"taxable","12":"shipping-taxable","13":"purchasable","14":"product-type-simple"},"acf":[],"aioseo_notices":[],"jetpack_sharing_enabled":true,"_links":{"self":[{"href":"https:\/\/antcube.shop\/fi\/wp-json\/wp\/v2\/product\/3161","targetHints":{"allow":["GET"]}}],"collection":[{"href":"https:\/\/antcube.shop\/fi\/wp-json\/wp\/v2\/product"}],"about":[{"href":"https:\/\/antcube.shop\/fi\/wp-json\/wp\/v2\/types\/product"}],"replies":[{"embeddable":true,"href":"https:\/\/antcube.shop\/fi\/wp-json\/wp\/v2\/comments?post=3161"}],"wp:featuredmedia":[{"embeddable":true,"href":"https:\/\/antcube.shop\/fi\/wp-json\/wp\/v2\/media\/5483"}],"wp:attachment":[{"href":"https:\/\/antcube.shop\/fi\/wp-json\/wp\/v2\/media?parent=3161"}],"wp:term":[{"taxonomy":"product_brand","embeddable":true,"href":"https:\/\/antcube.shop\/fi\/wp-json\/wp\/v2\/product_brand?post=3161"},{"taxonomy":"product_cat","embeddable":true,"href":"https:\/\/antcube.shop\/fi\/wp-json\/wp\/v2\/product_cat?post=3161"},{"taxonomy":"product_tag","embeddable":true,"href":"https:\/\/antcube.shop\/fi\/wp-json\/wp\/v2\/product_tag?post=3161"}],"curies":[{"name":"wp","href":"https:\/\/api.w.org\/{rel}","templated":true}]}}